{"id":19614,"date":"2021-07-19T17:15:17","date_gmt":"2021-07-19T17:15:17","guid":{"rendered":"https:\/\/www.mdxone.com\/?page_id=19614"},"modified":"2025-07-22T16:48:50","modified_gmt":"2025-07-22T20:48:50","slug":"about-mdxone","status":"publish","type":"page","link":"https:\/\/www.mdxone.com\/fr\/about-mdxone\/","title":{"rendered":"\u00c0 propos de MDXONE"},"content":{"rendered":"<div class=\"wp-block-columns is-layout-flex wp-container-core-columns-is-layout-9d6595d7 wp-block-columns-is-layout-flex\">\n<div class=\"wp-block-column is-layout-flow wp-block-column-is-layout-flow\">\n<p>MDXONE est une fi\u00e8re entreprise familiale canadienne, fond\u00e9e en 2013 avec un objectif en t\u00eate - rendre le snowboard accessible et amusant pour les jeunes enfants et leurs familles. Ce qui a commenc\u00e9 comme la mission d'un parent pour apprendre \u00e0 son enfant \u00e0 faire du snowboard en toute s\u00e9curit\u00e9 s'est transform\u00e9 en un produit mondialement reconnu : le premier et le seul v\u00e9ritable harnais sp\u00e9cifique au snowboard au monde.<\/p>\n\n\n\n<p>N\u00e9 d'une passion pour le snowboard et l'aventure en famille, MDXONE est aujourd'hui reconnu par les \u00e9coles de neige, les moniteurs et les parents du monde entier. Notre \u00e9quipement innovant permet m\u00eame aux plus jeunes de s'amuser en toute s\u00e9curit\u00e9 - car s'ils peuvent marcher, ils peuvent rider !<\/p>\n\n\n\n<p>Fi\u00e8rement soutenus par l'Association canadienne des moniteurs de surf des neiges (ACMS) et Canada Snowboard, nous continuons \u00e0 partager notre amour du sport tout en aidant les familles \u00e0 cr\u00e9er des souvenirs inoubliables sur les pentes.<\/p>\n\n\n\n<p>D\u00e9veloppons le snowboard - ensemble, en tant que communaut\u00e9.<\/p>\n\n\n\n<p>Distributeurs en Europe, au Japon, en Chine et en Cor\u00e9e du Sud, directement au Canada et aux \u00c9tats-Unis.<\/p>\n\n\n\n<p>Hawkesbury, ON, Canada<br><\/p>\n<\/div>\n\n\n\n<div class=\"wp-block-column is-layout-flow wp-block-column-is-layout-flow\">\n<figure class=\"wp-block-image size-large rounded-mdx object-cover\"><img fetchpriority=\"high\" decoding=\"async\" width=\"1024\" height=\"1018\" src=\"https:\/\/www.mdxone.com\/wp-content\/uploads\/2021\/08\/20211101_123521610_iOS-1024x1018.jpg\" alt=\"\" class=\"wp-image-21659\" style=\"aspect-ratio:1;object-fit:cover\" srcset=\"https:\/\/www.mdxone.com\/wp-content\/uploads\/2021\/08\/20211101_123521610_iOS-1024x1018.jpg 1024w, https:\/\/www.mdxone.com\/wp-content\/uploads\/2021\/08\/20211101_123521610_iOS-400x398.jpg 400w, https:\/\/www.mdxone.com\/wp-content\/uploads\/2021\/08\/20211101_123521610_iOS-600x596.jpg 600w, https:\/\/www.mdxone.com\/wp-content\/uploads\/2021\/08\/20211101_123521610_iOS-300x298.jpg 300w, https:\/\/www.mdxone.com\/wp-content\/uploads\/2021\/08\/20211101_123521610_iOS-150x150.jpg 150w, https:\/\/www.mdxone.com\/wp-content\/uploads\/2021\/08\/20211101_123521610_iOS-768x764.jpg 768w, https:\/\/www.mdxone.com\/wp-content\/uploads\/2021\/08\/20211101_123521610_iOS-1536x1527.jpg 1536w, https:\/\/www.mdxone.com\/wp-content\/uploads\/2021\/08\/20211101_123521610_iOS-12x12.jpg 12w, https:\/\/www.mdxone.com\/wp-content\/uploads\/2021\/08\/20211101_123521610_iOS-100x100.jpg 100w, https:\/\/www.mdxone.com\/wp-content\/uploads\/2021\/08\/20211101_123521610_iOS-50x50.jpg 50w, https:\/\/www.mdxone.com\/wp-content\/uploads\/2021\/08\/20211101_123521610_iOS.jpg 2048w\" sizes=\"(max-width: 1024px) 100vw, 1024px\" \/><\/figure>\n<\/div>\n<\/div>","protected":false},"excerpt":{"rendered":"<p>MDXONE is a proud Canadian family business, founded in 2013 with one goal in mind \u2014 to make snowboarding accessible and fun for young children and their families. What began as a parent\u2019s mission to safely teach their child to snowboard has grown into a globally recognized product: the first and only true snowboard-specific harness [&hellip;]<\/p>\n","protected":false},"author":37,"featured_media":0,"parent":0,"menu_order":0,"comment_status":"closed","ping_status":"closed","template":"","meta":{"_acf_changed":false,"inline_featured_image":false,"advgb_blocks_editor_width":"","advgb_blocks_columns_visual_guide":"","footnotes":""},"class_list":["post-19614","page","type-page","status-publish","hentry"],"acf":[],"yoast_head":"<!-- This site is optimized with the Yoast SEO plugin v27.4 - https:\/\/yoast.com\/product\/yoast-seo-wordpress\/ -->\n<title>About Us | Your Supplier of Kid&#039;s Snowboard and Harness<\/title>\n<meta name=\"description\" content=\"MDXONE is your reliable supplier of kid&#039;s snowboard and harness. We strive to provide the best and safest snow gear for your young riders!\" \/>\n<meta name=\"robots\" content=\"index, follow, max-snippet:-1, max-image-preview:large, max-video-preview:-1\" \/>\n<link rel=\"canonical\" href=\"https:\/\/www.mdxone.com\/fr\/about-mdxone\/\" \/>\n<meta property=\"og:locale\" content=\"fr_CA\" \/>\n<meta property=\"og:type\" content=\"article\" \/>\n<meta property=\"og:title\" content=\"About Us | Your Supplier of Kid&#039;s Snowboard and Harness\" \/>\n<meta property=\"og:description\" content=\"MDXONE is your reliable supplier of kid&#039;s snowboard and harness. We strive to provide the best and safest snow gear for your young riders!\" \/>\n<meta property=\"og:url\" content=\"https:\/\/www.mdxone.com\/fr\/about-mdxone\/\" \/>\n<meta property=\"og:site_name\" content=\"MDXOne\" \/>\n<meta property=\"article:publisher\" content=\"https:\/\/www.facebook.com\/Mdxone-148452148682708\/\" \/>\n<meta property=\"article:modified_time\" content=\"2025-07-22T20:48:50+00:00\" \/>\n<meta property=\"og:image\" content=\"https:\/\/www.mdxone.com\/wp-content\/uploads\/2021\/08\/20211101_123521610_iOS.jpg\" \/>\n\t<meta property=\"og:image:width\" content=\"2048\" \/>\n\t<meta property=\"og:image:height\" content=\"2036\" \/>\n\t<meta property=\"og:image:type\" content=\"image\/jpeg\" \/>\n<meta name=\"twitter:card\" content=\"summary_large_image\" \/>\n<meta name=\"twitter:site\" content=\"@mdxone\" \/>\n<meta name=\"twitter:label1\" content=\"Estimation du temps de lecture\" \/>\n\t<meta name=\"twitter:data1\" content=\"1 minute\" \/>\n<script type=\"application\/ld+json\" class=\"yoast-schema-graph\">{\"@context\":\"https:\\\/\\\/schema.org\",\"@graph\":[{\"@type\":\"WebPage\",\"@id\":\"https:\\\/\\\/www.mdxone.com\\\/about-mdxone\\\/\",\"url\":\"https:\\\/\\\/www.mdxone.com\\\/about-mdxone\\\/\",\"name\":\"About Us | Your Supplier of Kid's Snowboard and Harness\",\"isPartOf\":{\"@id\":\"https:\\\/\\\/www.mdxone.com\\\/en\\\/#website\"},\"primaryImageOfPage\":{\"@id\":\"https:\\\/\\\/www.mdxone.com\\\/about-mdxone\\\/#primaryimage\"},\"image\":{\"@id\":\"https:\\\/\\\/www.mdxone.com\\\/about-mdxone\\\/#primaryimage\"},\"thumbnailUrl\":\"https:\\\/\\\/www.mdxone.com\\\/wp-content\\\/uploads\\\/2021\\\/08\\\/20211101_123521610_iOS-1024x1018.jpg\",\"datePublished\":\"2021-07-19T17:15:17+00:00\",\"dateModified\":\"2025-07-22T20:48:50+00:00\",\"description\":\"MDXONE is your reliable supplier of kid's snowboard and harness. We strive to provide the best and safest snow gear for your young riders!\",\"breadcrumb\":{\"@id\":\"https:\\\/\\\/www.mdxone.com\\\/about-mdxone\\\/#breadcrumb\"},\"inLanguage\":\"fr-CA\",\"potentialAction\":[{\"@type\":\"ReadAction\",\"target\":[\"https:\\\/\\\/www.mdxone.com\\\/about-mdxone\\\/\"]}]},{\"@type\":\"ImageObject\",\"inLanguage\":\"fr-CA\",\"@id\":\"https:\\\/\\\/www.mdxone.com\\\/about-mdxone\\\/#primaryimage\",\"url\":\"https:\\\/\\\/www.mdxone.com\\\/wp-content\\\/uploads\\\/2021\\\/08\\\/20211101_123521610_iOS-1024x1018.jpg\",\"contentUrl\":\"https:\\\/\\\/www.mdxone.com\\\/wp-content\\\/uploads\\\/2021\\\/08\\\/20211101_123521610_iOS-1024x1018.jpg\"},{\"@type\":\"BreadcrumbList\",\"@id\":\"https:\\\/\\\/www.mdxone.com\\\/about-mdxone\\\/#breadcrumb\",\"itemListElement\":[{\"@type\":\"ListItem\",\"position\":1,\"name\":\"Home\",\"item\":\"https:\\\/\\\/www.mdxone.com\\\/\"},{\"@type\":\"ListItem\",\"position\":2,\"name\":\"About MDXONE\"}]},{\"@type\":\"WebSite\",\"@id\":\"https:\\\/\\\/www.mdxone.com\\\/en\\\/#website\",\"url\":\"https:\\\/\\\/www.mdxone.com\\\/en\\\/\",\"name\":\"MDXOne\",\"description\":\"\",\"publisher\":{\"@id\":\"https:\\\/\\\/www.mdxone.com\\\/en\\\/#organization\"},\"potentialAction\":[{\"@type\":\"SearchAction\",\"target\":{\"@type\":\"EntryPoint\",\"urlTemplate\":\"https:\\\/\\\/www.mdxone.com\\\/en\\\/?s={search_term_string}\"},\"query-input\":{\"@type\":\"PropertyValueSpecification\",\"valueRequired\":true,\"valueName\":\"search_term_string\"}}],\"inLanguage\":\"fr-CA\"},{\"@type\":\"Organization\",\"@id\":\"https:\\\/\\\/www.mdxone.com\\\/en\\\/#organization\",\"name\":\"MDXONE\",\"url\":\"https:\\\/\\\/www.mdxone.com\\\/en\\\/\",\"logo\":{\"@type\":\"ImageObject\",\"inLanguage\":\"fr-CA\",\"@id\":\"https:\\\/\\\/www.mdxone.com\\\/en\\\/#\\\/schema\\\/logo\\\/image\\\/\",\"url\":\"https:\\\/\\\/i0.wp.com\\\/www.mdxone.com\\\/wp-content\\\/uploads\\\/2023\\\/10\\\/cropped-MDXONE-favicon.png?fit=512%2C512&ssl=1\",\"contentUrl\":\"https:\\\/\\\/i0.wp.com\\\/www.mdxone.com\\\/wp-content\\\/uploads\\\/2023\\\/10\\\/cropped-MDXONE-favicon.png?fit=512%2C512&ssl=1\",\"width\":512,\"height\":512,\"caption\":\"MDXONE\"},\"image\":{\"@id\":\"https:\\\/\\\/www.mdxone.com\\\/en\\\/#\\\/schema\\\/logo\\\/image\\\/\"},\"sameAs\":[\"https:\\\/\\\/www.facebook.com\\\/Mdxone-148452148682708\\\/\",\"https:\\\/\\\/x.com\\\/mdxone\"]}]}<\/script>\n<!-- \/ Yoast SEO plugin. -->","yoast_head_json":{"title":"A propos de nous | Votre fournisseur de harnais et de snowboards pour enfants","description":"MDXONE est votre fournisseur fiable de snowboards et de harnais pour enfants. Nous nous effor\u00e7ons de fournir le meilleur et le plus s\u00fbr \u00e9quipement de neige pour vos jeunes riders !","robots":{"index":"index","follow":"follow","max-snippet":"max-snippet:-1","max-image-preview":"max-image-preview:large","max-video-preview":"max-video-preview:-1"},"canonical":"https:\/\/www.mdxone.com\/fr\/about-mdxone\/","og_locale":"fr_CA","og_type":"article","og_title":"About Us | Your Supplier of Kid's Snowboard and Harness","og_description":"MDXONE is your reliable supplier of kid's snowboard and harness. We strive to provide the best and safest snow gear for your young riders!","og_url":"https:\/\/www.mdxone.com\/fr\/about-mdxone\/","og_site_name":"MDXOne","article_publisher":"https:\/\/www.facebook.com\/Mdxone-148452148682708\/","article_modified_time":"2025-07-22T20:48:50+00:00","og_image":[{"width":2048,"height":2036,"url":"https:\/\/www.mdxone.com\/wp-content\/uploads\/2021\/08\/20211101_123521610_iOS.jpg","type":"image\/jpeg"}],"twitter_card":"summary_large_image","twitter_site":"@mdxone","twitter_misc":{"Estimation du temps de lecture":"1 minute"},"schema":{"@context":"https:\/\/schema.org","@graph":[{"@type":"WebPage","@id":"https:\/\/www.mdxone.com\/about-mdxone\/","url":"https:\/\/www.mdxone.com\/about-mdxone\/","name":"A propos de nous | Votre fournisseur de harnais et de snowboards pour enfants","isPartOf":{"@id":"https:\/\/www.mdxone.com\/en\/#website"},"primaryImageOfPage":{"@id":"https:\/\/www.mdxone.com\/about-mdxone\/#primaryimage"},"image":{"@id":"https:\/\/www.mdxone.com\/about-mdxone\/#primaryimage"},"thumbnailUrl":"https:\/\/www.mdxone.com\/wp-content\/uploads\/2021\/08\/20211101_123521610_iOS-1024x1018.jpg","datePublished":"2021-07-19T17:15:17+00:00","dateModified":"2025-07-22T20:48:50+00:00","description":"MDXONE est votre fournisseur fiable de snowboards et de harnais pour enfants. Nous nous effor\u00e7ons de fournir le meilleur et le plus s\u00fbr \u00e9quipement de neige pour vos jeunes riders !","breadcrumb":{"@id":"https:\/\/www.mdxone.com\/about-mdxone\/#breadcrumb"},"inLanguage":"fr-CA","potentialAction":[{"@type":"ReadAction","target":["https:\/\/www.mdxone.com\/about-mdxone\/"]}]},{"@type":"ImageObject","inLanguage":"fr-CA","@id":"https:\/\/www.mdxone.com\/about-mdxone\/#primaryimage","url":"https:\/\/www.mdxone.com\/wp-content\/uploads\/2021\/08\/20211101_123521610_iOS-1024x1018.jpg","contentUrl":"https:\/\/www.mdxone.com\/wp-content\/uploads\/2021\/08\/20211101_123521610_iOS-1024x1018.jpg"},{"@type":"BreadcrumbList","@id":"https:\/\/www.mdxone.com\/about-mdxone\/#breadcrumb","itemListElement":[{"@type":"ListItem","position":1,"name":"Home","item":"https:\/\/www.mdxone.com\/"},{"@type":"ListItem","position":2,"name":"About MDXONE"}]},{"@type":"WebSite","@id":"https:\/\/www.mdxone.com\/en\/#website","url":"https:\/\/www.mdxone.com\/en\/","name":"MDXOne","description":"","publisher":{"@id":"https:\/\/www.mdxone.com\/en\/#organization"},"potentialAction":[{"@type":"SearchAction","target":{"@type":"EntryPoint","urlTemplate":"https:\/\/www.mdxone.com\/en\/?s={search_term_string}"},"query-input":{"@type":"PropertyValueSpecification","valueRequired":true,"valueName":"search_term_string"}}],"inLanguage":"fr-CA"},{"@type":"Organization","@id":"https:\/\/www.mdxone.com\/en\/#organization","name":"MDXONE","url":"https:\/\/www.mdxone.com\/en\/","logo":{"@type":"ImageObject","inLanguage":"fr-CA","@id":"https:\/\/www.mdxone.com\/en\/#\/schema\/logo\/image\/","url":"https:\/\/i0.wp.com\/www.mdxone.com\/wp-content\/uploads\/2023\/10\/cropped-MDXONE-favicon.png?fit=512%2C512&ssl=1","contentUrl":"https:\/\/i0.wp.com\/www.mdxone.com\/wp-content\/uploads\/2023\/10\/cropped-MDXONE-favicon.png?fit=512%2C512&ssl=1","width":512,"height":512,"caption":"MDXONE"},"image":{"@id":"https:\/\/www.mdxone.com\/en\/#\/schema\/logo\/image\/"},"sameAs":["https:\/\/www.facebook.com\/Mdxone-148452148682708\/","https:\/\/x.com\/mdxone"]}]}},"coauthors":[],"author_meta":{"author_link":"https:\/\/www.mdxone.com\/fr\/author\/","display_name":""},"relative_dates":{"created":"Posted 5 ann\u00e9es ago","modified":"Updated 9 mois ago"},"absolute_dates":{"created":"Posted on juillet 19, 2021","modified":"Updated on juillet 22, 2025"},"absolute_dates_time":{"created":"Posted on juillet 19, 2021 5:15 pm","modified":"Updated on juillet 22, 2025 4:48 pm"},"featured_img_caption":"","featured_img":false,"series_order":"","_links":{"self":[{"href":"https:\/\/www.mdxone.com\/fr\/wp-json\/wp\/v2\/pages\/19614","targetHints":{"allow":["GET"]}}],"collection":[{"href":"https:\/\/www.mdxone.com\/fr\/wp-json\/wp\/v2\/pages"}],"about":[{"href":"https:\/\/www.mdxone.com\/fr\/wp-json\/wp\/v2\/types\/page"}],"author":[{"embeddable":true,"href":"https:\/\/www.mdxone.com\/fr\/wp-json\/wp\/v2\/users\/37"}],"replies":[{"embeddable":true,"href":"https:\/\/www.mdxone.com\/fr\/wp-json\/wp\/v2\/comments?post=19614"}],"version-history":[{"count":23,"href":"https:\/\/www.mdxone.com\/fr\/wp-json\/wp\/v2\/pages\/19614\/revisions"}],"predecessor-version":[{"id":23172,"href":"https:\/\/www.mdxone.com\/fr\/wp-json\/wp\/v2\/pages\/19614\/revisions\/23172"}],"wp:attachment":[{"href":"https:\/\/www.mdxone.com\/fr\/wp-json\/wp\/v2\/media?parent=19614"}],"curies":[{"name":"wp","href":"https:\/\/api.w.org\/{rel}","templated":true}]}}