{"id":22251,"date":"2024-09-05T15:52:33","date_gmt":"2024-09-05T19:52:33","guid":{"rendered":"https:\/\/www.mdxone.com\/?page_id=22251"},"modified":"2024-12-02T03:26:53","modified_gmt":"2024-12-02T08:26:53","slug":"outlet","status":"publish","type":"page","link":"https:\/\/www.mdxone.com\/fr\/outlet\/","title":{"rendered":"SORTIE"},"content":{"rendered":"\n<h2 class=\"wp-block-heading has-text-align-center has-text-color has-link-color has-x-large-font-size wp-elements-8fb5c0ad9eeca4601de146d2e49d29d3\" style=\"color:#b80909\"><strong>DEMO SALE!<\/strong><\/h2>\n\n\n\n<h2 class=\"wp-block-heading has-text-align-center has-cyan-bluish-gray-color has-text-color has-link-color wp-elements-8c8715ded69a8b2511e267afbf361e1d\"><strong>Looking for high-quality products at a fraction of the cost? Items used for trade show displays, condition like new, with discontinued color and logo<\/strong><strong style=\"font-size: inherit;\">. Get the same great performance and durability at a discounted price. Shop now and save!<\/strong><\/h2>\n\n\n<h3 style=\"text-align: center;\"><span style=\"color: #b80909;\"><strong>ALL OUTLET ITEMS ARE\u00a0FINAL SALE. NO RETURNS OR EXCHANGES.<\/strong><\/span><\/h3>\n\n\n<div class=\"wp-block-group has-medium-font-size is-nowrap is-layout-flex wp-container-core-group-is-layout-ad2f72ca wp-block-group-is-layout-flex advgb-dyn-a1267d75\"><div data-align-buttons=\"true\" data-block-name=\"woocommerce\/product-category\" data-categories=\"[239]\" data-columns=\"2\" data-content-visibility=\"{&quot;image&quot;:true,&quot;title&quot;:true,&quot;price&quot;:false,&quot;rating&quot;:false,&quot;button&quot;:false}\" data-rows=\"2\" data-stock-status=\"[&quot;&quot;,&quot;instock&quot;,&quot;outofstock&quot;,&quot;onbackorder&quot;]\" class=\"wc-block-grid wp-block-product-category wp-block-woocommerce-product-category wc-block-product-category has-2-columns has-multiple-rows has-aligned-buttons\"><ul class=\"wc-block-grid__products\"><li class=\"wc-block-grid__product\">\n\t\t\t\t<a href=\"https:\/\/www.mdxone.com\/fr\/produit\/snowboard-harness-outlet\/\" class=\"wc-block-grid__product-link\">\n\t\t\t\t\t\n\t\t\t\t\t<div class=\"wc-block-grid__product-image\"><img fetchpriority=\"high\" decoding=\"async\" width=\"400\" height=\"275\" src=\"https:\/\/www.mdxone.com\/wp-content\/uploads\/2023\/09\/ox.red.all-400x275.png\" class=\"attachment-woocommerce_thumbnail size-woocommerce_thumbnail\" alt=\"Snowboard Harness Outlet\" srcset=\"https:\/\/www.mdxone.com\/wp-content\/uploads\/2023\/09\/ox.red.all-400x275.png 400w, https:\/\/www.mdxone.com\/wp-content\/uploads\/2023\/09\/ox.red.all-600x413.png 600w, https:\/\/www.mdxone.com\/wp-content\/uploads\/2023\/09\/ox.red.all-300x207.png 300w, https:\/\/www.mdxone.com\/wp-content\/uploads\/2023\/09\/ox.red.all-1024x705.png 1024w, https:\/\/www.mdxone.com\/wp-content\/uploads\/2023\/09\/ox.red.all-768x529.png 768w, https:\/\/www.mdxone.com\/wp-content\/uploads\/2023\/09\/ox.red.all-1536x1058.png 1536w, https:\/\/www.mdxone.com\/wp-content\/uploads\/2023\/09\/ox.red.all-2048x1410.png 2048w, https:\/\/www.mdxone.com\/wp-content\/uploads\/2023\/09\/ox.red.all-18x12.png 18w\" sizes=\"(max-width: 400px) 100vw, 400px\" \/><\/div>\n\t\t\t\t\t<div class=\"wc-block-grid__product-title\">Snowboard Harness Outlet<\/div>\n\t\t\t\t<\/a>\n\t\t\t\t\n\t\t\t\t\n\t\t\t\t\n\t\t\t<\/li><li class=\"wc-block-grid__product\">\n\t\t\t\t<a href=\"https:\/\/www.mdxone.com\/fr\/produit\/ski-harness-copy\/\" class=\"wc-block-grid__product-link\">\n\t\t\t\t\t\n\t\t\t\t\t<div class=\"wc-block-grid__product-image\"><img decoding=\"async\" width=\"400\" height=\"272\" src=\"https:\/\/www.mdxone.com\/wp-content\/uploads\/2021\/07\/mini-OX.Red_.all_.2-400x272.png\" class=\"attachment-woocommerce_thumbnail size-woocommerce_thumbnail\" alt=\"Ski Harness Outlet\" srcset=\"https:\/\/www.mdxone.com\/wp-content\/uploads\/2021\/07\/mini-OX.Red_.all_.2-400x272.png 400w, https:\/\/www.mdxone.com\/wp-content\/uploads\/2021\/07\/mini-OX.Red_.all_.2-600x408.png 600w, https:\/\/www.mdxone.com\/wp-content\/uploads\/2021\/07\/mini-OX.Red_.all_.2-300x204.png 300w, https:\/\/www.mdxone.com\/wp-content\/uploads\/2021\/07\/mini-OX.Red_.all_.2-1024x697.png 1024w, https:\/\/www.mdxone.com\/wp-content\/uploads\/2021\/07\/mini-OX.Red_.all_.2-768x523.png 768w, https:\/\/www.mdxone.com\/wp-content\/uploads\/2021\/07\/mini-OX.Red_.all_.2-1536x1046.png 1536w, https:\/\/www.mdxone.com\/wp-content\/uploads\/2021\/07\/mini-OX.Red_.all_.2-2048x1394.png 2048w, https:\/\/www.mdxone.com\/wp-content\/uploads\/2021\/07\/mini-OX.Red_.all_.2-18x12.png 18w\" sizes=\"(max-width: 400px) 100vw, 400px\" \/><\/div>\n\t\t\t\t\t<div class=\"wc-block-grid__product-title\">Ski Harness Outlet<\/div>\n\t\t\t\t<\/a>\n\t\t\t\t\n\t\t\t\t\n\t\t\t\t\n\t\t\t<\/li><li class=\"wc-block-grid__product\">\n\t\t\t\t<a href=\"https:\/\/www.mdxone.com\/fr\/produit\/balaclavas-outlet\/\" class=\"wc-block-grid__product-link\">\n\t\t\t\t\t\n\t\t\t\t\t<div class=\"wc-block-grid__product-image\"><img decoding=\"async\" width=\"400\" height=\"400\" src=\"https:\/\/www.mdxone.com\/wp-content\/uploads\/2024\/09\/brown-400x400.jpeg\" class=\"attachment-woocommerce_thumbnail size-woocommerce_thumbnail\" alt=\"Balaclavas Outlet\" srcset=\"https:\/\/www.mdxone.com\/wp-content\/uploads\/2024\/09\/brown-400x400.jpeg 400w, https:\/\/www.mdxone.com\/wp-content\/uploads\/2024\/09\/brown-100x100.jpeg 100w, https:\/\/www.mdxone.com\/wp-content\/uploads\/2024\/09\/brown-600x600.jpeg 600w, https:\/\/www.mdxone.com\/wp-content\/uploads\/2024\/09\/brown-300x300.jpeg 300w, https:\/\/www.mdxone.com\/wp-content\/uploads\/2024\/09\/brown-150x150.jpeg 150w, https:\/\/www.mdxone.com\/wp-content\/uploads\/2024\/09\/brown-768x768.jpeg 768w, https:\/\/www.mdxone.com\/wp-content\/uploads\/2024\/09\/brown-12x12.jpeg 12w, https:\/\/www.mdxone.com\/wp-content\/uploads\/2024\/09\/brown-50x50.jpeg 50w, https:\/\/www.mdxone.com\/wp-content\/uploads\/2024\/09\/brown.jpeg 800w\" sizes=\"(max-width: 400px) 100vw, 400px\" \/><\/div>\n\t\t\t\t\t<div class=\"wc-block-grid__product-title\">Balaclavas Outlet<\/div>\n\t\t\t\t<\/a>\n\t\t\t\t\n\t\t\t\t\n\t\t\t\t\n\t\t\t<\/li><\/ul><\/div><\/div>\n","protected":false},"excerpt":{"rendered":"<p>SOLDE DE D\u00c9MO ! Vous recherchez des produits de haute qualit\u00e9 \u00e0 une fraction du prix ? Les articles utilis\u00e9s pour les expositions commerciales sont comme neufs, avec une couleur et un logo abandonn\u00e9s. Obtenez les m\u00eames performances et la m\u00eame durabilit\u00e9 \u00e0 un prix r\u00e9duit. Achetez maintenant et \u00e9conomisez ! TOUS LES ARTICLES DE VENTE SONT DES VENTES FINALES. PAS DE RETOUR NI D'\u00c9CHANGE.<\/p>","protected":false},"author":38,"featured_media":0,"parent":0,"menu_order":0,"comment_status":"closed","ping_status":"closed","template":"","meta":{"_acf_changed":false,"inline_featured_image":false,"advgb_blocks_editor_width":"","advgb_blocks_columns_visual_guide":"","footnotes":""},"class_list":["post-22251","page","type-page","status-publish","hentry"],"acf":[],"yoast_head":"<!-- This site is optimized with the Yoast SEO plugin v27.4 - https:\/\/yoast.com\/product\/yoast-seo-wordpress\/ -->\n<title>Outlet | Affordable Kid Snowboard Leash | MDXONE<\/title>\n<meta name=\"description\" content=\"Discover discounted kid snowboard leash and more at MDXONE. Affordable, quality options for your child\u2019s winter fun without compromising safety.\" \/>\n<meta name=\"robots\" content=\"index, follow, max-snippet:-1, max-image-preview:large, max-video-preview:-1\" \/>\n<link rel=\"canonical\" href=\"https:\/\/www.mdxone.com\/fr\/outlet\/\" \/>\n<meta property=\"og:locale\" content=\"fr_CA\" \/>\n<meta property=\"og:type\" content=\"article\" \/>\n<meta property=\"og:title\" content=\"Outlet | Affordable Kid Snowboard Leash | MDXONE\" \/>\n<meta property=\"og:description\" content=\"Discover discounted kid snowboard leash and more at MDXONE. Affordable, quality options for your child\u2019s winter fun without compromising safety.\" \/>\n<meta property=\"og:url\" content=\"https:\/\/www.mdxone.com\/fr\/outlet\/\" \/>\n<meta property=\"og:site_name\" content=\"MDXOne\" \/>\n<meta property=\"article:publisher\" content=\"https:\/\/www.facebook.com\/Mdxone-148452148682708\/\" \/>\n<meta property=\"article:modified_time\" content=\"2024-12-02T08:26:53+00:00\" \/>\n<meta name=\"twitter:card\" content=\"summary_large_image\" \/>\n<meta name=\"twitter:site\" content=\"@mdxone\" \/>\n<meta name=\"twitter:label1\" content=\"Estimation du temps de lecture\" \/>\n\t<meta name=\"twitter:data1\" content=\"1 minute\" \/>\n<script type=\"application\/ld+json\" class=\"yoast-schema-graph\">{\"@context\":\"https:\\\/\\\/schema.org\",\"@graph\":[{\"@type\":\"WebPage\",\"@id\":\"https:\\\/\\\/www.mdxone.com\\\/outlet\\\/\",\"url\":\"https:\\\/\\\/www.mdxone.com\\\/outlet\\\/\",\"name\":\"Outlet | Affordable Kid Snowboard Leash | MDXONE\",\"isPartOf\":{\"@id\":\"https:\\\/\\\/www.mdxone.com\\\/en\\\/#website\"},\"datePublished\":\"2024-09-05T19:52:33+00:00\",\"dateModified\":\"2024-12-02T08:26:53+00:00\",\"description\":\"Discover discounted kid snowboard leash and more at MDXONE. Affordable, quality options for your child\u2019s winter fun without compromising safety.\",\"breadcrumb\":{\"@id\":\"https:\\\/\\\/www.mdxone.com\\\/outlet\\\/#breadcrumb\"},\"inLanguage\":\"fr-CA\",\"potentialAction\":[{\"@type\":\"ReadAction\",\"target\":[\"https:\\\/\\\/www.mdxone.com\\\/outlet\\\/\"]}]},{\"@type\":\"BreadcrumbList\",\"@id\":\"https:\\\/\\\/www.mdxone.com\\\/outlet\\\/#breadcrumb\",\"itemListElement\":[{\"@type\":\"ListItem\",\"position\":1,\"name\":\"Home\",\"item\":\"https:\\\/\\\/www.mdxone.com\\\/\"},{\"@type\":\"ListItem\",\"position\":2,\"name\":\"OUTLET\"}]},{\"@type\":\"WebSite\",\"@id\":\"https:\\\/\\\/www.mdxone.com\\\/en\\\/#website\",\"url\":\"https:\\\/\\\/www.mdxone.com\\\/en\\\/\",\"name\":\"MDXOne\",\"description\":\"\",\"publisher\":{\"@id\":\"https:\\\/\\\/www.mdxone.com\\\/en\\\/#organization\"},\"potentialAction\":[{\"@type\":\"SearchAction\",\"target\":{\"@type\":\"EntryPoint\",\"urlTemplate\":\"https:\\\/\\\/www.mdxone.com\\\/en\\\/?s={search_term_string}\"},\"query-input\":{\"@type\":\"PropertyValueSpecification\",\"valueRequired\":true,\"valueName\":\"search_term_string\"}}],\"inLanguage\":\"fr-CA\"},{\"@type\":\"Organization\",\"@id\":\"https:\\\/\\\/www.mdxone.com\\\/en\\\/#organization\",\"name\":\"MDXONE\",\"url\":\"https:\\\/\\\/www.mdxone.com\\\/en\\\/\",\"logo\":{\"@type\":\"ImageObject\",\"inLanguage\":\"fr-CA\",\"@id\":\"https:\\\/\\\/www.mdxone.com\\\/en\\\/#\\\/schema\\\/logo\\\/image\\\/\",\"url\":\"https:\\\/\\\/i0.wp.com\\\/www.mdxone.com\\\/wp-content\\\/uploads\\\/2023\\\/10\\\/cropped-MDXONE-favicon.png?fit=512%2C512&ssl=1\",\"contentUrl\":\"https:\\\/\\\/i0.wp.com\\\/www.mdxone.com\\\/wp-content\\\/uploads\\\/2023\\\/10\\\/cropped-MDXONE-favicon.png?fit=512%2C512&ssl=1\",\"width\":512,\"height\":512,\"caption\":\"MDXONE\"},\"image\":{\"@id\":\"https:\\\/\\\/www.mdxone.com\\\/en\\\/#\\\/schema\\\/logo\\\/image\\\/\"},\"sameAs\":[\"https:\\\/\\\/www.facebook.com\\\/Mdxone-148452148682708\\\/\",\"https:\\\/\\\/x.com\\\/mdxone\"]}]}<\/script>\n<!-- \/ Yoast SEO plugin. -->","yoast_head_json":{"title":"Outlet | Laisse de snowboard pour enfant \u00e0 prix abordable | MDXONE","description":"D\u00e9couvrez des r\u00e9ductions sur les leashs de snowboard pour enfants et plus encore chez MDXONE. Des options abordables et de qualit\u00e9 pour le plaisir hivernal de votre enfant sans compromettre la s\u00e9curit\u00e9.","robots":{"index":"index","follow":"follow","max-snippet":"max-snippet:-1","max-image-preview":"max-image-preview:large","max-video-preview":"max-video-preview:-1"},"canonical":"https:\/\/www.mdxone.com\/fr\/outlet\/","og_locale":"fr_CA","og_type":"article","og_title":"Outlet | Affordable Kid Snowboard Leash | MDXONE","og_description":"Discover discounted kid snowboard leash and more at MDXONE. Affordable, quality options for your child\u2019s winter fun without compromising safety.","og_url":"https:\/\/www.mdxone.com\/fr\/outlet\/","og_site_name":"MDXOne","article_publisher":"https:\/\/www.facebook.com\/Mdxone-148452148682708\/","article_modified_time":"2024-12-02T08:26:53+00:00","twitter_card":"summary_large_image","twitter_site":"@mdxone","twitter_misc":{"Estimation du temps de lecture":"1 minute"},"schema":{"@context":"https:\/\/schema.org","@graph":[{"@type":"WebPage","@id":"https:\/\/www.mdxone.com\/outlet\/","url":"https:\/\/www.mdxone.com\/outlet\/","name":"Outlet | Laisse de snowboard pour enfant \u00e0 prix abordable | MDXONE","isPartOf":{"@id":"https:\/\/www.mdxone.com\/en\/#website"},"datePublished":"2024-09-05T19:52:33+00:00","dateModified":"2024-12-02T08:26:53+00:00","description":"D\u00e9couvrez des r\u00e9ductions sur les leashs de snowboard pour enfants et plus encore chez MDXONE. Des options abordables et de qualit\u00e9 pour le plaisir hivernal de votre enfant sans compromettre la s\u00e9curit\u00e9.","breadcrumb":{"@id":"https:\/\/www.mdxone.com\/outlet\/#breadcrumb"},"inLanguage":"fr-CA","potentialAction":[{"@type":"ReadAction","target":["https:\/\/www.mdxone.com\/outlet\/"]}]},{"@type":"BreadcrumbList","@id":"https:\/\/www.mdxone.com\/outlet\/#breadcrumb","itemListElement":[{"@type":"ListItem","position":1,"name":"Home","item":"https:\/\/www.mdxone.com\/"},{"@type":"ListItem","position":2,"name":"OUTLET"}]},{"@type":"WebSite","@id":"https:\/\/www.mdxone.com\/en\/#website","url":"https:\/\/www.mdxone.com\/en\/","name":"MDXOne","description":"","publisher":{"@id":"https:\/\/www.mdxone.com\/en\/#organization"},"potentialAction":[{"@type":"SearchAction","target":{"@type":"EntryPoint","urlTemplate":"https:\/\/www.mdxone.com\/en\/?s={search_term_string}"},"query-input":{"@type":"PropertyValueSpecification","valueRequired":true,"valueName":"search_term_string"}}],"inLanguage":"fr-CA"},{"@type":"Organization","@id":"https:\/\/www.mdxone.com\/en\/#organization","name":"MDXONE","url":"https:\/\/www.mdxone.com\/en\/","logo":{"@type":"ImageObject","inLanguage":"fr-CA","@id":"https:\/\/www.mdxone.com\/en\/#\/schema\/logo\/image\/","url":"https:\/\/i0.wp.com\/www.mdxone.com\/wp-content\/uploads\/2023\/10\/cropped-MDXONE-favicon.png?fit=512%2C512&ssl=1","contentUrl":"https:\/\/i0.wp.com\/www.mdxone.com\/wp-content\/uploads\/2023\/10\/cropped-MDXONE-favicon.png?fit=512%2C512&ssl=1","width":512,"height":512,"caption":"MDXONE"},"image":{"@id":"https:\/\/www.mdxone.com\/en\/#\/schema\/logo\/image\/"},"sameAs":["https:\/\/www.facebook.com\/Mdxone-148452148682708\/","https:\/\/x.com\/mdxone"]}]}},"coauthors":[],"author_meta":{"author_link":"https:\/\/www.mdxone.com\/fr\/author\/wendy-mdxone\/","display_name":"Wendy mdxone"},"relative_dates":{"created":"Posted 2 ann\u00e9es ago","modified":"Updated 1 ann\u00e9e ago"},"absolute_dates":{"created":"Posted on septembre 5, 2024","modified":"Updated on D\u00e9cembre 2, 2024"},"absolute_dates_time":{"created":"Posted on septembre 5, 2024 3:52 pm","modified":"Updated on D\u00e9cembre 2, 2024 3:26 am"},"featured_img_caption":"","featured_img":false,"series_order":"","_links":{"self":[{"href":"https:\/\/www.mdxone.com\/fr\/wp-json\/wp\/v2\/pages\/22251","targetHints":{"allow":["GET"]}}],"collection":[{"href":"https:\/\/www.mdxone.com\/fr\/wp-json\/wp\/v2\/pages"}],"about":[{"href":"https:\/\/www.mdxone.com\/fr\/wp-json\/wp\/v2\/types\/page"}],"author":[{"embeddable":true,"href":"https:\/\/www.mdxone.com\/fr\/wp-json\/wp\/v2\/users\/38"}],"replies":[{"embeddable":true,"href":"https:\/\/www.mdxone.com\/fr\/wp-json\/wp\/v2\/comments?post=22251"}],"version-history":[{"count":23,"href":"https:\/\/www.mdxone.com\/fr\/wp-json\/wp\/v2\/pages\/22251\/revisions"}],"predecessor-version":[{"id":22298,"href":"https:\/\/www.mdxone.com\/fr\/wp-json\/wp\/v2\/pages\/22251\/revisions\/22298"}],"wp:attachment":[{"href":"https:\/\/www.mdxone.com\/fr\/wp-json\/wp\/v2\/media?parent=22251"}],"curies":[{"name":"wp","href":"https:\/\/api.w.org\/{rel}","templated":true}]}}