{"id":24012,"date":"2026-03-10T14:46:21","date_gmt":"2026-03-10T18:46:21","guid":{"rendered":"https:\/\/www.mdxone.com\/?page_id=24012"},"modified":"2026-03-18T13:27:00","modified_gmt":"2026-03-18T17:27:00","slug":"pompoms-guide","status":"publish","type":"page","link":"https:\/\/www.mdxone.com\/fr\/pompoms-guide\/","title":{"rendered":"Attachez vos pompons MDXONE"},"content":{"rendered":"<h2 class=\"wp-block-heading\"><strong>Avant de commencer<\/strong><\/h2>\n\n\n\n<div class=\"wp-block-group\"><div class=\"wp-block-group__inner-container is-layout-constrained wp-block-group-is-layout-constrained\">\n<div class=\"wp-block-group\"><div class=\"wp-block-group__inner-container is-layout-constrained wp-block-group-is-layout-constrained\">\n<div class=\"wp-block-group\"><div class=\"wp-block-group__inner-container is-layout-constrained wp-block-group-is-layout-constrained\">\n<div class=\"wp-block-group\"><div class=\"wp-block-group__inner-container is-layout-constrained wp-block-group-is-layout-constrained\">\n<div class=\"wp-block-group advgb-dyn-f2a6aa86\"><div class=\"wp-block-group__inner-container is-layout-constrained wp-block-group-is-layout-constrained\">\n<div class=\"wp-block-group\"><div class=\"wp-block-group__inner-container is-layout-constrained wp-block-group-is-layout-constrained\">\n<div class=\"wp-block-group\"><div class=\"wp-block-group__inner-container is-layout-constrained wp-block-group-is-layout-constrained\">\n<figure class=\"wp-block-image size-medium is-resized\"><a href=\"https:\/\/www.mdxone.com\/wp-content\/uploads\/2026\/03\/Untitled-17-scaled.png\"><img fetchpriority=\"high\" decoding=\"async\" width=\"300\" height=\"300\" src=\"https:\/\/www.mdxone.com\/wp-content\/uploads\/2026\/03\/Untitled-17-300x300.png\" alt=\"\" class=\"wp-image-24079\" style=\"width:480px\" srcset=\"https:\/\/www.mdxone.com\/wp-content\/uploads\/2026\/03\/Untitled-17-300x300.png 300w, https:\/\/www.mdxone.com\/wp-content\/uploads\/2026\/03\/Untitled-17-1024x1024.png 1024w, https:\/\/www.mdxone.com\/wp-content\/uploads\/2026\/03\/Untitled-17-150x150.png 150w, https:\/\/www.mdxone.com\/wp-content\/uploads\/2026\/03\/Untitled-17-768x768.png 768w, https:\/\/www.mdxone.com\/wp-content\/uploads\/2026\/03\/Untitled-17-1536x1536.png 1536w, https:\/\/www.mdxone.com\/wp-content\/uploads\/2026\/03\/Untitled-17-2048x2048.png 2048w, https:\/\/www.mdxone.com\/wp-content\/uploads\/2026\/03\/Untitled-17-12x12.png 12w, https:\/\/www.mdxone.com\/wp-content\/uploads\/2026\/03\/Untitled-17-400x400.png 400w, https:\/\/www.mdxone.com\/wp-content\/uploads\/2026\/03\/Untitled-17-600x600.png 600w, https:\/\/www.mdxone.com\/wp-content\/uploads\/2026\/03\/Untitled-17-100x100.png 100w, https:\/\/www.mdxone.com\/wp-content\/uploads\/2026\/03\/Untitled-17-50x50.png 50w\" sizes=\"(max-width: 300px) 100vw, 300px\" \/><\/a><figcaption class=\"wp-element-caption\">Rep\u00e9rez la petite boucle \u00e9lastique blanche sur le pompon et passez-y l'\u00e9lastique fourni.<\/figcaption><\/figure>\n<\/div><\/div>\n<\/div><\/div>\n<\/div><\/div>\n<\/div><\/div>\n<\/div><\/div>\n<\/div><\/div>\n<\/div><\/div>\n\n\n\n<div class=\"wp-block-group\"><div class=\"wp-block-group__inner-container is-layout-constrained wp-block-group-is-layout-constrained\">\n<div class=\"wp-block-columns is-layout-flex wp-container-core-columns-is-layout-9d6595d7 wp-block-columns-is-layout-flex\">\n<div class=\"wp-block-column is-layout-flow wp-block-column-is-layout-flow\" style=\"flex-basis:100%\">\n<h2 class=\"wp-block-heading\"><strong>Fixez vos pompons MDXONE en trois \u00e9tapes simples<\/strong><\/h2>\n\n\n\n<div class=\"wp-block-columns is-layout-flex wp-container-core-columns-is-layout-9d6595d7 wp-block-columns-is-layout-flex\">\n<div class=\"wp-block-column is-layout-flow wp-block-column-is-layout-flow\">\n<figure class=\"wp-block-image size-full\"><a href=\"https:\/\/www.mdxone.com\/wp-content\/uploads\/2026\/03\/Untitled-11-1.png\"><img decoding=\"async\" src=\"https:\/\/www.mdxone.com\/wp-content\/uploads\/2026\/03\/Untitled-11-1.png\" alt=\"\" class=\"wp-image-24028\"\/><\/a><figcaption class=\"wp-element-caption\"><strong>\u00c9tape 1 :<\/strong> Utilisez l'\u00e9lastique fourni pour faire passer la boucle \u00e9lastique du pompon dans l'\u0153illet.<\/figcaption><\/figure>\n<\/div>\n\n\n\n<div class=\"wp-block-column is-layout-flow wp-block-column-is-layout-flow\">\n<figure class=\"wp-block-image size-full\"><a href=\"https:\/\/www.mdxone.com\/wp-content\/uploads\/2026\/03\/Untitled-12.png\"><img decoding=\"async\" src=\"https:\/\/www.mdxone.com\/wp-content\/uploads\/2026\/03\/Untitled-12.png\" alt=\"\" class=\"wp-image-24029\"\/><\/a><figcaption class=\"wp-element-caption\"><strong>\u00c9tape 2 :<\/strong> Tirez sur l'\u00e9lastique pour faire passer la boucle blanche de l'\u00e9lastique du pompon par-dessus le bouton.<\/figcaption><\/figure>\n<\/div>\n\n\n\n<div class=\"wp-block-column is-layout-flow wp-block-column-is-layout-flow\">\n<figure class=\"wp-block-image\"><a href=\"https:\/\/www.mdxone.com\/wp-content\/uploads\/2026\/03\/Untitled-14.png\"><img decoding=\"async\" src=\"https:\/\/www.mdxone.com\/wp-content\/uploads\/2026\/03\/Untitled-14.png\" alt=\"\" class=\"wp-image-24030\"\/><\/a><figcaption class=\"wp-element-caption\"><strong>\u00c9tape 3 :<\/strong> Etirez la boucle du pompon sur le bouton pour le fixer.<\/figcaption><\/figure>\n<\/div>\n<\/div>\n<\/div>\n<\/div>\n<\/div><\/div>\n\n\n\n<div class=\"wp-block-columns is-layout-flex wp-container-core-columns-is-layout-9d6595d7 wp-block-columns-is-layout-flex\">\n<div class=\"wp-block-column is-layout-flow wp-block-column-is-layout-flow\" style=\"flex-basis:100%\"><\/div>\n<\/div>\n\n\n\n<p><\/p>","protected":false},"excerpt":{"rendered":"<p>Before you start Attach your MDXONE pom-poms in three easy steps<\/p>","protected":false},"author":38,"featured_media":24044,"parent":0,"menu_order":0,"comment_status":"closed","ping_status":"closed","template":"","meta":{"_acf_changed":false,"inline_featured_image":false,"advgb_blocks_editor_width":"","advgb_blocks_columns_visual_guide":"","footnotes":""},"class_list":["post-24012","page","type-page","status-publish","has-post-thumbnail","hentry"],"acf":[],"yoast_head":"<!-- This site is optimized with the Yoast SEO plugin v27.5 - https:\/\/yoast.com\/product\/yoast-seo-wordpress\/ -->\n<title>Attach Your MDXONE Pom-Poms | Best Kid&#039;s Snowboard Harness<\/title>\n<meta name=\"description\" content=\"Keep your little ones safe on the slopes with our kid&#039;s snowboard harness! Explore our Attach Your MDXONE Pom-Poms page to learn more about products.\" \/>\n<meta name=\"robots\" content=\"index, follow, max-snippet:-1, max-image-preview:large, max-video-preview:-1\" \/>\n<link rel=\"canonical\" href=\"https:\/\/www.mdxone.com\/fr\/pompoms-guide\/\" \/>\n<meta property=\"og:locale\" content=\"fr_CA\" \/>\n<meta property=\"og:type\" content=\"article\" \/>\n<meta property=\"og:title\" content=\"Attach Your MDXONE Pom-Poms | Best Kid&#039;s Snowboard Harness\" \/>\n<meta property=\"og:description\" content=\"Keep your little ones safe on the slopes with our kid&#039;s snowboard harness! Explore our Attach Your MDXONE Pom-Poms page to learn more about products.\" \/>\n<meta property=\"og:url\" content=\"https:\/\/www.mdxone.com\/fr\/pompoms-guide\/\" \/>\n<meta property=\"og:site_name\" content=\"MDXOne\" \/>\n<meta property=\"article:publisher\" content=\"https:\/\/www.facebook.com\/Mdxone-148452148682708\/\" \/>\n<meta property=\"article:modified_time\" content=\"2026-03-18T17:27:00+00:00\" \/>\n<meta property=\"og:image\" content=\"https:\/\/www.mdxone.com\/wp-content\/uploads\/2026\/03\/Untitled-16-1024x1024.png\" \/>\n\t<meta property=\"og:image:width\" content=\"1024\" \/>\n\t<meta property=\"og:image:height\" content=\"1024\" \/>\n\t<meta property=\"og:image:type\" content=\"image\/png\" \/>\n<meta name=\"twitter:card\" content=\"summary_large_image\" \/>\n<meta name=\"twitter:site\" content=\"@mdxone\" \/>\n<meta name=\"twitter:label1\" content=\"Estimation du temps de lecture\" \/>\n\t<meta name=\"twitter:data1\" content=\"2 minutes\" \/>\n<script type=\"application\/ld+json\" class=\"yoast-schema-graph\">{\"@context\":\"https:\\\/\\\/schema.org\",\"@graph\":[{\"@type\":\"WebPage\",\"@id\":\"https:\\\/\\\/www.mdxone.com\\\/pompoms-guide\\\/\",\"url\":\"https:\\\/\\\/www.mdxone.com\\\/pompoms-guide\\\/\",\"name\":\"Attach Your MDXONE Pom-Poms | Best Kid's Snowboard Harness\",\"isPartOf\":{\"@id\":\"https:\\\/\\\/www.mdxone.com\\\/en\\\/#website\"},\"primaryImageOfPage\":{\"@id\":\"https:\\\/\\\/www.mdxone.com\\\/pompoms-guide\\\/#primaryimage\"},\"image\":{\"@id\":\"https:\\\/\\\/www.mdxone.com\\\/pompoms-guide\\\/#primaryimage\"},\"thumbnailUrl\":\"https:\\\/\\\/www.mdxone.com\\\/wp-content\\\/uploads\\\/2026\\\/03\\\/Untitled-16-scaled.png\",\"datePublished\":\"2026-03-10T18:46:21+00:00\",\"dateModified\":\"2026-03-18T17:27:00+00:00\",\"description\":\"Keep your little ones safe on the slopes with our kid's snowboard harness! Explore our Attach Your MDXONE Pom-Poms page to learn more about products.\",\"breadcrumb\":{\"@id\":\"https:\\\/\\\/www.mdxone.com\\\/pompoms-guide\\\/#breadcrumb\"},\"inLanguage\":\"fr-CA\",\"potentialAction\":[{\"@type\":\"ReadAction\",\"target\":[\"https:\\\/\\\/www.mdxone.com\\\/pompoms-guide\\\/\"]}]},{\"@type\":\"ImageObject\",\"inLanguage\":\"fr-CA\",\"@id\":\"https:\\\/\\\/www.mdxone.com\\\/pompoms-guide\\\/#primaryimage\",\"url\":\"https:\\\/\\\/www.mdxone.com\\\/wp-content\\\/uploads\\\/2026\\\/03\\\/Untitled-16-scaled.png\",\"contentUrl\":\"https:\\\/\\\/www.mdxone.com\\\/wp-content\\\/uploads\\\/2026\\\/03\\\/Untitled-16-scaled.png\",\"width\":2560,\"height\":2560},{\"@type\":\"BreadcrumbList\",\"@id\":\"https:\\\/\\\/www.mdxone.com\\\/pompoms-guide\\\/#breadcrumb\",\"itemListElement\":[{\"@type\":\"ListItem\",\"position\":1,\"name\":\"Home\",\"item\":\"https:\\\/\\\/www.mdxone.com\\\/\"},{\"@type\":\"ListItem\",\"position\":2,\"name\":\"Attach Your MDXONE Pom-Poms\"}]},{\"@type\":\"WebSite\",\"@id\":\"https:\\\/\\\/www.mdxone.com\\\/en\\\/#website\",\"url\":\"https:\\\/\\\/www.mdxone.com\\\/en\\\/\",\"name\":\"MDXOne\",\"description\":\"\",\"publisher\":{\"@id\":\"https:\\\/\\\/www.mdxone.com\\\/en\\\/#organization\"},\"potentialAction\":[{\"@type\":\"SearchAction\",\"target\":{\"@type\":\"EntryPoint\",\"urlTemplate\":\"https:\\\/\\\/www.mdxone.com\\\/en\\\/?s={search_term_string}\"},\"query-input\":{\"@type\":\"PropertyValueSpecification\",\"valueRequired\":true,\"valueName\":\"search_term_string\"}}],\"inLanguage\":\"fr-CA\"},{\"@type\":\"Organization\",\"@id\":\"https:\\\/\\\/www.mdxone.com\\\/en\\\/#organization\",\"name\":\"MDXONE\",\"url\":\"https:\\\/\\\/www.mdxone.com\\\/en\\\/\",\"logo\":{\"@type\":\"ImageObject\",\"inLanguage\":\"fr-CA\",\"@id\":\"https:\\\/\\\/www.mdxone.com\\\/en\\\/#\\\/schema\\\/logo\\\/image\\\/\",\"url\":\"https:\\\/\\\/i0.wp.com\\\/www.mdxone.com\\\/wp-content\\\/uploads\\\/2023\\\/10\\\/cropped-MDXONE-favicon.png?fit=512%2C512&ssl=1\",\"contentUrl\":\"https:\\\/\\\/i0.wp.com\\\/www.mdxone.com\\\/wp-content\\\/uploads\\\/2023\\\/10\\\/cropped-MDXONE-favicon.png?fit=512%2C512&ssl=1\",\"width\":512,\"height\":512,\"caption\":\"MDXONE\"},\"image\":{\"@id\":\"https:\\\/\\\/www.mdxone.com\\\/en\\\/#\\\/schema\\\/logo\\\/image\\\/\"},\"sameAs\":[\"https:\\\/\\\/www.facebook.com\\\/Mdxone-148452148682708\\\/\",\"https:\\\/\\\/x.com\\\/mdxone\"]}]}<\/script>\n<!-- \/ Yoast SEO plugin. -->","yoast_head_json":{"title":"Attach Your MDXONE Pom-Poms | Best Kid's Snowboard Harness","description":"Keep your little ones safe on the slopes with our kid's snowboard harness! Explore our Attach Your MDXONE Pom-Poms page to learn more about products.","robots":{"index":"index","follow":"follow","max-snippet":"max-snippet:-1","max-image-preview":"max-image-preview:large","max-video-preview":"max-video-preview:-1"},"canonical":"https:\/\/www.mdxone.com\/fr\/pompoms-guide\/","og_locale":"fr_CA","og_type":"article","og_title":"Attach Your MDXONE Pom-Poms | Best Kid's Snowboard Harness","og_description":"Keep your little ones safe on the slopes with our kid's snowboard harness! Explore our Attach Your MDXONE Pom-Poms page to learn more about products.","og_url":"https:\/\/www.mdxone.com\/fr\/pompoms-guide\/","og_site_name":"MDXOne","article_publisher":"https:\/\/www.facebook.com\/Mdxone-148452148682708\/","article_modified_time":"2026-03-18T17:27:00+00:00","og_image":[{"width":1024,"height":1024,"url":"https:\/\/www.mdxone.com\/wp-content\/uploads\/2026\/03\/Untitled-16-1024x1024.png","type":"image\/png"}],"twitter_card":"summary_large_image","twitter_site":"@mdxone","twitter_misc":{"Estimation du temps de lecture":"2 minutes"},"schema":{"@context":"https:\/\/schema.org","@graph":[{"@type":"WebPage","@id":"https:\/\/www.mdxone.com\/pompoms-guide\/","url":"https:\/\/www.mdxone.com\/pompoms-guide\/","name":"Attach Your MDXONE Pom-Poms | Best Kid's Snowboard Harness","isPartOf":{"@id":"https:\/\/www.mdxone.com\/en\/#website"},"primaryImageOfPage":{"@id":"https:\/\/www.mdxone.com\/pompoms-guide\/#primaryimage"},"image":{"@id":"https:\/\/www.mdxone.com\/pompoms-guide\/#primaryimage"},"thumbnailUrl":"https:\/\/www.mdxone.com\/wp-content\/uploads\/2026\/03\/Untitled-16-scaled.png","datePublished":"2026-03-10T18:46:21+00:00","dateModified":"2026-03-18T17:27:00+00:00","description":"Keep your little ones safe on the slopes with our kid's snowboard harness! Explore our Attach Your MDXONE Pom-Poms page to learn more about products.","breadcrumb":{"@id":"https:\/\/www.mdxone.com\/pompoms-guide\/#breadcrumb"},"inLanguage":"fr-CA","potentialAction":[{"@type":"ReadAction","target":["https:\/\/www.mdxone.com\/pompoms-guide\/"]}]},{"@type":"ImageObject","inLanguage":"fr-CA","@id":"https:\/\/www.mdxone.com\/pompoms-guide\/#primaryimage","url":"https:\/\/www.mdxone.com\/wp-content\/uploads\/2026\/03\/Untitled-16-scaled.png","contentUrl":"https:\/\/www.mdxone.com\/wp-content\/uploads\/2026\/03\/Untitled-16-scaled.png","width":2560,"height":2560},{"@type":"BreadcrumbList","@id":"https:\/\/www.mdxone.com\/pompoms-guide\/#breadcrumb","itemListElement":[{"@type":"ListItem","position":1,"name":"Home","item":"https:\/\/www.mdxone.com\/"},{"@type":"ListItem","position":2,"name":"Attach Your MDXONE Pom-Poms"}]},{"@type":"WebSite","@id":"https:\/\/www.mdxone.com\/en\/#website","url":"https:\/\/www.mdxone.com\/en\/","name":"MDXOne","description":"","publisher":{"@id":"https:\/\/www.mdxone.com\/en\/#organization"},"potentialAction":[{"@type":"SearchAction","target":{"@type":"EntryPoint","urlTemplate":"https:\/\/www.mdxone.com\/en\/?s={search_term_string}"},"query-input":{"@type":"PropertyValueSpecification","valueRequired":true,"valueName":"search_term_string"}}],"inLanguage":"fr-CA"},{"@type":"Organization","@id":"https:\/\/www.mdxone.com\/en\/#organization","name":"MDXONE","url":"https:\/\/www.mdxone.com\/en\/","logo":{"@type":"ImageObject","inLanguage":"fr-CA","@id":"https:\/\/www.mdxone.com\/en\/#\/schema\/logo\/image\/","url":"https:\/\/i0.wp.com\/www.mdxone.com\/wp-content\/uploads\/2023\/10\/cropped-MDXONE-favicon.png?fit=512%2C512&ssl=1","contentUrl":"https:\/\/i0.wp.com\/www.mdxone.com\/wp-content\/uploads\/2023\/10\/cropped-MDXONE-favicon.png?fit=512%2C512&ssl=1","width":512,"height":512,"caption":"MDXONE"},"image":{"@id":"https:\/\/www.mdxone.com\/en\/#\/schema\/logo\/image\/"},"sameAs":["https:\/\/www.facebook.com\/Mdxone-148452148682708\/","https:\/\/x.com\/mdxone"]}]}},"coauthors":[],"author_meta":{"author_link":"https:\/\/www.mdxone.com\/fr\/author\/wendy-mdxone\/","display_name":"Wendy mdxone"},"relative_dates":{"created":"Posted 2 mois ago","modified":"Updated 2 mois ago"},"absolute_dates":{"created":"Posted on mars 10, 2026","modified":"Updated on mars 18, 2026"},"absolute_dates_time":{"created":"Posted on mars 10, 2026 2:46 pm","modified":"Updated on mars 18, 2026 1:27 pm"},"featured_img_caption":"","featured_img":"https:\/\/www.mdxone.com\/wp-content\/uploads\/2026\/03\/Untitled-16-scaled.png","series_order":"","_links":{"self":[{"href":"https:\/\/www.mdxone.com\/fr\/wp-json\/wp\/v2\/pages\/24012","targetHints":{"allow":["GET"]}}],"collection":[{"href":"https:\/\/www.mdxone.com\/fr\/wp-json\/wp\/v2\/pages"}],"about":[{"href":"https:\/\/www.mdxone.com\/fr\/wp-json\/wp\/v2\/types\/page"}],"author":[{"embeddable":true,"href":"https:\/\/www.mdxone.com\/fr\/wp-json\/wp\/v2\/users\/38"}],"replies":[{"embeddable":true,"href":"https:\/\/www.mdxone.com\/fr\/wp-json\/wp\/v2\/comments?post=24012"}],"version-history":[{"count":37,"href":"https:\/\/www.mdxone.com\/fr\/wp-json\/wp\/v2\/pages\/24012\/revisions"}],"predecessor-version":[{"id":24095,"href":"https:\/\/www.mdxone.com\/fr\/wp-json\/wp\/v2\/pages\/24012\/revisions\/24095"}],"wp:featuredmedia":[{"embeddable":true,"href":"https:\/\/www.mdxone.com\/fr\/wp-json\/wp\/v2\/media\/24044"}],"wp:attachment":[{"href":"https:\/\/www.mdxone.com\/fr\/wp-json\/wp\/v2\/media?parent=24012"}],"curies":[{"name":"wp","href":"https:\/\/api.w.org\/{rel}","templated":true}]}}