{"id":19539,"date":"2021-07-16T18:56:07","date_gmt":"2021-07-16T18:56:07","guid":{"rendered":"https:\/\/www.mdxone.com\/?post_type=product&#038;p=19539"},"modified":"2026-02-23T12:00:53","modified_gmt":"2026-02-23T17:00:53","slug":"mdxone-snowboard-harness","status":"publish","type":"product","link":"https:\/\/www.mdxone.com\/fr\/produit\/mdxone-snowboard-harness\/","title":{"rendered":"Harnais de snowboard"},"content":{"rendered":"<h3>Apprenez \u00e0 votre enfant \u00e0 faire du snowboard en toute s\u00e9curit\u00e9 et en toute confiance, sans stress.<\/h3>\n<h4>Le premier et le seul harnais con\u00e7u sp\u00e9cifiquement pour le snowboard (approuv\u00e9 par l'ACMS) - approuv\u00e9 par les parents et les instructeurs du monde entier.<\/h4>\n<p>Avec MDXONE, vous assurez la s\u00e9curit\u00e9 de votre enfant, rendez l'apprentissage amusant et pr\u00e9servez votre dos des flexions constantes.<\/p>\n<h3><\/h3>\n<div style=\"margin: 0 0 10px 0;\">\n<p>\u2705 <strong>Laisse r\u00e9tractable de 16 pieds<\/strong>\u00a0avec bouton d'arr\u00eat<\/p>\n<p>\u2705 <strong>Harnais de s\u00e9curit\u00e9 amovible<\/strong>\u00a0pour un soutien suppl\u00e9mentaire<\/p>\n<p>\u2705 <strong>Bretelles r\u00e9glables<\/strong>\u00a0qui grandissent avec votre enfant<\/p>\n<p>\u2705 <strong>Certifi\u00e9 s\u00fbr :<\/strong>\u00a0CASI &amp; CPSIA<\/p>\n<p>\u2705 <strong>Poids maximum 45LBS<\/strong><\/p>\n<\/div>\n<div class=\"mdx-bf-notice\">\n  <strong>Obtenez 15% sur notre <a href=\"\/fr\/?p=19778\">Livre sur le snowboard<\/a> \u00e0 l'achat de ce harnais !<\/strong><br \/>\n  <br \/><small>La r\u00e9duction s'applique automatiquement au moment du paiement.<\/small>\n<\/div>","protected":false},"excerpt":{"rendered":"<p><!-- Harness: 3-column grid --><\/p>\n<div style=\"display: grid; grid-template-columns: repeat(3, minmax(260px, 1fr)); gap: 24px; align-items: start;\">\n<p><!-- Col 1: Leash --><\/p>\n<div>\n<h3 style=\"margin: 0 0 8px 0;\">Gardez le contr\u00f4le gr\u00e2ce \u00e0 la laisse r\u00e9tractable<\/h3>\n<div style=\"display: grid; gap: 8px; line-height: 1.45;\">\n<p style=\"margin: 0;\">\u2705 <strong>Laisse r\u00e9tractable de 16 pieds<\/strong> avec bouton d'arr\u00eat pour un contr\u00f4le s\u00fbr<\/p>\n<p style=\"margin: 0;\">\u2705 <strong>Ralentissement en douceur<\/strong> - pas de traction \u201cyo-yo\u201d brutale<\/p>\n<p style=\"margin: 0;\">\u2705 <strong>D\u00e9finir la distance<\/strong> entre vous et votre enfant d'une simple pression du pouce<\/p>\n<p style=\"margin: 0;\">\u2705 <strong>Encourage l'ind\u00e9pendance<\/strong> tout en gardant le contr\u00f4le en toute confiance<\/p>\n<\/div>\n<\/div>\n<p><!-- Col 2: Backpack Harness --><\/p>\n<div>\n<h3 style=\"margin: 0 0 8px 0;\">Confort et soutien avec le harnais de sac \u00e0 dos<\/h3>\n<div style=\"display: grid; gap: 8px; line-height: 1.45;\">\n<p style=\"margin: 0;\">\u2705 <strong>Harnais l\u00e9ger pour sac \u00e0 dos<\/strong> (10 \u201dH \u00d7 9 \u201dW \u00d7 2 \u201dD)<\/p>\n<p style=\"margin: 0;\">\u2705 <strong>Harnais de s\u00e9curit\u00e9 amovible<\/strong> pour plus de stabilit\u00e9 pour les petits cavaliers<\/p>\n<p style=\"margin: 0;\">\u2705 <strong>3 points d'attache pour la laisse<\/strong> pour une formation flexible<\/p>\n<p style=\"margin: 0;\">\u2705 <strong>Sangles de poitrine et de taille r\u00e9glables<\/strong> qui grandissent avec votre enfant<\/p>\n<\/div>\n<\/div>\n<p><!-- Col 3: Burton Promo --><\/p>\n<div>\n<h3 style=\"margin: 0 0 8px 0;\">La confiance de Burton<\/h3>\n<div style=\"display: grid; gap: 8px; line-height: 1.45;\">\n<p style=\"margin: 0;\">Nous avons fait \u00e9quipe avec Burton pour cr\u00e9er le <strong>Harnais Burton x MDXONE<\/strong> - disponible exclusivement chez Burton.<\/p>\n<p style=\"margin: 0;\"><a style=\"text-decoration: underline;\" href=\"\/fr\/produit\/burton-mdxone-harness\/\"><br \/>\nAchetez le harnais de snowboard MDXONE x Burton ici !<br \/>\n<\/a><\/p>\n<p style=\"margin: 0;\"><a href=\"\/fr\/produit\/burton-mdxone-harness\/\"><br \/>\n<img decoding=\"async\" style=\"max-width: 100%; border-radius: 8px; border: 1px solid #e5e5e5;\" src=\"https:\/\/www.mdxone.com\/wp-content\/uploads\/2022\/07\/burton-pick-e1658766602556.webp\" alt=\"Burton x MDXONE Harness\" \/><br \/>\n<\/a><\/p>\n<\/div>\n<\/div>\n<\/div>","protected":false},"author":37,"featured_media":23221,"comment_status":"closed","ping_status":"closed","template":"","meta":{"_acf_changed":false,"inline_featured_image":false,"advgb_blocks_editor_width":"","advgb_blocks_columns_visual_guide":""},"product_brand":[],"product_cat":[236],"product_tag":[],"class_list":{"0":"post-19539","1":"product","2":"type-product","3":"status-publish","4":"has-post-thumbnail","6":"product_cat-snowboard-harness","8":"first","9":"instock","10":"sale","11":"featured","12":"taxable","13":"shipping-taxable","14":"purchasable","15":"product-type-variable"},"acf":[],"yoast_head":"<!-- This site is optimized with the Yoast SEO plugin v27.4 - https:\/\/yoast.com\/product\/yoast-seo-wordpress\/ -->\n<title>Snowboard Harness | Kid&#039;s Snowboard And More | MDXONE<\/title>\n<meta name=\"description\" content=\"Check out our Snowboard Harness product. Visit our online store for our collection of kids&#039; snowboard and other skii gear!\" \/>\n<meta name=\"robots\" content=\"index, follow, max-snippet:-1, max-image-preview:large, max-video-preview:-1\" \/>\n<link rel=\"canonical\" href=\"https:\/\/www.mdxone.com\/fr\/produit\/mdxone-snowboard-harness\/\" \/>\n<meta property=\"og:locale\" content=\"fr_CA\" \/>\n<meta property=\"og:type\" content=\"article\" \/>\n<meta property=\"og:title\" content=\"Snowboard Harness | Kid&#039;s Snowboard And More | MDXONE\" \/>\n<meta property=\"og:description\" content=\"Check out our Snowboard Harness product. Visit our online store for our collection of kids&#039; snowboard and other skii gear!\" \/>\n<meta property=\"og:url\" content=\"https:\/\/www.mdxone.com\/fr\/produit\/mdxone-snowboard-harness\/\" \/>\n<meta property=\"og:site_name\" content=\"MDXOne\" \/>\n<meta property=\"article:publisher\" content=\"https:\/\/www.facebook.com\/Mdxone-148452148682708\/\" \/>\n<meta property=\"article:modified_time\" content=\"2026-02-23T17:00:53+00:00\" \/>\n<meta property=\"og:image\" content=\"https:\/\/www.mdxone.com\/wp-content\/uploads\/2021\/07\/MDXONE-2025-1st-Batch-@_jayperreault_-52.jpg\" \/>\n\t<meta property=\"og:image:width\" content=\"1366\" \/>\n\t<meta property=\"og:image:height\" content=\"2048\" \/>\n\t<meta property=\"og:image:type\" content=\"image\/jpeg\" \/>\n<meta name=\"twitter:card\" content=\"summary_large_image\" \/>\n<meta name=\"twitter:site\" content=\"@mdxone\" \/>\n<meta name=\"twitter:label1\" content=\"Estimation du temps de lecture\" \/>\n\t<meta name=\"twitter:data1\" content=\"1 minute\" \/>\n<script type=\"application\/ld+json\" class=\"yoast-schema-graph\">{\"@context\":\"https:\\\/\\\/schema.org\",\"@graph\":[{\"@type\":\"WebPage\",\"@id\":\"https:\\\/\\\/www.mdxone.com\\\/product\\\/mdxone-snowboard-harness\\\/\",\"url\":\"https:\\\/\\\/www.mdxone.com\\\/product\\\/mdxone-snowboard-harness\\\/\",\"name\":\"Snowboard Harness | Kid's Snowboard And More | MDXONE\",\"isPartOf\":{\"@id\":\"https:\\\/\\\/www.mdxone.com\\\/en\\\/#website\"},\"primaryImageOfPage\":{\"@id\":\"https:\\\/\\\/www.mdxone.com\\\/product\\\/mdxone-snowboard-harness\\\/#primaryimage\"},\"image\":{\"@id\":\"https:\\\/\\\/www.mdxone.com\\\/product\\\/mdxone-snowboard-harness\\\/#primaryimage\"},\"thumbnailUrl\":\"https:\\\/\\\/www.mdxone.com\\\/wp-content\\\/uploads\\\/2021\\\/07\\\/MDXONE-2025-1st-Batch-@_jayperreault_-52.jpg\",\"datePublished\":\"2021-07-16T18:56:07+00:00\",\"dateModified\":\"2026-02-23T17:00:53+00:00\",\"description\":\"Check out our Snowboard Harness product. Visit our online store for our collection of kids' snowboard and other skii gear!\",\"breadcrumb\":{\"@id\":\"https:\\\/\\\/www.mdxone.com\\\/product\\\/mdxone-snowboard-harness\\\/#breadcrumb\"},\"inLanguage\":\"fr-CA\",\"potentialAction\":[{\"@type\":\"ReadAction\",\"target\":[\"https:\\\/\\\/www.mdxone.com\\\/product\\\/mdxone-snowboard-harness\\\/\"]}]},{\"@type\":\"ImageObject\",\"inLanguage\":\"fr-CA\",\"@id\":\"https:\\\/\\\/www.mdxone.com\\\/product\\\/mdxone-snowboard-harness\\\/#primaryimage\",\"url\":\"https:\\\/\\\/www.mdxone.com\\\/wp-content\\\/uploads\\\/2021\\\/07\\\/MDXONE-2025-1st-Batch-@_jayperreault_-52.jpg\",\"contentUrl\":\"https:\\\/\\\/www.mdxone.com\\\/wp-content\\\/uploads\\\/2021\\\/07\\\/MDXONE-2025-1st-Batch-@_jayperreault_-52.jpg\",\"width\":1366,\"height\":2048},{\"@type\":\"BreadcrumbList\",\"@id\":\"https:\\\/\\\/www.mdxone.com\\\/product\\\/mdxone-snowboard-harness\\\/#breadcrumb\",\"itemListElement\":[{\"@type\":\"ListItem\",\"position\":1,\"name\":\"Home\",\"item\":\"https:\\\/\\\/www.mdxone.com\\\/\"},{\"@type\":\"ListItem\",\"position\":2,\"name\":\"Our Products\",\"item\":\"https:\\\/\\\/www.mdxone.com\\\/our-products\\\/\"},{\"@type\":\"ListItem\",\"position\":3,\"name\":\"Snowboard Harness\"}]},{\"@type\":\"WebSite\",\"@id\":\"https:\\\/\\\/www.mdxone.com\\\/en\\\/#website\",\"url\":\"https:\\\/\\\/www.mdxone.com\\\/en\\\/\",\"name\":\"MDXOne\",\"description\":\"\",\"publisher\":{\"@id\":\"https:\\\/\\\/www.mdxone.com\\\/en\\\/#organization\"},\"potentialAction\":[{\"@type\":\"SearchAction\",\"target\":{\"@type\":\"EntryPoint\",\"urlTemplate\":\"https:\\\/\\\/www.mdxone.com\\\/en\\\/?s={search_term_string}\"},\"query-input\":{\"@type\":\"PropertyValueSpecification\",\"valueRequired\":true,\"valueName\":\"search_term_string\"}}],\"inLanguage\":\"fr-CA\"},{\"@type\":\"Organization\",\"@id\":\"https:\\\/\\\/www.mdxone.com\\\/en\\\/#organization\",\"name\":\"MDXONE\",\"url\":\"https:\\\/\\\/www.mdxone.com\\\/en\\\/\",\"logo\":{\"@type\":\"ImageObject\",\"inLanguage\":\"fr-CA\",\"@id\":\"https:\\\/\\\/www.mdxone.com\\\/en\\\/#\\\/schema\\\/logo\\\/image\\\/\",\"url\":\"https:\\\/\\\/i0.wp.com\\\/www.mdxone.com\\\/wp-content\\\/uploads\\\/2023\\\/10\\\/cropped-MDXONE-favicon.png?fit=512%2C512&ssl=1\",\"contentUrl\":\"https:\\\/\\\/i0.wp.com\\\/www.mdxone.com\\\/wp-content\\\/uploads\\\/2023\\\/10\\\/cropped-MDXONE-favicon.png?fit=512%2C512&ssl=1\",\"width\":512,\"height\":512,\"caption\":\"MDXONE\"},\"image\":{\"@id\":\"https:\\\/\\\/www.mdxone.com\\\/en\\\/#\\\/schema\\\/logo\\\/image\\\/\"},\"sameAs\":[\"https:\\\/\\\/www.facebook.com\\\/Mdxone-148452148682708\\\/\",\"https:\\\/\\\/x.com\\\/mdxone\"]}]}<\/script>\n<!-- \/ Yoast SEO plugin. -->","yoast_head_json":{"title":"Snowboard Harness | Kid's Snowboard And More | MDXONE","description":"Check out our Snowboard Harness product. Visit our online store for our collection of kids' snowboard and other skii gear!","robots":{"index":"index","follow":"follow","max-snippet":"max-snippet:-1","max-image-preview":"max-image-preview:large","max-video-preview":"max-video-preview:-1"},"canonical":"https:\/\/www.mdxone.com\/fr\/produit\/mdxone-snowboard-harness\/","og_locale":"fr_CA","og_type":"article","og_title":"Snowboard Harness | Kid's Snowboard And More | MDXONE","og_description":"Check out our Snowboard Harness product. Visit our online store for our collection of kids' snowboard and other skii gear!","og_url":"https:\/\/www.mdxone.com\/fr\/produit\/mdxone-snowboard-harness\/","og_site_name":"MDXOne","article_publisher":"https:\/\/www.facebook.com\/Mdxone-148452148682708\/","article_modified_time":"2026-02-23T17:00:53+00:00","og_image":[{"width":1366,"height":2048,"url":"https:\/\/www.mdxone.com\/wp-content\/uploads\/2021\/07\/MDXONE-2025-1st-Batch-@_jayperreault_-52.jpg","type":"image\/jpeg"}],"twitter_card":"summary_large_image","twitter_site":"@mdxone","twitter_misc":{"Estimation du temps de lecture":"1 minute"},"schema":{"@context":"https:\/\/schema.org","@graph":[{"@type":"WebPage","@id":"https:\/\/www.mdxone.com\/product\/mdxone-snowboard-harness\/","url":"https:\/\/www.mdxone.com\/product\/mdxone-snowboard-harness\/","name":"Snowboard Harness | Kid's Snowboard And More | MDXONE","isPartOf":{"@id":"https:\/\/www.mdxone.com\/en\/#website"},"primaryImageOfPage":{"@id":"https:\/\/www.mdxone.com\/product\/mdxone-snowboard-harness\/#primaryimage"},"image":{"@id":"https:\/\/www.mdxone.com\/product\/mdxone-snowboard-harness\/#primaryimage"},"thumbnailUrl":"https:\/\/www.mdxone.com\/wp-content\/uploads\/2021\/07\/MDXONE-2025-1st-Batch-@_jayperreault_-52.jpg","datePublished":"2021-07-16T18:56:07+00:00","dateModified":"2026-02-23T17:00:53+00:00","description":"Check out our Snowboard Harness product. Visit our online store for our collection of kids' snowboard and other skii gear!","breadcrumb":{"@id":"https:\/\/www.mdxone.com\/product\/mdxone-snowboard-harness\/#breadcrumb"},"inLanguage":"fr-CA","potentialAction":[{"@type":"ReadAction","target":["https:\/\/www.mdxone.com\/product\/mdxone-snowboard-harness\/"]}]},{"@type":"ImageObject","inLanguage":"fr-CA","@id":"https:\/\/www.mdxone.com\/product\/mdxone-snowboard-harness\/#primaryimage","url":"https:\/\/www.mdxone.com\/wp-content\/uploads\/2021\/07\/MDXONE-2025-1st-Batch-@_jayperreault_-52.jpg","contentUrl":"https:\/\/www.mdxone.com\/wp-content\/uploads\/2021\/07\/MDXONE-2025-1st-Batch-@_jayperreault_-52.jpg","width":1366,"height":2048},{"@type":"BreadcrumbList","@id":"https:\/\/www.mdxone.com\/product\/mdxone-snowboard-harness\/#breadcrumb","itemListElement":[{"@type":"ListItem","position":1,"name":"Home","item":"https:\/\/www.mdxone.com\/"},{"@type":"ListItem","position":2,"name":"Our Products","item":"https:\/\/www.mdxone.com\/our-products\/"},{"@type":"ListItem","position":3,"name":"Snowboard Harness"}]},{"@type":"WebSite","@id":"https:\/\/www.mdxone.com\/en\/#website","url":"https:\/\/www.mdxone.com\/en\/","name":"MDXOne","description":"","publisher":{"@id":"https:\/\/www.mdxone.com\/en\/#organization"},"potentialAction":[{"@type":"SearchAction","target":{"@type":"EntryPoint","urlTemplate":"https:\/\/www.mdxone.com\/en\/?s={search_term_string}"},"query-input":{"@type":"PropertyValueSpecification","valueRequired":true,"valueName":"search_term_string"}}],"inLanguage":"fr-CA"},{"@type":"Organization","@id":"https:\/\/www.mdxone.com\/en\/#organization","name":"MDXONE","url":"https:\/\/www.mdxone.com\/en\/","logo":{"@type":"ImageObject","inLanguage":"fr-CA","@id":"https:\/\/www.mdxone.com\/en\/#\/schema\/logo\/image\/","url":"https:\/\/i0.wp.com\/www.mdxone.com\/wp-content\/uploads\/2023\/10\/cropped-MDXONE-favicon.png?fit=512%2C512&ssl=1","contentUrl":"https:\/\/i0.wp.com\/www.mdxone.com\/wp-content\/uploads\/2023\/10\/cropped-MDXONE-favicon.png?fit=512%2C512&ssl=1","width":512,"height":512,"caption":"MDXONE"},"image":{"@id":"https:\/\/www.mdxone.com\/en\/#\/schema\/logo\/image\/"},"sameAs":["https:\/\/www.facebook.com\/Mdxone-148452148682708\/","https:\/\/x.com\/mdxone"]}]}},"featured_img":"https:\/\/www.mdxone.com\/wp-content\/uploads\/2021\/07\/MDXONE-2025-1st-Batch-@_jayperreault_-52.jpg","coauthors":[],"author_meta":{"author_link":"https:\/\/www.mdxone.com\/fr\/author\/","display_name":""},"relative_dates":{"created":"Posted 5 ann\u00e9es ago","modified":"Updated 2 mois ago"},"absolute_dates":{"created":"Posted on juillet 16, 2021","modified":"Updated on f\u00e9vrier 23, 2026"},"absolute_dates_time":{"created":"Posted on juillet 16, 2021 6:56 pm","modified":"Updated on f\u00e9vrier 23, 2026 12:00 pm"},"featured_img_caption":"","tax_additional":{"product_brand":{"linked":[],"unlinked":[],"slug":"product_brand","name":"Marques"},"product_type":{"linked":["<a href=\"https:\/\/www.mdxone.com\/fr\/?taxonomy=product_type&#038;term=variable\" class=\"advgb-post-tax-term\">variable<\/a>"],"unlinked":["<span class=\"advgb-post-tax-term\">variable<\/span>"],"slug":"product_type","name":"Type de produit"},"product_visibility":{"linked":["<a href=\"https:\/\/www.mdxone.com\/fr\/?taxonomy=product_visibility&#038;term=featured\" class=\"advgb-post-tax-term\">featured<\/a>"],"unlinked":["<span class=\"advgb-post-tax-term\">featured<\/span>"],"slug":"product_visibility","name":"Visibilit\u00e9 du produit"},"product_cat":{"linked":["<a href=\"https:\/\/www.mdxone.com\/fr\/categorie-produit\/snowboard-harness\/\" class=\"advgb-post-tax-term\">Snowboard Harness<\/a>"],"unlinked":["<span class=\"advgb-post-tax-term\">Snowboard Harness<\/span>"],"slug":"product_cat","name":"Cat\u00e9gories de produits"},"product_tag":{"linked":[],"unlinked":[],"slug":"product_tag","name":"\u00c9tiquettes produit"},"product_shipping_class":{"linked":[],"unlinked":[],"slug":"product_shipping_class","name":"Classe de livraison du produit"},"pos_product_visibility":{"linked":[],"unlinked":[],"slug":"pos_product_visibility","name":"POS Visibilit\u00e9 des produits"},"pa_color":{"linked":["<a href=\"https:\/\/www.mdxone.com\/fr\/?taxonomy=pa_color&#038;term=aqua\" class=\"advgb-post-tax-term\">AQUA<\/a>","<a href=\"https:\/\/www.mdxone.com\/fr\/?taxonomy=pa_color&#038;term=black\" class=\"advgb-post-tax-term\">BLACK<\/a>","<a href=\"https:\/\/www.mdxone.com\/fr\/?taxonomy=pa_color&#038;term=camo\" class=\"advgb-post-tax-term\">CAMO<\/a>","<a href=\"https:\/\/www.mdxone.com\/fr\/?taxonomy=pa_color&#038;term=lavender\" class=\"advgb-post-tax-term\">LAVENDER<\/a>","<a href=\"https:\/\/www.mdxone.com\/fr\/?taxonomy=pa_color&#038;term=olive\" class=\"advgb-post-tax-term\">OLIVE<\/a>","<a href=\"https:\/\/www.mdxone.com\/fr\/?taxonomy=pa_color&#038;term=pink-2\" class=\"advgb-post-tax-term\">PINK<\/a>","<a href=\"https:\/\/www.mdxone.com\/fr\/?taxonomy=pa_color&#038;term=red\" class=\"advgb-post-tax-term\">RED<\/a>","<a href=\"https:\/\/www.mdxone.com\/fr\/?taxonomy=pa_color&#038;term=royal-blue\" class=\"advgb-post-tax-term\">Royal Blue<\/a>"],"unlinked":["<span class=\"advgb-post-tax-term\">AQUA<\/span>","<span class=\"advgb-post-tax-term\">BLACK<\/span>","<span class=\"advgb-post-tax-term\">CAMO<\/span>","<span class=\"advgb-post-tax-term\">LAVENDER<\/span>","<span class=\"advgb-post-tax-term\">OLIVE<\/span>","<span class=\"advgb-post-tax-term\">PINK<\/span>","<span class=\"advgb-post-tax-term\">RED<\/span>","<span class=\"advgb-post-tax-term\">Royal Blue<\/span>"],"slug":"pa_color","name":"Produit Choisissez votre couleur :"},"pa_double-plush":{"linked":[],"unlinked":[],"slug":"pa_double-plush","name":"Produit Choisissez votre style :"},"pa_facemask":{"linked":[],"unlinked":[],"slug":"pa_facemask","name":"Produit Choisissez votre couleur :"},"pa_fleece-balaclava":{"linked":[],"unlinked":[],"slug":"pa_fleece-balaclava","name":"Produit Style"},"pa_language":{"linked":[],"unlinked":[],"slug":"pa_language","name":"Produit Choose Language"},"pa_no-pompoms":{"linked":[],"unlinked":[],"slug":"pa_no-pompoms","name":"Produit No Pompoms"},"pa_on-sale":{"linked":[],"unlinked":[],"slug":"pa_on-sale","name":"Produit EN VENTE"},"pa_outlet-balaclavas":{"linked":[],"unlinked":[],"slug":"pa_outlet-balaclavas","name":"Produit Choisissez votre couleur :"},"pa_parts":{"linked":[],"unlinked":[],"slug":"pa_parts","name":"Produit Parts"},"pa_pom-poms":{"linked":[],"unlinked":[],"slug":"pa_pom-poms","name":"Produit Choisissez votre couleur :"},"pa_seat-harness":{"linked":[],"unlinked":[],"slug":"pa_seat-harness","name":"Produit Seat Harness"},"pa_size":{"linked":[],"unlinked":[],"slug":"pa_size","name":"Produit Size"},"pa_sticker-pack":{"linked":[],"unlinked":[],"slug":"pa_sticker-pack","name":"Produit STICKER PACK"},"pa_with-pompoms":{"linked":[],"unlinked":[],"slug":"pa_with-pompoms","name":"Produit With Pompoms"},"pa_yeti-goggles":{"linked":[],"unlinked":[],"slug":"pa_yeti-goggles","name":"Produit Choisissez votre couleur :"},"pa_yeti-stuffy":{"linked":[],"unlinked":[],"slug":"pa_yeti-stuffy","name":"Produit Choisissez votre Yeti :"}},"series_order":"","_links":{"self":[{"href":"https:\/\/www.mdxone.com\/fr\/wp-json\/wp\/v2\/product\/19539","targetHints":{"allow":["GET"]}}],"collection":[{"href":"https:\/\/www.mdxone.com\/fr\/wp-json\/wp\/v2\/product"}],"about":[{"href":"https:\/\/www.mdxone.com\/fr\/wp-json\/wp\/v2\/types\/product"}],"replies":[{"embeddable":true,"href":"https:\/\/www.mdxone.com\/fr\/wp-json\/wp\/v2\/comments?post=19539"}],"wp:featuredmedia":[{"embeddable":true,"href":"https:\/\/www.mdxone.com\/fr\/wp-json\/wp\/v2\/media\/23221"}],"wp:attachment":[{"href":"https:\/\/www.mdxone.com\/fr\/wp-json\/wp\/v2\/media?parent=19539"}],"wp:term":[{"taxonomy":"product_brand","embeddable":true,"href":"https:\/\/www.mdxone.com\/fr\/wp-json\/wp\/v2\/product_brand?post=19539"},{"taxonomy":"product_cat","embeddable":true,"href":"https:\/\/www.mdxone.com\/fr\/wp-json\/wp\/v2\/product_cat?post=19539"},{"taxonomy":"product_tag","embeddable":true,"href":"https:\/\/www.mdxone.com\/fr\/wp-json\/wp\/v2\/product_tag?post=19539"}],"curies":[{"name":"wp","href":"https:\/\/api.w.org\/{rel}","templated":true}]}}