{"id":19778,"date":"2021-07-27T14:30:25","date_gmt":"2021-07-27T18:30:25","guid":{"rendered":"https:\/\/www.mdxone.com\/?post_type=product&#038;p=19778"},"modified":"2025-11-21T11:08:17","modified_gmt":"2025-11-21T16:08:17","slug":"hard-cover-book","status":"publish","type":"product","link":"https:\/\/www.mdxone.com\/fr\/produit\/hard-cover-book\/","title":{"rendered":"Livre \u00e0 couverture rigide"},"content":{"rendered":"<p style=\"margin: 20px 0 12px 0;\"><em><strong>Apprendre le snowboard : Une histoire de Y\u00e9ti<\/strong> aide les enfants \u00e0 faire le lien entre l'heure de l'histoire et l'heure de la pente - la famille Yeti apprend avec le m\u00eame harnais MDXONE que les parents utilisent sur la pente.<\/em><\/p>\n<p style=\"margin: 0;\">\u2705 <strong>Des personnages racontables<\/strong> - Les enfants se reconnaissent dans la famille Y\u00e9ti et apprennent pas \u00e0 pas.<\/p>\n<p style=\"margin: 0;\">\u2705 <strong>La confiance sur la colline<\/strong> - L'histoire refl\u00e8te ce que vous ferez avec le harnais.<\/p>\n<p style=\"margin: 0;\">\u2705 <strong>Pages \u00e0 colorier bonus<\/strong> - 7 pages amusantes qui permettent aux enfants de revivre l'histoire en jouant.<\/p>\n<p style=\"margin: 0;\">\u2705 <strong>Langues<\/strong> - Disponible en anglais et en fran\u00e7ais.<\/p>\n<p style=\"margin: 12px 0 0 0; font-size: .95em;\">Associez-le \u00e0 la peluche<br \/>\n<a style=\"text-decoration: none; font-weight: bold; color: #d32f2f;\" href=\"\/fr\/produit\/yeti-stuffy\/\">Peluche Yeti<\/a><br \/>\npour vivre l'aventure \u00e0 la maison !<\/p>\n<p><!-- Kindle Versions --><\/p>\n<div class=\"mdx-kindle-wrap\" style=\"margin-top: 8px;\">\n<div style=\"font-weight: bold; margin: 0; line-height: 1;\">\u00c9galement disponible sur Kindle !<\/div>\n<p><!-- Row --><\/p>\n<div style=\"display: flex; gap: 8px; margin: 0; padding: 0; align-items: flex-start;\">\n<p><!-- English --><br \/>\n<a style=\"display: flex; justify-content: center; align-items: flex-start; width: 130px; height: 110px; margin: 0;\" href=\"https:\/\/mybook.to\/mdxone-yeti-book\" target=\"_blank\" rel=\"noopener\"><br \/>\n<img decoding=\"async\" style=\"max-width: 100%; max-height: 100%; height: auto; border: 1px solid #ddd; border-radius: 6px; margin: 0;\" src=\"https:\/\/www.mdxone.com\/wp-content\/uploads\/2021\/07\/20250926_154724000_iOS.jpg\" alt=\"Learning to Snowboard, A Yeti Story \u2014 Kindle (English)\" \/><br \/>\n<\/a><\/p>\n<p><!-- French --><br \/>\n<a style=\"display: flex; justify-content: center; align-items: flex-start; width: 130px; height: 110px; margin: 0;\" href=\"https:\/\/mybook.to\/mdxone-livre-yetis\" target=\"_blank\" rel=\"noopener\"><br \/>\n<img decoding=\"async\" style=\"max-width: 100%; max-height: 100%; height: auto; border: 1px solid #ddd; border-radius: 6px; margin: 0;\" src=\"https:\/\/www.mdxone.com\/wp-content\/uploads\/2024\/10\/20251002_202617000_iOS.jpg\" alt=\"Apprendre \u00e0 faire du snowboard, une histoire de Yeti \u2014 Kindle (Fran\u00e7ais)\" \/><br \/>\n<\/a><\/p>\n<\/div>\n<\/div>","protected":false},"excerpt":{"rendered":"<div class=\"mdx-3col-fix\" style=\"display: grid; grid-template-columns: repeat(3, minmax(280px, 1fr)); gap: 28px; line-height: 1.45;\">\n<p><!-- Col 1: About the Story --><\/p>\n<div>\n<h3 style=\"margin: 0 0 8px 0;\">\u00c0 propos de l'histoire<\/h3>\n<p style=\"margin: 0 0 8px 0; font-style: italic;\"><strong>Apprendre le snowboard : Une histoire de Y\u00e9ti<\/strong> follows a family of Yetis as they teach their little ones to snowboard \u2014<br \/>\nthe same way you will with your child, using the MDXONE harness.<\/p>\n<p style=\"margin: 0;\">\u2705 <strong>Des personnages racontables<\/strong> - Les enfants se reconnaissent dans la famille Y\u00e9ti et apprennent pas \u00e0 pas.<\/p>\n<p style=\"margin: 0;\">\u2705 <strong>Encourage la confiance<\/strong> - Les parents enseignent comme les Y\u00e9tis, rendant les pistes amusantes et famili\u00e8res.<\/p>\n<p style=\"margin: 0;\">\u2705 <strong>Pages \u00e0 colorier bonus<\/strong> - Comprend 7 pages amusantes que les enfants peuvent colorier pour revivre l'histoire.<\/p>\n<p style=\"margin: 0;\">\u2705 <strong>Langues<\/strong> - Disponible en anglais et en fran\u00e7ais.<\/p>\n<\/div>\n<p><!-- Col 2: Bring the Story to Life --><\/p>\n<div>\n<h3 style=\"margin: 0 0 8px 0;\">Donner vie \u00e0 l'histoire<\/h3>\n<p style=\"margin: 0 0 8px 0;\">Lisez-le le soir, roulez sur la colline - associez ce livre au MDXONE <strong>L'UNIQUE<\/strong> L'heure du conte se transforme en premier tour de table.<\/p>\n<p><img decoding=\"async\" style=\"max-width: 85%; height: auto; border-radius: 8px; border: 1px solid #e5e5e5; display: block; margin: 0 auto 8px auto;\" src=\"https:\/\/www.mdxone.com\/wp-content\/uploads\/2021\/07\/MDXONE-2025-1st-Batch-@_jayperreault_-35.jpg\" alt=\"Child reading Learning to Snowboard book\" \/><\/p>\n<p style=\"margin: 0; font-size: 14px; text-align: center; color: #444;\">La m\u00eame m\u00e9thode de soutien que dans l'histoire, rendue vivante par le harnais MDXONE.<\/p>\n<\/div>\n<p><!-- Col 3: Complete the Experience (Harness Promo) --><\/p>\n<div>\n<h3 style=\"margin: 0 0 8px 0;\">Compl\u00e9ter l'exp\u00e9rience<\/h3>\n<p style=\"margin: 0;\">\u2705 <strong>Connexion du harnais<\/strong> - L'approche p\u00e9dagogique du livre correspond \u00e0 la fa\u00e7on dont les enfants apprennent avec MDXONE.<\/p>\n<p style=\"margin: 0;\">\u2705 <strong>Des premiers jours faciles<\/strong> - Des conseils en douceur, un contr\u00f4le s\u00fbr et de grands sourires.<\/p>\n<p style=\"margin: 0;\">\u2705 <strong>Avantages de l'offre group\u00e9e<\/strong> - <em>Economisez 15% sur ce livre<\/em> \u00e0 l'achat d'un harnais THE-ONE (s'applique automatiquement dans le panier).<\/p>\n<p style=\"margin: 12px 0 8px 0; font-weight: 600; color: #0091b3;\">De l'histoire du soir aux premiers tours de roue.<\/p>\n<p><a style=\"display: inline-block; background: #0091B3; color: #fff; font-weight: bold; text-decoration: none; padding: 10px 16px; border-radius: 6px;\" href=\"https:\/\/www.mdxone.com\/fr\/produit\/the-one-snowboard-harness\/\"><br \/>\nB\u00e9n\u00e9ficiez d'une r\u00e9duction de 15% en achetant le livre et le harnais.<br \/>\n<\/a><\/p>\n<\/div>\n<p><!-- Audio Preview (spans all 3 columns) --><\/p>\n<div style=\"grid-column: 1 \/ -1; margin-top: 12px;\">\n<h3 style=\"margin: 0 0 8px 0; text-align: center;\">Aper\u00e7u audio en anglais - Narr\u00e9 par DJ V.I.P<\/h3>\n<div style=\"width: 1920px;\" class=\"wp-video\"><video class=\"wp-video-shortcode\" id=\"video-19778-1\" width=\"1920\" height=\"1080\" poster=\"https:\/\/www.mdxone.com\/wp-content\/uploads\/2021\/07\/cover-illustrationflat-e1730133312326.png\" preload=\"metadata\" controls=\"controls\"><source type=\"video\/mp4\" src=\"https:\/\/www.mdxone.com\/wp-content\/uploads\/2021\/07\/Book-Audio-Preview.mp4?_=1\" \/><a href=\"https:\/\/www.mdxone.com\/wp-content\/uploads\/2021\/07\/Book-Audio-Preview.mp4\">https:\/\/www.mdxone.com\/wp-content\/uploads\/2021\/07\/Book-Audio-Preview.mp4<\/a><\/video><\/div>\n<\/div>\n<\/div>","protected":false},"author":37,"featured_media":23429,"comment_status":"closed","ping_status":"closed","template":"","meta":{"_acf_changed":false,"inline_featured_image":false,"advgb_blocks_editor_width":"","advgb_blocks_columns_visual_guide":""},"product_brand":[],"product_cat":[112,126,229],"product_tag":[],"class_list":{"0":"post-19778","1":"product","2":"type-product","3":"status-publish","4":"has-post-thumbnail","6":"product_cat-book","7":"product_cat-our-products","8":"product_cat-yeti-cool","10":"first","11":"instock","12":"featured","13":"taxable","14":"shipping-taxable","15":"purchasable","16":"product-type-variable"},"acf":[],"yoast_head":"<!-- This site is optimized with the Yoast SEO plugin v27.4 - https:\/\/yoast.com\/product\/yoast-seo-wordpress\/ -->\n<title>Hard Cover Book | Kid&#039;s Snowboard And More | MDXONE<\/title>\n<meta name=\"description\" content=\"Check out our Hard Cover Book product. Visit our online store for our collection of kids&#039; snowboard and other skii gear!\" \/>\n<meta name=\"robots\" content=\"index, follow, max-snippet:-1, max-image-preview:large, max-video-preview:-1\" \/>\n<link rel=\"canonical\" href=\"https:\/\/www.mdxone.com\/fr\/produit\/hard-cover-book\/\" \/>\n<meta property=\"og:locale\" content=\"fr_CA\" \/>\n<meta property=\"og:type\" content=\"article\" \/>\n<meta property=\"og:title\" content=\"Hard Cover Book | Kid&#039;s Snowboard And More | MDXONE\" \/>\n<meta property=\"og:description\" content=\"Check out our Hard Cover Book product. Visit our online store for our collection of kids&#039; snowboard and other skii gear!\" \/>\n<meta property=\"og:url\" content=\"https:\/\/www.mdxone.com\/fr\/produit\/hard-cover-book\/\" \/>\n<meta property=\"og:site_name\" content=\"MDXOne\" \/>\n<meta property=\"article:publisher\" content=\"https:\/\/www.facebook.com\/Mdxone-148452148682708\/\" \/>\n<meta property=\"article:modified_time\" content=\"2025-11-21T16:08:17+00:00\" \/>\n<meta property=\"og:image\" content=\"https:\/\/www.mdxone.com\/wp-content\/uploads\/2021\/07\/YETI.BOOK_.ACTION.1-1024x683.jpg\" \/>\n\t<meta property=\"og:image:width\" content=\"1024\" \/>\n\t<meta property=\"og:image:height\" content=\"683\" \/>\n\t<meta property=\"og:image:type\" content=\"image\/jpeg\" \/>\n<meta name=\"twitter:card\" content=\"summary_large_image\" \/>\n<meta name=\"twitter:site\" content=\"@mdxone\" \/>\n<meta name=\"twitter:label1\" content=\"Estimation du temps de lecture\" \/>\n\t<meta name=\"twitter:data1\" content=\"2 minutes\" \/>\n<script type=\"application\/ld+json\" class=\"yoast-schema-graph\">{\"@context\":\"https:\\\/\\\/schema.org\",\"@graph\":[{\"@type\":\"WebPage\",\"@id\":\"https:\\\/\\\/www.mdxone.com\\\/product\\\/hard-cover-book\\\/\",\"url\":\"https:\\\/\\\/www.mdxone.com\\\/product\\\/hard-cover-book\\\/\",\"name\":\"Hard Cover Book | Kid's Snowboard And More | MDXONE\",\"isPartOf\":{\"@id\":\"https:\\\/\\\/www.mdxone.com\\\/en\\\/#website\"},\"primaryImageOfPage\":{\"@id\":\"https:\\\/\\\/www.mdxone.com\\\/product\\\/hard-cover-book\\\/#primaryimage\"},\"image\":{\"@id\":\"https:\\\/\\\/www.mdxone.com\\\/product\\\/hard-cover-book\\\/#primaryimage\"},\"thumbnailUrl\":\"https:\\\/\\\/www.mdxone.com\\\/wp-content\\\/uploads\\\/2021\\\/07\\\/YETI.BOOK_.ACTION.1.jpg\",\"datePublished\":\"2021-07-27T18:30:25+00:00\",\"dateModified\":\"2025-11-21T16:08:17+00:00\",\"description\":\"Check out our Hard Cover Book product. Visit our online store for our collection of kids' snowboard and other skii gear!\",\"breadcrumb\":{\"@id\":\"https:\\\/\\\/www.mdxone.com\\\/product\\\/hard-cover-book\\\/#breadcrumb\"},\"inLanguage\":\"fr-CA\",\"potentialAction\":[{\"@type\":\"ReadAction\",\"target\":[\"https:\\\/\\\/www.mdxone.com\\\/product\\\/hard-cover-book\\\/\"]}]},{\"@type\":\"ImageObject\",\"inLanguage\":\"fr-CA\",\"@id\":\"https:\\\/\\\/www.mdxone.com\\\/product\\\/hard-cover-book\\\/#primaryimage\",\"url\":\"https:\\\/\\\/www.mdxone.com\\\/wp-content\\\/uploads\\\/2021\\\/07\\\/YETI.BOOK_.ACTION.1.jpg\",\"contentUrl\":\"https:\\\/\\\/www.mdxone.com\\\/wp-content\\\/uploads\\\/2021\\\/07\\\/YETI.BOOK_.ACTION.1.jpg\",\"width\":2048,\"height\":1366},{\"@type\":\"BreadcrumbList\",\"@id\":\"https:\\\/\\\/www.mdxone.com\\\/product\\\/hard-cover-book\\\/#breadcrumb\",\"itemListElement\":[{\"@type\":\"ListItem\",\"position\":1,\"name\":\"Home\",\"item\":\"https:\\\/\\\/www.mdxone.com\\\/\"},{\"@type\":\"ListItem\",\"position\":2,\"name\":\"Our Products\",\"item\":\"https:\\\/\\\/www.mdxone.com\\\/our-products\\\/\"},{\"@type\":\"ListItem\",\"position\":3,\"name\":\"Hard Cover Book\"}]},{\"@type\":\"WebSite\",\"@id\":\"https:\\\/\\\/www.mdxone.com\\\/en\\\/#website\",\"url\":\"https:\\\/\\\/www.mdxone.com\\\/en\\\/\",\"name\":\"MDXOne\",\"description\":\"\",\"publisher\":{\"@id\":\"https:\\\/\\\/www.mdxone.com\\\/en\\\/#organization\"},\"potentialAction\":[{\"@type\":\"SearchAction\",\"target\":{\"@type\":\"EntryPoint\",\"urlTemplate\":\"https:\\\/\\\/www.mdxone.com\\\/en\\\/?s={search_term_string}\"},\"query-input\":{\"@type\":\"PropertyValueSpecification\",\"valueRequired\":true,\"valueName\":\"search_term_string\"}}],\"inLanguage\":\"fr-CA\"},{\"@type\":\"Organization\",\"@id\":\"https:\\\/\\\/www.mdxone.com\\\/en\\\/#organization\",\"name\":\"MDXONE\",\"url\":\"https:\\\/\\\/www.mdxone.com\\\/en\\\/\",\"logo\":{\"@type\":\"ImageObject\",\"inLanguage\":\"fr-CA\",\"@id\":\"https:\\\/\\\/www.mdxone.com\\\/en\\\/#\\\/schema\\\/logo\\\/image\\\/\",\"url\":\"https:\\\/\\\/i0.wp.com\\\/www.mdxone.com\\\/wp-content\\\/uploads\\\/2023\\\/10\\\/cropped-MDXONE-favicon.png?fit=512%2C512&ssl=1\",\"contentUrl\":\"https:\\\/\\\/i0.wp.com\\\/www.mdxone.com\\\/wp-content\\\/uploads\\\/2023\\\/10\\\/cropped-MDXONE-favicon.png?fit=512%2C512&ssl=1\",\"width\":512,\"height\":512,\"caption\":\"MDXONE\"},\"image\":{\"@id\":\"https:\\\/\\\/www.mdxone.com\\\/en\\\/#\\\/schema\\\/logo\\\/image\\\/\"},\"sameAs\":[\"https:\\\/\\\/www.facebook.com\\\/Mdxone-148452148682708\\\/\",\"https:\\\/\\\/x.com\\\/mdxone\"]}]}<\/script>\n<!-- \/ Yoast SEO plugin. -->","yoast_head_json":{"title":"Hard Cover Book | Kid's Snowboard And More | MDXONE","description":"Check out our Hard Cover Book product. Visit our online store for our collection of kids' snowboard and other skii gear!","robots":{"index":"index","follow":"follow","max-snippet":"max-snippet:-1","max-image-preview":"max-image-preview:large","max-video-preview":"max-video-preview:-1"},"canonical":"https:\/\/www.mdxone.com\/fr\/produit\/hard-cover-book\/","og_locale":"fr_CA","og_type":"article","og_title":"Hard Cover Book | Kid's Snowboard And More | MDXONE","og_description":"Check out our Hard Cover Book product. Visit our online store for our collection of kids' snowboard and other skii gear!","og_url":"https:\/\/www.mdxone.com\/fr\/produit\/hard-cover-book\/","og_site_name":"MDXOne","article_publisher":"https:\/\/www.facebook.com\/Mdxone-148452148682708\/","article_modified_time":"2025-11-21T16:08:17+00:00","og_image":[{"width":1024,"height":683,"url":"https:\/\/www.mdxone.com\/wp-content\/uploads\/2021\/07\/YETI.BOOK_.ACTION.1-1024x683.jpg","type":"image\/jpeg"}],"twitter_card":"summary_large_image","twitter_site":"@mdxone","twitter_misc":{"Estimation du temps de lecture":"2 minutes"},"schema":{"@context":"https:\/\/schema.org","@graph":[{"@type":"WebPage","@id":"https:\/\/www.mdxone.com\/product\/hard-cover-book\/","url":"https:\/\/www.mdxone.com\/product\/hard-cover-book\/","name":"Hard Cover Book | Kid's Snowboard And More | MDXONE","isPartOf":{"@id":"https:\/\/www.mdxone.com\/en\/#website"},"primaryImageOfPage":{"@id":"https:\/\/www.mdxone.com\/product\/hard-cover-book\/#primaryimage"},"image":{"@id":"https:\/\/www.mdxone.com\/product\/hard-cover-book\/#primaryimage"},"thumbnailUrl":"https:\/\/www.mdxone.com\/wp-content\/uploads\/2021\/07\/YETI.BOOK_.ACTION.1.jpg","datePublished":"2021-07-27T18:30:25+00:00","dateModified":"2025-11-21T16:08:17+00:00","description":"Check out our Hard Cover Book product. Visit our online store for our collection of kids' snowboard and other skii gear!","breadcrumb":{"@id":"https:\/\/www.mdxone.com\/product\/hard-cover-book\/#breadcrumb"},"inLanguage":"fr-CA","potentialAction":[{"@type":"ReadAction","target":["https:\/\/www.mdxone.com\/product\/hard-cover-book\/"]}]},{"@type":"ImageObject","inLanguage":"fr-CA","@id":"https:\/\/www.mdxone.com\/product\/hard-cover-book\/#primaryimage","url":"https:\/\/www.mdxone.com\/wp-content\/uploads\/2021\/07\/YETI.BOOK_.ACTION.1.jpg","contentUrl":"https:\/\/www.mdxone.com\/wp-content\/uploads\/2021\/07\/YETI.BOOK_.ACTION.1.jpg","width":2048,"height":1366},{"@type":"BreadcrumbList","@id":"https:\/\/www.mdxone.com\/product\/hard-cover-book\/#breadcrumb","itemListElement":[{"@type":"ListItem","position":1,"name":"Home","item":"https:\/\/www.mdxone.com\/"},{"@type":"ListItem","position":2,"name":"Our Products","item":"https:\/\/www.mdxone.com\/our-products\/"},{"@type":"ListItem","position":3,"name":"Hard Cover Book"}]},{"@type":"WebSite","@id":"https:\/\/www.mdxone.com\/en\/#website","url":"https:\/\/www.mdxone.com\/en\/","name":"MDXOne","description":"","publisher":{"@id":"https:\/\/www.mdxone.com\/en\/#organization"},"potentialAction":[{"@type":"SearchAction","target":{"@type":"EntryPoint","urlTemplate":"https:\/\/www.mdxone.com\/en\/?s={search_term_string}"},"query-input":{"@type":"PropertyValueSpecification","valueRequired":true,"valueName":"search_term_string"}}],"inLanguage":"fr-CA"},{"@type":"Organization","@id":"https:\/\/www.mdxone.com\/en\/#organization","name":"MDXONE","url":"https:\/\/www.mdxone.com\/en\/","logo":{"@type":"ImageObject","inLanguage":"fr-CA","@id":"https:\/\/www.mdxone.com\/en\/#\/schema\/logo\/image\/","url":"https:\/\/i0.wp.com\/www.mdxone.com\/wp-content\/uploads\/2023\/10\/cropped-MDXONE-favicon.png?fit=512%2C512&ssl=1","contentUrl":"https:\/\/i0.wp.com\/www.mdxone.com\/wp-content\/uploads\/2023\/10\/cropped-MDXONE-favicon.png?fit=512%2C512&ssl=1","width":512,"height":512,"caption":"MDXONE"},"image":{"@id":"https:\/\/www.mdxone.com\/en\/#\/schema\/logo\/image\/"},"sameAs":["https:\/\/www.facebook.com\/Mdxone-148452148682708\/","https:\/\/x.com\/mdxone"]}]}},"featured_img":"https:\/\/www.mdxone.com\/wp-content\/uploads\/2021\/07\/YETI.BOOK_.ACTION.1.jpg","coauthors":[],"author_meta":{"author_link":"https:\/\/www.mdxone.com\/fr\/author\/","display_name":""},"relative_dates":{"created":"Posted 5 ann\u00e9es ago","modified":"Updated 5 mois ago"},"absolute_dates":{"created":"Posted on juillet 27, 2021","modified":"Updated on novembre 21, 2025"},"absolute_dates_time":{"created":"Posted on juillet 27, 2021 2:30 pm","modified":"Updated on novembre 21, 2025 11:08 am"},"featured_img_caption":"","tax_additional":{"product_brand":{"linked":[],"unlinked":[],"slug":"product_brand","name":"Marques"},"product_type":{"linked":["<a href=\"https:\/\/www.mdxone.com\/fr\/?taxonomy=product_type&#038;term=variable\" class=\"advgb-post-tax-term\">variable<\/a>"],"unlinked":["<span class=\"advgb-post-tax-term\">variable<\/span>"],"slug":"product_type","name":"Type de produit"},"product_visibility":{"linked":["<a href=\"https:\/\/www.mdxone.com\/fr\/?taxonomy=product_visibility&#038;term=featured\" class=\"advgb-post-tax-term\">featured<\/a>"],"unlinked":["<span class=\"advgb-post-tax-term\">featured<\/span>"],"slug":"product_visibility","name":"Visibilit\u00e9 du produit"},"product_cat":{"linked":["<a href=\"https:\/\/www.mdxone.com\/fr\/categorie-produit\/book\/\" class=\"advgb-post-tax-term\">BOOK<\/a>","<a href=\"https:\/\/www.mdxone.com\/fr\/categorie-produit\/our-products\/\" class=\"advgb-post-tax-term\">Our Products<\/a>","<a href=\"https:\/\/www.mdxone.com\/fr\/categorie-produit\/yeti-cool\/\" class=\"advgb-post-tax-term\">Yeti Cool<\/a>"],"unlinked":["<span class=\"advgb-post-tax-term\">BOOK<\/span>","<span class=\"advgb-post-tax-term\">Our Products<\/span>","<span class=\"advgb-post-tax-term\">Yeti Cool<\/span>"],"slug":"product_cat","name":"Cat\u00e9gories de produits"},"product_tag":{"linked":[],"unlinked":[],"slug":"product_tag","name":"\u00c9tiquettes produit"},"product_shipping_class":{"linked":[],"unlinked":[],"slug":"product_shipping_class","name":"Classe de livraison du produit"},"pos_product_visibility":{"linked":[],"unlinked":[],"slug":"pos_product_visibility","name":"POS Visibilit\u00e9 des produits"},"pa_color":{"linked":[],"unlinked":[],"slug":"pa_color","name":"Produit Choisissez votre couleur :"},"pa_double-plush":{"linked":[],"unlinked":[],"slug":"pa_double-plush","name":"Produit Choisissez votre style :"},"pa_facemask":{"linked":[],"unlinked":[],"slug":"pa_facemask","name":"Produit Choisissez votre couleur :"},"pa_fleece-balaclava":{"linked":[],"unlinked":[],"slug":"pa_fleece-balaclava","name":"Produit Style"},"pa_language":{"linked":["<a href=\"https:\/\/www.mdxone.com\/fr\/?taxonomy=pa_language&#038;term=english\" class=\"advgb-post-tax-term\">English<\/a>","<a href=\"https:\/\/www.mdxone.com\/fr\/?taxonomy=pa_language&#038;term=french\" class=\"advgb-post-tax-term\">French<\/a>"],"unlinked":["<span class=\"advgb-post-tax-term\">English<\/span>","<span class=\"advgb-post-tax-term\">French<\/span>"],"slug":"pa_language","name":"Produit Choose Language"},"pa_no-pompoms":{"linked":[],"unlinked":[],"slug":"pa_no-pompoms","name":"Produit No Pompoms"},"pa_on-sale":{"linked":[],"unlinked":[],"slug":"pa_on-sale","name":"Produit EN VENTE"},"pa_outlet-balaclavas":{"linked":[],"unlinked":[],"slug":"pa_outlet-balaclavas","name":"Produit Choisissez votre couleur :"},"pa_parts":{"linked":[],"unlinked":[],"slug":"pa_parts","name":"Produit Parts"},"pa_pom-poms":{"linked":[],"unlinked":[],"slug":"pa_pom-poms","name":"Produit Choisissez votre couleur :"},"pa_seat-harness":{"linked":[],"unlinked":[],"slug":"pa_seat-harness","name":"Produit Seat Harness"},"pa_size":{"linked":[],"unlinked":[],"slug":"pa_size","name":"Produit Size"},"pa_sticker-pack":{"linked":[],"unlinked":[],"slug":"pa_sticker-pack","name":"Produit STICKER PACK"},"pa_with-pompoms":{"linked":[],"unlinked":[],"slug":"pa_with-pompoms","name":"Produit With Pompoms"},"pa_yeti-goggles":{"linked":[],"unlinked":[],"slug":"pa_yeti-goggles","name":"Produit Choisissez votre couleur :"},"pa_yeti-stuffy":{"linked":[],"unlinked":[],"slug":"pa_yeti-stuffy","name":"Produit Choisissez votre Yeti :"}},"series_order":"","_links":{"self":[{"href":"https:\/\/www.mdxone.com\/fr\/wp-json\/wp\/v2\/product\/19778","targetHints":{"allow":["GET"]}}],"collection":[{"href":"https:\/\/www.mdxone.com\/fr\/wp-json\/wp\/v2\/product"}],"about":[{"href":"https:\/\/www.mdxone.com\/fr\/wp-json\/wp\/v2\/types\/product"}],"replies":[{"embeddable":true,"href":"https:\/\/www.mdxone.com\/fr\/wp-json\/wp\/v2\/comments?post=19778"}],"wp:featuredmedia":[{"embeddable":true,"href":"https:\/\/www.mdxone.com\/fr\/wp-json\/wp\/v2\/media\/23429"}],"wp:attachment":[{"href":"https:\/\/www.mdxone.com\/fr\/wp-json\/wp\/v2\/media?parent=19778"}],"wp:term":[{"taxonomy":"product_brand","embeddable":true,"href":"https:\/\/www.mdxone.com\/fr\/wp-json\/wp\/v2\/product_brand?post=19778"},{"taxonomy":"product_cat","embeddable":true,"href":"https:\/\/www.mdxone.com\/fr\/wp-json\/wp\/v2\/product_cat?post=19778"},{"taxonomy":"product_tag","embeddable":true,"href":"https:\/\/www.mdxone.com\/fr\/wp-json\/wp\/v2\/product_tag?post=19778"}],"curies":[{"name":"wp","href":"https:\/\/api.w.org\/{rel}","templated":true}]}}