{"id":21859,"date":"2023-12-06T11:28:38","date_gmt":"2023-12-06T16:28:38","guid":{"rendered":"https:\/\/www.mdxone.com\/?post_type=product&#038;p=21859"},"modified":"2025-10-25T17:29:43","modified_gmt":"2025-10-25T21:29:43","slug":"yeti-cool-snowboard","status":"publish","type":"product","link":"https:\/\/www.mdxone.com\/fr\/produit\/yeti-cool-snowboard\/","title":{"rendered":"Snowboard Yeti Cool"},"content":{"rendered":"<p>\u00c9PUIS\u00c9 - V\u00c9RIFIEZ NOTRE AMAZON.US OU AMAZON.CA<br \/>\nF\u00c9LICITATIONS \u00c0 CEUX QUI ONT ACHET\u00c9 CETTE PLANCHE EN \u00c9DITION LIMIT\u00c9E !<br \/>\nLe snowboard Burton x Mdxone Kids 80cm pr\u00e9sente d'adorables graphismes de notre adorable famille Yeti.<\/p>\n<p>Con\u00e7u pour l'apprentissage<br \/>\nLe design Easy Bevel cr\u00e9e une planche incroyablement douce et tol\u00e9rante avec une base convexe qui soul\u00e8ve les carres de la neige, ce qui rend pratiquement impossible l'accrochage d'une carre.<br \/>\nRouler en mode alternatif ou en mode normal<br \/>\nLe Twin Shape et le flex signifient que cette planche est parfaitement sym\u00e9trique pour un ride \u00e9quilibr\u00e9 afin que les enfants puissent rider en switch ou en regular.<\/p>\n<p>LA PLANCHE N'INCLUT PAS LES FIXATIONS<\/p>","protected":false},"excerpt":{"rendered":"<h1><span style=\"color: #008080\">Acheter un harnais de snowboard et un livre de snowboard !<\/span><\/h1>\n<p><a href=\"https:\/\/www.mdxone.com\/fr\/produit\/mdxone-snowboard-harness\/\" target=\"_blank\" rel=\"https:\/\/www.mdxone.com\/en\/product\/mdxone-snowboard-harness\/ noopener\"><img fetchpriority=\"high\" decoding=\"async\" class=\"wp-image-20777 alignnone\" title=\"SHOP SNOWBOARD HARNESS\" src=\"https:\/\/www.mdxone.com\/wp-content\/uploads\/2021\/07\/ox.aqua_.side_.noSH-1.png\" alt=\"\" width=\"290\" height=\"329\" srcset=\"https:\/\/www.mdxone.com\/wp-content\/uploads\/2021\/07\/ox.aqua_.side_.noSH-1.png 1549w, https:\/\/www.mdxone.com\/wp-content\/uploads\/2021\/07\/ox.aqua_.side_.noSH-1-400x453.png 400w, https:\/\/www.mdxone.com\/wp-content\/uploads\/2021\/07\/ox.aqua_.side_.noSH-1-600x680.png 600w, https:\/\/www.mdxone.com\/wp-content\/uploads\/2021\/07\/ox.aqua_.side_.noSH-1-265x300.png 265w, https:\/\/www.mdxone.com\/wp-content\/uploads\/2021\/07\/ox.aqua_.side_.noSH-1-904x1024.png 904w, https:\/\/www.mdxone.com\/wp-content\/uploads\/2021\/07\/ox.aqua_.side_.noSH-1-768x870.png 768w, https:\/\/www.mdxone.com\/wp-content\/uploads\/2021\/07\/ox.aqua_.side_.noSH-1-1356x1536.png 1356w, https:\/\/www.mdxone.com\/wp-content\/uploads\/2021\/07\/ox.aqua_.side_.noSH-1-11x12.png 11w\" sizes=\"(max-width: 290px) 100vw, 290px\" \/><\/a><a href=\"https:\/\/www.mdxone.com\/fr\/produit\/hard-cover-book\/\" target=\"_blank\" rel=\"https:\/\/www.mdxone.com\/en\/product\/hard-cover-book\/ noopener\"><img decoding=\"async\" class=\"wp-image-19788 alignleft\" title=\"Livre sur le snowboard\" src=\"https:\/\/www.mdxone.com\/wp-content\/uploads\/2021\/07\/cover-illustrationflat.png\" alt=\"\" width=\"236\" height=\"289\" srcset=\"https:\/\/www.mdxone.com\/wp-content\/uploads\/2021\/07\/cover-illustrationflat.png 1080w, https:\/\/www.mdxone.com\/wp-content\/uploads\/2021\/07\/cover-illustrationflat-400x489.png 400w, https:\/\/www.mdxone.com\/wp-content\/uploads\/2021\/07\/cover-illustrationflat-600x733.png 600w, https:\/\/www.mdxone.com\/wp-content\/uploads\/2021\/07\/cover-illustrationflat-245x300.png 245w, https:\/\/www.mdxone.com\/wp-content\/uploads\/2021\/07\/cover-illustrationflat-838x1024.png 838w, https:\/\/www.mdxone.com\/wp-content\/uploads\/2021\/07\/cover-illustrationflat-768x939.png 768w, https:\/\/www.mdxone.com\/wp-content\/uploads\/2021\/07\/cover-illustrationflat-10x12.png 10w\" sizes=\"(max-width: 236px) 100vw, 236px\" \/><\/a><\/p>","protected":false},"author":36,"featured_media":22126,"comment_status":"closed","ping_status":"closed","template":"","meta":{"_acf_changed":false,"inline_featured_image":false,"advgb_blocks_editor_width":"","advgb_blocks_columns_visual_guide":""},"product_brand":[],"product_cat":[235],"product_tag":[],"class_list":{"0":"post-21859","1":"product","2":"type-product","3":"status-publish","4":"has-post-thumbnail","6":"product_cat-snowboard","8":"first","9":"outofstock","10":"featured","11":"taxable","12":"shipping-taxable","13":"purchasable","14":"product-type-simple"},"acf":[],"yoast_head":"<!-- This site is optimized with the Yoast SEO plugin v27.6 - https:\/\/yoast.com\/product\/yoast-seo-wordpress\/ -->\n<title>Yeti Cool Snowboard | Kid&#039;s Snowboard And More | MDXONE<\/title>\n<meta name=\"description\" content=\"Check out our Yeti Cool Snowboard product. Visit our online store for our collection of kids&#039; snowboard and other skii gear!\" \/>\n<meta name=\"robots\" content=\"index, follow, max-snippet:-1, max-image-preview:large, max-video-preview:-1\" \/>\n<link rel=\"canonical\" href=\"https:\/\/www.mdxone.com\/fr\/produit\/yeti-cool-snowboard\/\" \/>\n<meta property=\"og:locale\" content=\"fr_CA\" \/>\n<meta property=\"og:type\" content=\"article\" \/>\n<meta property=\"og:title\" content=\"Yeti Cool Snowboard | Kid&#039;s Snowboard And More | MDXONE\" \/>\n<meta property=\"og:description\" content=\"Check out our Yeti Cool Snowboard product. Visit our online store for our collection of kids&#039; snowboard and other skii gear!\" \/>\n<meta property=\"og:url\" content=\"https:\/\/www.mdxone.com\/fr\/produit\/yeti-cool-snowboard\/\" \/>\n<meta property=\"og:site_name\" content=\"MDXOne\" \/>\n<meta property=\"article:publisher\" content=\"https:\/\/www.facebook.com\/Mdxone-148452148682708\/\" \/>\n<meta property=\"article:modified_time\" content=\"2025-10-25T21:29:43+00:00\" \/>\n<meta property=\"og:image\" content=\"https:\/\/www.mdxone.com\/wp-content\/uploads\/2023\/12\/MDXONE-Products-shot_2024@_jayperreault-5-scaled.jpg\" \/>\n\t<meta property=\"og:image:width\" content=\"1708\" \/>\n\t<meta property=\"og:image:height\" content=\"2560\" \/>\n\t<meta property=\"og:image:type\" content=\"image\/jpeg\" \/>\n<meta name=\"twitter:card\" content=\"summary_large_image\" \/>\n<meta name=\"twitter:site\" content=\"@mdxone\" \/>\n<meta name=\"twitter:label1\" content=\"Estimation du temps de lecture\" \/>\n\t<meta name=\"twitter:data1\" content=\"1 minute\" \/>\n<script type=\"application\/ld+json\" class=\"yoast-schema-graph\">{\"@context\":\"https:\\\/\\\/schema.org\",\"@graph\":[{\"@type\":\"WebPage\",\"@id\":\"https:\\\/\\\/www.mdxone.com\\\/product\\\/yeti-cool-snowboard\\\/\",\"url\":\"https:\\\/\\\/www.mdxone.com\\\/product\\\/yeti-cool-snowboard\\\/\",\"name\":\"Yeti Cool Snowboard | Kid's Snowboard And More | MDXONE\",\"isPartOf\":{\"@id\":\"https:\\\/\\\/www.mdxone.com\\\/en\\\/#website\"},\"primaryImageOfPage\":{\"@id\":\"https:\\\/\\\/www.mdxone.com\\\/product\\\/yeti-cool-snowboard\\\/#primaryimage\"},\"image\":{\"@id\":\"https:\\\/\\\/www.mdxone.com\\\/product\\\/yeti-cool-snowboard\\\/#primaryimage\"},\"thumbnailUrl\":\"https:\\\/\\\/www.mdxone.com\\\/wp-content\\\/uploads\\\/2023\\\/12\\\/MDXONE-Products-shot_2024@_jayperreault-5-scaled.jpg\",\"datePublished\":\"2023-12-06T16:28:38+00:00\",\"dateModified\":\"2025-10-25T21:29:43+00:00\",\"description\":\"Check out our Yeti Cool Snowboard product. Visit our online store for our collection of kids' snowboard and other skii gear!\",\"breadcrumb\":{\"@id\":\"https:\\\/\\\/www.mdxone.com\\\/product\\\/yeti-cool-snowboard\\\/#breadcrumb\"},\"inLanguage\":\"fr-CA\",\"potentialAction\":[{\"@type\":\"ReadAction\",\"target\":[\"https:\\\/\\\/www.mdxone.com\\\/product\\\/yeti-cool-snowboard\\\/\"]}]},{\"@type\":\"ImageObject\",\"inLanguage\":\"fr-CA\",\"@id\":\"https:\\\/\\\/www.mdxone.com\\\/product\\\/yeti-cool-snowboard\\\/#primaryimage\",\"url\":\"https:\\\/\\\/www.mdxone.com\\\/wp-content\\\/uploads\\\/2023\\\/12\\\/MDXONE-Products-shot_2024@_jayperreault-5-scaled.jpg\",\"contentUrl\":\"https:\\\/\\\/www.mdxone.com\\\/wp-content\\\/uploads\\\/2023\\\/12\\\/MDXONE-Products-shot_2024@_jayperreault-5-scaled.jpg\",\"width\":1708,\"height\":2560},{\"@type\":\"BreadcrumbList\",\"@id\":\"https:\\\/\\\/www.mdxone.com\\\/product\\\/yeti-cool-snowboard\\\/#breadcrumb\",\"itemListElement\":[{\"@type\":\"ListItem\",\"position\":1,\"name\":\"Home\",\"item\":\"https:\\\/\\\/www.mdxone.com\\\/\"},{\"@type\":\"ListItem\",\"position\":2,\"name\":\"Our Products\",\"item\":\"https:\\\/\\\/www.mdxone.com\\\/our-products\\\/\"},{\"@type\":\"ListItem\",\"position\":3,\"name\":\"Yeti Cool Snowboard\"}]},{\"@type\":\"WebSite\",\"@id\":\"https:\\\/\\\/www.mdxone.com\\\/en\\\/#website\",\"url\":\"https:\\\/\\\/www.mdxone.com\\\/en\\\/\",\"name\":\"MDXOne\",\"description\":\"\",\"publisher\":{\"@id\":\"https:\\\/\\\/www.mdxone.com\\\/en\\\/#organization\"},\"potentialAction\":[{\"@type\":\"SearchAction\",\"target\":{\"@type\":\"EntryPoint\",\"urlTemplate\":\"https:\\\/\\\/www.mdxone.com\\\/en\\\/?s={search_term_string}\"},\"query-input\":{\"@type\":\"PropertyValueSpecification\",\"valueRequired\":true,\"valueName\":\"search_term_string\"}}],\"inLanguage\":\"fr-CA\"},{\"@type\":\"Organization\",\"@id\":\"https:\\\/\\\/www.mdxone.com\\\/en\\\/#organization\",\"name\":\"MDXONE\",\"url\":\"https:\\\/\\\/www.mdxone.com\\\/en\\\/\",\"logo\":{\"@type\":\"ImageObject\",\"inLanguage\":\"fr-CA\",\"@id\":\"https:\\\/\\\/www.mdxone.com\\\/en\\\/#\\\/schema\\\/logo\\\/image\\\/\",\"url\":\"https:\\\/\\\/i0.wp.com\\\/www.mdxone.com\\\/wp-content\\\/uploads\\\/2023\\\/10\\\/cropped-MDXONE-favicon.png?fit=512%2C512&ssl=1\",\"contentUrl\":\"https:\\\/\\\/i0.wp.com\\\/www.mdxone.com\\\/wp-content\\\/uploads\\\/2023\\\/10\\\/cropped-MDXONE-favicon.png?fit=512%2C512&ssl=1\",\"width\":512,\"height\":512,\"caption\":\"MDXONE\"},\"image\":{\"@id\":\"https:\\\/\\\/www.mdxone.com\\\/en\\\/#\\\/schema\\\/logo\\\/image\\\/\"},\"sameAs\":[\"https:\\\/\\\/www.facebook.com\\\/Mdxone-148452148682708\\\/\",\"https:\\\/\\\/x.com\\\/mdxone\"]}]}<\/script>\n<!-- \/ Yoast SEO plugin. -->","yoast_head_json":{"title":"Yeti Cool Snowboard | Kid's Snowboard And More | MDXONE","description":"Check out our Yeti Cool Snowboard product. Visit our online store for our collection of kids' snowboard and other skii gear!","robots":{"index":"index","follow":"follow","max-snippet":"max-snippet:-1","max-image-preview":"max-image-preview:large","max-video-preview":"max-video-preview:-1"},"canonical":"https:\/\/www.mdxone.com\/fr\/produit\/yeti-cool-snowboard\/","og_locale":"fr_CA","og_type":"article","og_title":"Yeti Cool Snowboard | Kid's Snowboard And More | MDXONE","og_description":"Check out our Yeti Cool Snowboard product. Visit our online store for our collection of kids' snowboard and other skii gear!","og_url":"https:\/\/www.mdxone.com\/fr\/produit\/yeti-cool-snowboard\/","og_site_name":"MDXOne","article_publisher":"https:\/\/www.facebook.com\/Mdxone-148452148682708\/","article_modified_time":"2025-10-25T21:29:43+00:00","og_image":[{"width":1708,"height":2560,"url":"https:\/\/www.mdxone.com\/wp-content\/uploads\/2023\/12\/MDXONE-Products-shot_2024@_jayperreault-5-scaled.jpg","type":"image\/jpeg"}],"twitter_card":"summary_large_image","twitter_site":"@mdxone","twitter_misc":{"Estimation du temps de lecture":"1 minute"},"schema":{"@context":"https:\/\/schema.org","@graph":[{"@type":"WebPage","@id":"https:\/\/www.mdxone.com\/product\/yeti-cool-snowboard\/","url":"https:\/\/www.mdxone.com\/product\/yeti-cool-snowboard\/","name":"Yeti Cool Snowboard | Kid's Snowboard And More | MDXONE","isPartOf":{"@id":"https:\/\/www.mdxone.com\/en\/#website"},"primaryImageOfPage":{"@id":"https:\/\/www.mdxone.com\/product\/yeti-cool-snowboard\/#primaryimage"},"image":{"@id":"https:\/\/www.mdxone.com\/product\/yeti-cool-snowboard\/#primaryimage"},"thumbnailUrl":"https:\/\/www.mdxone.com\/wp-content\/uploads\/2023\/12\/MDXONE-Products-shot_2024@_jayperreault-5-scaled.jpg","datePublished":"2023-12-06T16:28:38+00:00","dateModified":"2025-10-25T21:29:43+00:00","description":"Check out our Yeti Cool Snowboard product. Visit our online store for our collection of kids' snowboard and other skii gear!","breadcrumb":{"@id":"https:\/\/www.mdxone.com\/product\/yeti-cool-snowboard\/#breadcrumb"},"inLanguage":"fr-CA","potentialAction":[{"@type":"ReadAction","target":["https:\/\/www.mdxone.com\/product\/yeti-cool-snowboard\/"]}]},{"@type":"ImageObject","inLanguage":"fr-CA","@id":"https:\/\/www.mdxone.com\/product\/yeti-cool-snowboard\/#primaryimage","url":"https:\/\/www.mdxone.com\/wp-content\/uploads\/2023\/12\/MDXONE-Products-shot_2024@_jayperreault-5-scaled.jpg","contentUrl":"https:\/\/www.mdxone.com\/wp-content\/uploads\/2023\/12\/MDXONE-Products-shot_2024@_jayperreault-5-scaled.jpg","width":1708,"height":2560},{"@type":"BreadcrumbList","@id":"https:\/\/www.mdxone.com\/product\/yeti-cool-snowboard\/#breadcrumb","itemListElement":[{"@type":"ListItem","position":1,"name":"Home","item":"https:\/\/www.mdxone.com\/"},{"@type":"ListItem","position":2,"name":"Our Products","item":"https:\/\/www.mdxone.com\/our-products\/"},{"@type":"ListItem","position":3,"name":"Yeti Cool Snowboard"}]},{"@type":"WebSite","@id":"https:\/\/www.mdxone.com\/en\/#website","url":"https:\/\/www.mdxone.com\/en\/","name":"MDXOne","description":"","publisher":{"@id":"https:\/\/www.mdxone.com\/en\/#organization"},"potentialAction":[{"@type":"SearchAction","target":{"@type":"EntryPoint","urlTemplate":"https:\/\/www.mdxone.com\/en\/?s={search_term_string}"},"query-input":{"@type":"PropertyValueSpecification","valueRequired":true,"valueName":"search_term_string"}}],"inLanguage":"fr-CA"},{"@type":"Organization","@id":"https:\/\/www.mdxone.com\/en\/#organization","name":"MDXONE","url":"https:\/\/www.mdxone.com\/en\/","logo":{"@type":"ImageObject","inLanguage":"fr-CA","@id":"https:\/\/www.mdxone.com\/en\/#\/schema\/logo\/image\/","url":"https:\/\/i0.wp.com\/www.mdxone.com\/wp-content\/uploads\/2023\/10\/cropped-MDXONE-favicon.png?fit=512%2C512&ssl=1","contentUrl":"https:\/\/i0.wp.com\/www.mdxone.com\/wp-content\/uploads\/2023\/10\/cropped-MDXONE-favicon.png?fit=512%2C512&ssl=1","width":512,"height":512,"caption":"MDXONE"},"image":{"@id":"https:\/\/www.mdxone.com\/en\/#\/schema\/logo\/image\/"},"sameAs":["https:\/\/www.facebook.com\/Mdxone-148452148682708\/","https:\/\/x.com\/mdxone"]}]}},"featured_img":"https:\/\/www.mdxone.com\/wp-content\/uploads\/2023\/12\/MDXONE-Products-shot_2024@_jayperreault-5-scaled.jpg","coauthors":[],"author_meta":{"author_link":"https:\/\/www.mdxone.com\/fr\/author\/chad-holden\/","display_name":"Chad"},"relative_dates":{"created":"Posted 2 ann\u00e9es ago","modified":"Updated 7 mois ago"},"absolute_dates":{"created":"Posted on D\u00e9cembre 6, 2023","modified":"Updated on octobre 25, 2025"},"absolute_dates_time":{"created":"Posted on D\u00e9cembre 6, 2023 11:28 am","modified":"Updated on octobre 25, 2025 5:29 pm"},"featured_img_caption":"","tax_additional":{"product_brand":{"linked":[],"unlinked":[],"slug":"product_brand","name":"Marques"},"product_type":{"linked":["<a href=\"https:\/\/www.mdxone.com\/fr\/?taxonomy=product_type&#038;term=simple\" class=\"advgb-post-tax-term\">simple<\/a>"],"unlinked":["<span class=\"advgb-post-tax-term\">simple<\/span>"],"slug":"product_type","name":"Type de produit"},"product_visibility":{"linked":["<a href=\"https:\/\/www.mdxone.com\/fr\/?taxonomy=product_visibility&#038;term=featured\" class=\"advgb-post-tax-term\">featured<\/a>","<a href=\"https:\/\/www.mdxone.com\/fr\/?taxonomy=product_visibility&#038;term=outofstock\" class=\"advgb-post-tax-term\">outofstock<\/a>"],"unlinked":["<span class=\"advgb-post-tax-term\">featured<\/span>","<span class=\"advgb-post-tax-term\">outofstock<\/span>"],"slug":"product_visibility","name":"Visibilit\u00e9 du produit"},"product_cat":{"linked":["<a href=\"https:\/\/www.mdxone.com\/fr\/categorie-produit\/snowboard\/\" class=\"advgb-post-tax-term\">Snowboard<\/a>"],"unlinked":["<span class=\"advgb-post-tax-term\">Snowboard<\/span>"],"slug":"product_cat","name":"Cat\u00e9gories de produits"},"product_tag":{"linked":[],"unlinked":[],"slug":"product_tag","name":"\u00c9tiquettes produit"},"product_shipping_class":{"linked":[],"unlinked":[],"slug":"product_shipping_class","name":"Classe de livraison du produit"},"pos_product_visibility":{"linked":[],"unlinked":[],"slug":"pos_product_visibility","name":"POS Visibilit\u00e9 des produits"},"pa_color":{"linked":[],"unlinked":[],"slug":"pa_color","name":"Produit Choisissez votre couleur :"},"pa_double-plush":{"linked":[],"unlinked":[],"slug":"pa_double-plush","name":"Produit Choisissez votre style :"},"pa_facemask":{"linked":[],"unlinked":[],"slug":"pa_facemask","name":"Produit Choisissez votre couleur :"},"pa_fleece-balaclava":{"linked":[],"unlinked":[],"slug":"pa_fleece-balaclava","name":"Produit Style"},"pa_language":{"linked":[],"unlinked":[],"slug":"pa_language","name":"Produit Choose Language"},"pa_no-pompoms":{"linked":[],"unlinked":[],"slug":"pa_no-pompoms","name":"Produit No Pompoms"},"pa_on-sale":{"linked":[],"unlinked":[],"slug":"pa_on-sale","name":"Produit EN VENTE"},"pa_outlet-balaclavas":{"linked":[],"unlinked":[],"slug":"pa_outlet-balaclavas","name":"Produit Choisissez votre couleur :"},"pa_parts":{"linked":[],"unlinked":[],"slug":"pa_parts","name":"Produit Parts"},"pa_pom-poms":{"linked":[],"unlinked":[],"slug":"pa_pom-poms","name":"Produit Choisissez votre couleur :"},"pa_seat-harness":{"linked":[],"unlinked":[],"slug":"pa_seat-harness","name":"Produit Seat Harness"},"pa_size":{"linked":["<a href=\"https:\/\/www.mdxone.com\/fr\/?taxonomy=pa_size&#038;term=80cm\" class=\"advgb-post-tax-term\">80cm<\/a>"],"unlinked":["<span class=\"advgb-post-tax-term\">80cm<\/span>"],"slug":"pa_size","name":"Produit Size"},"pa_sticker-pack":{"linked":[],"unlinked":[],"slug":"pa_sticker-pack","name":"Produit STICKER PACK"},"pa_tow-buddy":{"linked":[],"unlinked":[],"slug":"pa_tow-buddy","name":"Produit Tow Buddy"},"pa_with-pompoms":{"linked":[],"unlinked":[],"slug":"pa_with-pompoms","name":"Produit With Pompoms"},"pa_yeti-goggles":{"linked":[],"unlinked":[],"slug":"pa_yeti-goggles","name":"Produit Choisissez votre couleur :"},"pa_yeti-stuffy":{"linked":[],"unlinked":[],"slug":"pa_yeti-stuffy","name":"Produit Choisissez votre Yeti :"}},"series_order":"","_links":{"self":[{"href":"https:\/\/www.mdxone.com\/fr\/wp-json\/wp\/v2\/product\/21859","targetHints":{"allow":["GET"]}}],"collection":[{"href":"https:\/\/www.mdxone.com\/fr\/wp-json\/wp\/v2\/product"}],"about":[{"href":"https:\/\/www.mdxone.com\/fr\/wp-json\/wp\/v2\/types\/product"}],"replies":[{"embeddable":true,"href":"https:\/\/www.mdxone.com\/fr\/wp-json\/wp\/v2\/comments?post=21859"}],"wp:featuredmedia":[{"embeddable":true,"href":"https:\/\/www.mdxone.com\/fr\/wp-json\/wp\/v2\/media\/22126"}],"wp:attachment":[{"href":"https:\/\/www.mdxone.com\/fr\/wp-json\/wp\/v2\/media?parent=21859"}],"wp:term":[{"taxonomy":"product_brand","embeddable":true,"href":"https:\/\/www.mdxone.com\/fr\/wp-json\/wp\/v2\/product_brand?post=21859"},{"taxonomy":"product_cat","embeddable":true,"href":"https:\/\/www.mdxone.com\/fr\/wp-json\/wp\/v2\/product_cat?post=21859"},{"taxonomy":"product_tag","embeddable":true,"href":"https:\/\/www.mdxone.com\/fr\/wp-json\/wp\/v2\/product_tag?post=21859"}],"curies":[{"name":"wp","href":"https:\/\/api.w.org\/{rel}","templated":true}]}}