{"id":21860,"date":"2023-12-15T12:29:03","date_gmt":"2023-12-15T17:29:03","guid":{"rendered":"https:\/\/www.mdxone.com\/?post_type=product&#038;p=21860"},"modified":"2026-03-09T12:46:02","modified_gmt":"2026-03-09T16:46:02","slug":"yeti-cool-goggles","status":"publish","type":"product","link":"https:\/\/www.mdxone.com\/fr\/produit\/yeti-cool-goggles\/","title":{"rendered":"Lunettes de ski  DVision Grom"},"content":{"rendered":"<p><a href=\"https:\/\/www.mdxone.com\/fr\/?attachment_id=23135\" rel=\"attachment wp-att-22217\"><img fetchpriority=\"high\" decoding=\"async\" class=\"wp-image-23135 alignright\" src=\"https:\/\/www.mdxone.com\/wp-content\/uploads\/2023\/12\/MDXONE-2025-1st-Batch-@_jayperreault_-5.jpg\" alt=\"\" width=\"241\" height=\"361\" srcset=\"https:\/\/www.mdxone.com\/wp-content\/uploads\/2023\/12\/MDXONE-2025-1st-Batch-@_jayperreault_-5.jpg 1366w, https:\/\/www.mdxone.com\/wp-content\/uploads\/2023\/12\/MDXONE-2025-1st-Batch-@_jayperreault_-5-200x300.jpg 200w, https:\/\/www.mdxone.com\/wp-content\/uploads\/2023\/12\/MDXONE-2025-1st-Batch-@_jayperreault_-5-683x1024.jpg 683w, https:\/\/www.mdxone.com\/wp-content\/uploads\/2023\/12\/MDXONE-2025-1st-Batch-@_jayperreault_-5-768x1151.jpg 768w, https:\/\/www.mdxone.com\/wp-content\/uploads\/2023\/12\/MDXONE-2025-1st-Batch-@_jayperreault_-5-1025x1536.jpg 1025w, https:\/\/www.mdxone.com\/wp-content\/uploads\/2023\/12\/MDXONE-2025-1st-Batch-@_jayperreault_-5-8x12.jpg 8w, https:\/\/www.mdxone.com\/wp-content\/uploads\/2023\/12\/MDXONE-2025-1st-Batch-@_jayperreault_-5-400x600.jpg 400w, https:\/\/www.mdxone.com\/wp-content\/uploads\/2023\/12\/MDXONE-2025-1st-Batch-@_jayperreault_-5-600x900.jpg 600w\" sizes=\"(max-width: 241px) 100vw, 241px\" \/><\/a>LUNETTES DE PROTECTION DVISION GROM<\/p>\n<p>Masques de ski et de snowboard pour enfants<\/p>\n<ul>\n<li>Jeunes \/ GROM Fit - Medium<\/li>\n<li>Les bretelles r\u00e9glables permettent un ajustement personnalis\u00e9<\/li>\n<li>Mat\u00e9riau de l'oculaire \uff1aPC - Double lentille Lentille ext\u00e9rieure en PC + lentille int\u00e9rieure antibu\u00e9e en CA<\/li>\n<li>Forme de l'objectif : Forme sph\u00e9rique ou carr\u00e9e<\/li>\n<li>Caract\u00e9ristiques : UV400, anti-bu\u00e9e - Cat\u00e9gorie d'objectif : S3<\/li>\n<li>Mousse \u00e9ponge respirante \u00e0 haute \u00e9lasticit\u00e9 - Sangles \u00e9lastiques antid\u00e9rapantes<\/li>\n<li>Fabriqu\u00e9 \u00e0 partir de mat\u00e9riaux incassables de haute qualit\u00e9<\/li>\n<li>Certifi\u00e9 CE<\/li>\n<\/ul>","protected":false},"excerpt":{"rendered":"<p>DVISION\u00a0 GROM GOGGLES Stylish Kids Snowboard &amp; Ski Goggles Youth \/ GROM Fit &#8211; Medium Adjustable straps allow for a customized fit Lens material \uff1aPC &#8211; Dual lens Outer PC lens+ inner CA anti-fog lens Lens Shape: Spherical or Square Shape Feature: UV400, anti-fog &#8211; Lens category: S3 Breathable High Elastic Sponge Foam &#8211; Anti-Slip [&hellip;]<\/p>\n","protected":false},"author":36,"featured_media":23135,"comment_status":"open","ping_status":"closed","template":"","meta":{"_acf_changed":false,"inline_featured_image":false,"advgb_blocks_editor_width":"","advgb_blocks_columns_visual_guide":""},"product_brand":[],"product_cat":[238,126],"product_tag":[],"class_list":{"0":"post-21860","1":"product","2":"type-product","3":"status-publish","4":"has-post-thumbnail","6":"product_cat-goggles","7":"product_cat-our-products","9":"first","10":"instock","11":"sale","12":"featured","13":"taxable","14":"shipping-taxable","15":"purchasable","16":"product-type-variable","17":"has-default-attributes"},"acf":[],"yoast_head":"<!-- This site is optimized with the Yoast SEO plugin v27.5 - https:\/\/yoast.com\/product\/yoast-seo-wordpress\/ -->\n<title>DVision Grom Goggles | Kid&#039;s Snowboard And More | MDXONE<\/title>\n<meta name=\"description\" content=\"Check out our DVision Grom Goggles product. Visit our online store for our collection of kids&#039; snowboard and other skii gear!\" \/>\n<meta name=\"robots\" content=\"index, follow, max-snippet:-1, max-image-preview:large, max-video-preview:-1\" \/>\n<link rel=\"canonical\" href=\"https:\/\/www.mdxone.com\/fr\/produit\/yeti-cool-goggles\/\" \/>\n<meta property=\"og:locale\" content=\"fr_CA\" \/>\n<meta property=\"og:type\" content=\"article\" \/>\n<meta property=\"og:title\" content=\"DVision Grom Goggles | Kid&#039;s Snowboard And More | MDXONE\" \/>\n<meta property=\"og:description\" content=\"Check out our DVision Grom Goggles product. Visit our online store for our collection of kids&#039; snowboard and other skii gear!\" \/>\n<meta property=\"og:url\" content=\"https:\/\/www.mdxone.com\/fr\/produit\/yeti-cool-goggles\/\" \/>\n<meta property=\"og:site_name\" content=\"MDXOne\" \/>\n<meta property=\"article:publisher\" content=\"https:\/\/www.facebook.com\/Mdxone-148452148682708\/\" \/>\n<meta property=\"article:modified_time\" content=\"2026-03-09T16:46:02+00:00\" \/>\n<meta property=\"og:image\" content=\"https:\/\/www.mdxone.com\/wp-content\/uploads\/2023\/12\/MDXONE-2025-1st-Batch-@_jayperreault_-5-683x1024.jpg\" \/>\n\t<meta property=\"og:image:width\" content=\"683\" \/>\n\t<meta property=\"og:image:height\" content=\"1024\" \/>\n\t<meta property=\"og:image:type\" content=\"image\/jpeg\" \/>\n<meta name=\"twitter:card\" content=\"summary_large_image\" \/>\n<meta name=\"twitter:site\" content=\"@mdxone\" \/>\n<meta name=\"twitter:label1\" content=\"Estimation du temps de lecture\" \/>\n\t<meta name=\"twitter:data1\" content=\"1 minute\" \/>\n<script type=\"application\/ld+json\" class=\"yoast-schema-graph\">{\"@context\":\"https:\\\/\\\/schema.org\",\"@graph\":[{\"@type\":\"WebPage\",\"@id\":\"https:\\\/\\\/www.mdxone.com\\\/product\\\/yeti-cool-goggles\\\/\",\"url\":\"https:\\\/\\\/www.mdxone.com\\\/product\\\/yeti-cool-goggles\\\/\",\"name\":\"DVision Grom Goggles | Kid's Snowboard And More | MDXONE\",\"isPartOf\":{\"@id\":\"https:\\\/\\\/www.mdxone.com\\\/en\\\/#website\"},\"primaryImageOfPage\":{\"@id\":\"https:\\\/\\\/www.mdxone.com\\\/product\\\/yeti-cool-goggles\\\/#primaryimage\"},\"image\":{\"@id\":\"https:\\\/\\\/www.mdxone.com\\\/product\\\/yeti-cool-goggles\\\/#primaryimage\"},\"thumbnailUrl\":\"https:\\\/\\\/www.mdxone.com\\\/wp-content\\\/uploads\\\/2023\\\/12\\\/MDXONE-2025-1st-Batch-@_jayperreault_-5.jpg\",\"datePublished\":\"2023-12-15T17:29:03+00:00\",\"dateModified\":\"2026-03-09T16:46:02+00:00\",\"description\":\"Check out our DVision Grom Goggles product. Visit our online store for our collection of kids' snowboard and other skii gear!\",\"breadcrumb\":{\"@id\":\"https:\\\/\\\/www.mdxone.com\\\/product\\\/yeti-cool-goggles\\\/#breadcrumb\"},\"inLanguage\":\"fr-CA\",\"potentialAction\":[{\"@type\":\"ReadAction\",\"target\":[\"https:\\\/\\\/www.mdxone.com\\\/product\\\/yeti-cool-goggles\\\/\"]}]},{\"@type\":\"ImageObject\",\"inLanguage\":\"fr-CA\",\"@id\":\"https:\\\/\\\/www.mdxone.com\\\/product\\\/yeti-cool-goggles\\\/#primaryimage\",\"url\":\"https:\\\/\\\/www.mdxone.com\\\/wp-content\\\/uploads\\\/2023\\\/12\\\/MDXONE-2025-1st-Batch-@_jayperreault_-5.jpg\",\"contentUrl\":\"https:\\\/\\\/www.mdxone.com\\\/wp-content\\\/uploads\\\/2023\\\/12\\\/MDXONE-2025-1st-Batch-@_jayperreault_-5.jpg\",\"width\":1366,\"height\":2048},{\"@type\":\"BreadcrumbList\",\"@id\":\"https:\\\/\\\/www.mdxone.com\\\/product\\\/yeti-cool-goggles\\\/#breadcrumb\",\"itemListElement\":[{\"@type\":\"ListItem\",\"position\":1,\"name\":\"Home\",\"item\":\"https:\\\/\\\/www.mdxone.com\\\/\"},{\"@type\":\"ListItem\",\"position\":2,\"name\":\"Our Products\",\"item\":\"https:\\\/\\\/www.mdxone.com\\\/our-products\\\/\"},{\"@type\":\"ListItem\",\"position\":3,\"name\":\"DVision Grom Goggles\"}]},{\"@type\":\"WebSite\",\"@id\":\"https:\\\/\\\/www.mdxone.com\\\/en\\\/#website\",\"url\":\"https:\\\/\\\/www.mdxone.com\\\/en\\\/\",\"name\":\"MDXOne\",\"description\":\"\",\"publisher\":{\"@id\":\"https:\\\/\\\/www.mdxone.com\\\/en\\\/#organization\"},\"potentialAction\":[{\"@type\":\"SearchAction\",\"target\":{\"@type\":\"EntryPoint\",\"urlTemplate\":\"https:\\\/\\\/www.mdxone.com\\\/en\\\/?s={search_term_string}\"},\"query-input\":{\"@type\":\"PropertyValueSpecification\",\"valueRequired\":true,\"valueName\":\"search_term_string\"}}],\"inLanguage\":\"fr-CA\"},{\"@type\":\"Organization\",\"@id\":\"https:\\\/\\\/www.mdxone.com\\\/en\\\/#organization\",\"name\":\"MDXONE\",\"url\":\"https:\\\/\\\/www.mdxone.com\\\/en\\\/\",\"logo\":{\"@type\":\"ImageObject\",\"inLanguage\":\"fr-CA\",\"@id\":\"https:\\\/\\\/www.mdxone.com\\\/en\\\/#\\\/schema\\\/logo\\\/image\\\/\",\"url\":\"https:\\\/\\\/i0.wp.com\\\/www.mdxone.com\\\/wp-content\\\/uploads\\\/2023\\\/10\\\/cropped-MDXONE-favicon.png?fit=512%2C512&ssl=1\",\"contentUrl\":\"https:\\\/\\\/i0.wp.com\\\/www.mdxone.com\\\/wp-content\\\/uploads\\\/2023\\\/10\\\/cropped-MDXONE-favicon.png?fit=512%2C512&ssl=1\",\"width\":512,\"height\":512,\"caption\":\"MDXONE\"},\"image\":{\"@id\":\"https:\\\/\\\/www.mdxone.com\\\/en\\\/#\\\/schema\\\/logo\\\/image\\\/\"},\"sameAs\":[\"https:\\\/\\\/www.facebook.com\\\/Mdxone-148452148682708\\\/\",\"https:\\\/\\\/x.com\\\/mdxone\"]}]}<\/script>\n<!-- \/ Yoast SEO plugin. -->","yoast_head_json":{"title":"DVision Grom Goggles | Kid's Snowboard And More | MDXONE","description":"Check out our DVision Grom Goggles product. Visit our online store for our collection of kids' snowboard and other skii gear!","robots":{"index":"index","follow":"follow","max-snippet":"max-snippet:-1","max-image-preview":"max-image-preview:large","max-video-preview":"max-video-preview:-1"},"canonical":"https:\/\/www.mdxone.com\/fr\/produit\/yeti-cool-goggles\/","og_locale":"fr_CA","og_type":"article","og_title":"DVision Grom Goggles | Kid's Snowboard And More | MDXONE","og_description":"Check out our DVision Grom Goggles product. Visit our online store for our collection of kids' snowboard and other skii gear!","og_url":"https:\/\/www.mdxone.com\/fr\/produit\/yeti-cool-goggles\/","og_site_name":"MDXOne","article_publisher":"https:\/\/www.facebook.com\/Mdxone-148452148682708\/","article_modified_time":"2026-03-09T16:46:02+00:00","og_image":[{"width":683,"height":1024,"url":"https:\/\/www.mdxone.com\/wp-content\/uploads\/2023\/12\/MDXONE-2025-1st-Batch-@_jayperreault_-5-683x1024.jpg","type":"image\/jpeg"}],"twitter_card":"summary_large_image","twitter_site":"@mdxone","twitter_misc":{"Estimation du temps de lecture":"1 minute"},"schema":{"@context":"https:\/\/schema.org","@graph":[{"@type":"WebPage","@id":"https:\/\/www.mdxone.com\/product\/yeti-cool-goggles\/","url":"https:\/\/www.mdxone.com\/product\/yeti-cool-goggles\/","name":"DVision Grom Goggles | Kid's Snowboard And More | MDXONE","isPartOf":{"@id":"https:\/\/www.mdxone.com\/en\/#website"},"primaryImageOfPage":{"@id":"https:\/\/www.mdxone.com\/product\/yeti-cool-goggles\/#primaryimage"},"image":{"@id":"https:\/\/www.mdxone.com\/product\/yeti-cool-goggles\/#primaryimage"},"thumbnailUrl":"https:\/\/www.mdxone.com\/wp-content\/uploads\/2023\/12\/MDXONE-2025-1st-Batch-@_jayperreault_-5.jpg","datePublished":"2023-12-15T17:29:03+00:00","dateModified":"2026-03-09T16:46:02+00:00","description":"Check out our DVision Grom Goggles product. Visit our online store for our collection of kids' snowboard and other skii gear!","breadcrumb":{"@id":"https:\/\/www.mdxone.com\/product\/yeti-cool-goggles\/#breadcrumb"},"inLanguage":"fr-CA","potentialAction":[{"@type":"ReadAction","target":["https:\/\/www.mdxone.com\/product\/yeti-cool-goggles\/"]}]},{"@type":"ImageObject","inLanguage":"fr-CA","@id":"https:\/\/www.mdxone.com\/product\/yeti-cool-goggles\/#primaryimage","url":"https:\/\/www.mdxone.com\/wp-content\/uploads\/2023\/12\/MDXONE-2025-1st-Batch-@_jayperreault_-5.jpg","contentUrl":"https:\/\/www.mdxone.com\/wp-content\/uploads\/2023\/12\/MDXONE-2025-1st-Batch-@_jayperreault_-5.jpg","width":1366,"height":2048},{"@type":"BreadcrumbList","@id":"https:\/\/www.mdxone.com\/product\/yeti-cool-goggles\/#breadcrumb","itemListElement":[{"@type":"ListItem","position":1,"name":"Home","item":"https:\/\/www.mdxone.com\/"},{"@type":"ListItem","position":2,"name":"Our Products","item":"https:\/\/www.mdxone.com\/our-products\/"},{"@type":"ListItem","position":3,"name":"DVision Grom Goggles"}]},{"@type":"WebSite","@id":"https:\/\/www.mdxone.com\/en\/#website","url":"https:\/\/www.mdxone.com\/en\/","name":"MDXOne","description":"","publisher":{"@id":"https:\/\/www.mdxone.com\/en\/#organization"},"potentialAction":[{"@type":"SearchAction","target":{"@type":"EntryPoint","urlTemplate":"https:\/\/www.mdxone.com\/en\/?s={search_term_string}"},"query-input":{"@type":"PropertyValueSpecification","valueRequired":true,"valueName":"search_term_string"}}],"inLanguage":"fr-CA"},{"@type":"Organization","@id":"https:\/\/www.mdxone.com\/en\/#organization","name":"MDXONE","url":"https:\/\/www.mdxone.com\/en\/","logo":{"@type":"ImageObject","inLanguage":"fr-CA","@id":"https:\/\/www.mdxone.com\/en\/#\/schema\/logo\/image\/","url":"https:\/\/i0.wp.com\/www.mdxone.com\/wp-content\/uploads\/2023\/10\/cropped-MDXONE-favicon.png?fit=512%2C512&ssl=1","contentUrl":"https:\/\/i0.wp.com\/www.mdxone.com\/wp-content\/uploads\/2023\/10\/cropped-MDXONE-favicon.png?fit=512%2C512&ssl=1","width":512,"height":512,"caption":"MDXONE"},"image":{"@id":"https:\/\/www.mdxone.com\/en\/#\/schema\/logo\/image\/"},"sameAs":["https:\/\/www.facebook.com\/Mdxone-148452148682708\/","https:\/\/x.com\/mdxone"]}]}},"featured_img":"https:\/\/www.mdxone.com\/wp-content\/uploads\/2023\/12\/MDXONE-2025-1st-Batch-@_jayperreault_-5.jpg","coauthors":[],"author_meta":{"author_link":"https:\/\/www.mdxone.com\/fr\/author\/chad-holden\/","display_name":"Chad"},"relative_dates":{"created":"Posted 2 ann\u00e9es ago","modified":"Updated 2 mois ago"},"absolute_dates":{"created":"Posted on D\u00e9cembre 15, 2023","modified":"Updated on mars 9, 2026"},"absolute_dates_time":{"created":"Posted on D\u00e9cembre 15, 2023 12:29 pm","modified":"Updated on mars 9, 2026 12:46 pm"},"featured_img_caption":"","tax_additional":{"product_brand":{"linked":[],"unlinked":[],"slug":"product_brand","name":"Marques"},"product_type":{"linked":["<a href=\"https:\/\/www.mdxone.com\/fr\/?taxonomy=product_type&#038;term=variable\" class=\"advgb-post-tax-term\">variable<\/a>"],"unlinked":["<span class=\"advgb-post-tax-term\">variable<\/span>"],"slug":"product_type","name":"Type de produit"},"product_visibility":{"linked":["<a href=\"https:\/\/www.mdxone.com\/fr\/?taxonomy=product_visibility&#038;term=featured\" class=\"advgb-post-tax-term\">featured<\/a>"],"unlinked":["<span class=\"advgb-post-tax-term\">featured<\/span>"],"slug":"product_visibility","name":"Visibilit\u00e9 du produit"},"product_cat":{"linked":["<a href=\"https:\/\/www.mdxone.com\/fr\/categorie-produit\/goggles\/\" class=\"advgb-post-tax-term\">GOGGLES<\/a>","<a href=\"https:\/\/www.mdxone.com\/fr\/categorie-produit\/our-products\/\" class=\"advgb-post-tax-term\">Our Products<\/a>"],"unlinked":["<span class=\"advgb-post-tax-term\">GOGGLES<\/span>","<span class=\"advgb-post-tax-term\">Our Products<\/span>"],"slug":"product_cat","name":"Cat\u00e9gories de produits"},"product_tag":{"linked":[],"unlinked":[],"slug":"product_tag","name":"\u00c9tiquettes produit"},"product_shipping_class":{"linked":[],"unlinked":[],"slug":"product_shipping_class","name":"Classe de livraison du produit"},"pos_product_visibility":{"linked":[],"unlinked":[],"slug":"pos_product_visibility","name":"POS Visibilit\u00e9 des produits"},"pa_color":{"linked":[],"unlinked":[],"slug":"pa_color","name":"Produit Choisissez votre couleur :"},"pa_double-plush":{"linked":[],"unlinked":[],"slug":"pa_double-plush","name":"Produit Choisissez votre style :"},"pa_facemask":{"linked":[],"unlinked":[],"slug":"pa_facemask","name":"Produit Choisissez votre couleur :"},"pa_fleece-balaclava":{"linked":[],"unlinked":[],"slug":"pa_fleece-balaclava","name":"Produit Style"},"pa_language":{"linked":[],"unlinked":[],"slug":"pa_language","name":"Produit Choose Language"},"pa_no-pompoms":{"linked":[],"unlinked":[],"slug":"pa_no-pompoms","name":"Produit No Pompoms"},"pa_on-sale":{"linked":[],"unlinked":[],"slug":"pa_on-sale","name":"Produit EN VENTE"},"pa_outlet-balaclavas":{"linked":[],"unlinked":[],"slug":"pa_outlet-balaclavas","name":"Produit Choisissez votre couleur :"},"pa_parts":{"linked":[],"unlinked":[],"slug":"pa_parts","name":"Produit Parts"},"pa_pom-poms":{"linked":[],"unlinked":[],"slug":"pa_pom-poms","name":"Produit Choisissez votre couleur :"},"pa_seat-harness":{"linked":[],"unlinked":[],"slug":"pa_seat-harness","name":"Produit Seat Harness"},"pa_size":{"linked":[],"unlinked":[],"slug":"pa_size","name":"Produit Size"},"pa_sticker-pack":{"linked":[],"unlinked":[],"slug":"pa_sticker-pack","name":"Produit STICKER PACK"},"pa_with-pompoms":{"linked":[],"unlinked":[],"slug":"pa_with-pompoms","name":"Produit With Pompoms"},"pa_yeti-goggles":{"linked":["<a href=\"https:\/\/www.mdxone.com\/fr\/?taxonomy=pa_yeti-goggles&#038;term=aqua\" class=\"advgb-post-tax-term\">Aqua<\/a>","<a href=\"https:\/\/www.mdxone.com\/fr\/?taxonomy=pa_yeti-goggles&#038;term=blue\" class=\"advgb-post-tax-term\">Blue<\/a>","<a href=\"https:\/\/www.mdxone.com\/fr\/?taxonomy=pa_yeti-goggles&#038;term=ice-blue\" class=\"advgb-post-tax-term\">Ice Blue<\/a>","<a href=\"https:\/\/www.mdxone.com\/fr\/?taxonomy=pa_yeti-goggles&#038;term=lavender\" class=\"advgb-post-tax-term\">Lavender<\/a>","<a href=\"https:\/\/www.mdxone.com\/fr\/?taxonomy=pa_yeti-goggles&#038;term=olive\" class=\"advgb-post-tax-term\">Olive<\/a>"],"unlinked":["<span class=\"advgb-post-tax-term\">Aqua<\/span>","<span class=\"advgb-post-tax-term\">Blue<\/span>","<span class=\"advgb-post-tax-term\">Ice Blue<\/span>","<span class=\"advgb-post-tax-term\">Lavender<\/span>","<span class=\"advgb-post-tax-term\">Olive<\/span>"],"slug":"pa_yeti-goggles","name":"Produit Choisissez votre couleur :"},"pa_yeti-stuffy":{"linked":[],"unlinked":[],"slug":"pa_yeti-stuffy","name":"Produit Choisissez votre Yeti :"}},"series_order":"","_links":{"self":[{"href":"https:\/\/www.mdxone.com\/fr\/wp-json\/wp\/v2\/product\/21860","targetHints":{"allow":["GET"]}}],"collection":[{"href":"https:\/\/www.mdxone.com\/fr\/wp-json\/wp\/v2\/product"}],"about":[{"href":"https:\/\/www.mdxone.com\/fr\/wp-json\/wp\/v2\/types\/product"}],"replies":[{"embeddable":true,"href":"https:\/\/www.mdxone.com\/fr\/wp-json\/wp\/v2\/comments?post=21860"}],"wp:featuredmedia":[{"embeddable":true,"href":"https:\/\/www.mdxone.com\/fr\/wp-json\/wp\/v2\/media\/23135"}],"wp:attachment":[{"href":"https:\/\/www.mdxone.com\/fr\/wp-json\/wp\/v2\/media?parent=21860"}],"wp:term":[{"taxonomy":"product_brand","embeddable":true,"href":"https:\/\/www.mdxone.com\/fr\/wp-json\/wp\/v2\/product_brand?post=21860"},{"taxonomy":"product_cat","embeddable":true,"href":"https:\/\/www.mdxone.com\/fr\/wp-json\/wp\/v2\/product_cat?post=21860"},{"taxonomy":"product_tag","embeddable":true,"href":"https:\/\/www.mdxone.com\/fr\/wp-json\/wp\/v2\/product_tag?post=21860"}],"curies":[{"name":"wp","href":"https:\/\/api.w.org\/{rel}","templated":true}]}}