{"id":22187,"date":"2024-09-03T12:15:04","date_gmt":"2024-09-03T16:15:04","guid":{"rendered":"https:\/\/www.mdxone.com\/?post_type=product&#038;p=22187"},"modified":"2026-02-03T14:24:25","modified_gmt":"2026-02-03T19:24:25","slug":"balaclavas-outlet","status":"publish","type":"product","link":"https:\/\/www.mdxone.com\/fr\/produit\/balaclavas-outlet\/","title":{"rendered":"Cagoules Outlet"},"content":{"rendered":"<h3>Gardez votre petit cavalier au chaud et \u00e0 l'aise - toute la journ\u00e9e.<\/h3>\n<h4>Cagoule en laine polaire sur le casque pour les enfants, con\u00e7ue pour les jeux d'hiver et les journ\u00e9es de cours.<\/h4>\n<p>Restez bien au chaud du t\u00e9l\u00e9si\u00e8ge jusqu'\u00e0 la derni\u00e8re descente gr\u00e2ce \u00e0 la polaire douce et extensible qui s'adapte au casque et prot\u00e8ge la t\u00eate, le cou et le visage.<\/p>\n<h3><\/h3>\n<div style=\"margin: 0 0 10px 0;\">\n<p>\u2705 <strong>Conception compatible avec le port d'un casque<\/strong> - se glisse sur la plupart des casques d'enfants<br \/>\n\u2705 <strong>Polaire douce et extensible<\/strong> pour une chaleur douillette et sans d\u00e9mangeaisons<br \/>\n\u2705 <strong>Respirant et \u00e0 s\u00e9chage rapide<\/strong> pour que les enfants soient \u00e0 l'aise, sans \u00eatre moites<br \/>\n\u2705 <strong>Cordon de serrage r\u00e9glable<\/strong> pour un ajustement plus ou moins serr\u00e9 en quelques secondes<br \/>\n\u2705 <strong>Couverture compl\u00e8te<\/strong> pour la t\u00eate, le cou et le bas du visage les jours de vent<br \/>\n\u2705 <strong>Compl\u00e9ments optionnels<\/strong>: amovible <em>PomPoms<\/em> pour un look encore plus adorable <em>\n<\/div>\n<p><!-- MDX \u2014 Add PomPoms callout --><\/p>\n<div class=\"mdx-poms-callout\" style=\"margin:0px 0 0; text-align:center;\">\n  <a href=\"\/fr\/produit\/pompoms\/\" title=\"Ajouter des PomPoms\" style=\"display:inline-block; text-decoration:none;\"><br \/>\n    <img decoding=\"async\"\n      src=\"https:\/\/www.mdxone.com\/wp-content\/uploads\/2024\/09\/20251009_153542000_iOS.jpg\"\n      alt=\"Add PomPoms to your balaclava\"\n      style=\"max-width:320px; width:100%; height:auto; border-radius:12px; margin-top:4px;\"\n      loading=\"lazy\"\n    ><\/p>\n<div style=\"margin-top:6px; font-weight:700; font-size:15px; color:#000;\">\n      Rendez-le tr\u00e8s mignon - <span style=\"font-weight:600; text-decoration:underline;\">Ajouter des PomPoms \u2192<\/span>\n    <\/div>\n<p>  <\/a>\n<\/div>","protected":false},"excerpt":{"rendered":"<p>Keep Your Little Rider Warm &#038; Comfy \u2014 All Day. Kid-friendly, over-the-helmet polar-fleece balaclava designed for winter play and lesson days. Stay toasty from chairlift to last run with soft, stretchy fleece that fits over a helmet and protects the head, neck, and face. &#x2705; Helmet-compatible design \u2014 slides over most kids\u2019 helmets &#x2705; Soft, [&hellip;]<\/p>\n","protected":false},"author":38,"featured_media":22305,"comment_status":"closed","ping_status":"closed","template":"","meta":{"_acf_changed":false,"inline_featured_image":false,"advgb_blocks_editor_width":"","advgb_blocks_columns_visual_guide":""},"product_brand":[],"product_cat":[239],"product_tag":[284],"class_list":{"0":"post-22187","1":"product","2":"type-product","3":"status-publish","4":"has-post-thumbnail","6":"product_cat-outlet","7":"product_tag-canada-only","9":"first","10":"outofstock","11":"sale","12":"taxable","13":"shipping-taxable","14":"purchasable","15":"product-type-variable"},"acf":[],"yoast_head":"<!-- This site is optimized with the Yoast SEO plugin v27.5 - https:\/\/yoast.com\/product\/yoast-seo-wordpress\/ -->\n<title>Balaclavas Outlet | Kid&#039;s Snowboard And More | MDXONE<\/title>\n<meta name=\"description\" content=\"Check out our Balaclavas Outlet product. Visit our online store for our collection of kids&#039; snowboard and other skii gear!\" \/>\n<meta name=\"robots\" content=\"index, follow, max-snippet:-1, max-image-preview:large, max-video-preview:-1\" \/>\n<link rel=\"canonical\" href=\"https:\/\/www.mdxone.com\/fr\/produit\/balaclavas-outlet\/\" \/>\n<meta property=\"og:locale\" content=\"fr_CA\" \/>\n<meta property=\"og:type\" content=\"article\" \/>\n<meta property=\"og:title\" content=\"Balaclavas Outlet | Kid&#039;s Snowboard And More | MDXONE\" \/>\n<meta property=\"og:description\" content=\"Check out our Balaclavas Outlet product. Visit our online store for our collection of kids&#039; snowboard and other skii gear!\" \/>\n<meta property=\"og:url\" content=\"https:\/\/www.mdxone.com\/fr\/produit\/balaclavas-outlet\/\" \/>\n<meta property=\"og:site_name\" content=\"MDXOne\" \/>\n<meta property=\"article:publisher\" content=\"https:\/\/www.facebook.com\/Mdxone-148452148682708\/\" \/>\n<meta property=\"article:modified_time\" content=\"2026-02-03T19:24:25+00:00\" \/>\n<meta property=\"og:image\" content=\"https:\/\/www.mdxone.com\/wp-content\/uploads\/2024\/09\/brown.jpeg\" \/>\n\t<meta property=\"og:image:width\" content=\"800\" \/>\n\t<meta property=\"og:image:height\" content=\"800\" \/>\n\t<meta property=\"og:image:type\" content=\"image\/jpeg\" \/>\n<meta name=\"twitter:card\" content=\"summary_large_image\" \/>\n<meta name=\"twitter:site\" content=\"@mdxone\" \/>\n<meta name=\"twitter:label1\" content=\"Estimation du temps de lecture\" \/>\n\t<meta name=\"twitter:data1\" content=\"1 minute\" \/>\n<script type=\"application\/ld+json\" class=\"yoast-schema-graph\">{\"@context\":\"https:\\\/\\\/schema.org\",\"@graph\":[{\"@type\":\"WebPage\",\"@id\":\"https:\\\/\\\/www.mdxone.com\\\/product\\\/balaclavas-outlet\\\/\",\"url\":\"https:\\\/\\\/www.mdxone.com\\\/product\\\/balaclavas-outlet\\\/\",\"name\":\"Balaclavas Outlet | Kid's Snowboard And More | MDXONE\",\"isPartOf\":{\"@id\":\"https:\\\/\\\/www.mdxone.com\\\/en\\\/#website\"},\"primaryImageOfPage\":{\"@id\":\"https:\\\/\\\/www.mdxone.com\\\/product\\\/balaclavas-outlet\\\/#primaryimage\"},\"image\":{\"@id\":\"https:\\\/\\\/www.mdxone.com\\\/product\\\/balaclavas-outlet\\\/#primaryimage\"},\"thumbnailUrl\":\"https:\\\/\\\/www.mdxone.com\\\/wp-content\\\/uploads\\\/2024\\\/09\\\/brown.jpeg\",\"datePublished\":\"2024-09-03T16:15:04+00:00\",\"dateModified\":\"2026-02-03T19:24:25+00:00\",\"description\":\"Check out our Balaclavas Outlet product. Visit our online store for our collection of kids' snowboard and other skii gear!\",\"breadcrumb\":{\"@id\":\"https:\\\/\\\/www.mdxone.com\\\/product\\\/balaclavas-outlet\\\/#breadcrumb\"},\"inLanguage\":\"fr-CA\",\"potentialAction\":[{\"@type\":\"ReadAction\",\"target\":[\"https:\\\/\\\/www.mdxone.com\\\/product\\\/balaclavas-outlet\\\/\"]}]},{\"@type\":\"ImageObject\",\"inLanguage\":\"fr-CA\",\"@id\":\"https:\\\/\\\/www.mdxone.com\\\/product\\\/balaclavas-outlet\\\/#primaryimage\",\"url\":\"https:\\\/\\\/www.mdxone.com\\\/wp-content\\\/uploads\\\/2024\\\/09\\\/brown.jpeg\",\"contentUrl\":\"https:\\\/\\\/www.mdxone.com\\\/wp-content\\\/uploads\\\/2024\\\/09\\\/brown.jpeg\",\"width\":800,\"height\":800},{\"@type\":\"BreadcrumbList\",\"@id\":\"https:\\\/\\\/www.mdxone.com\\\/product\\\/balaclavas-outlet\\\/#breadcrumb\",\"itemListElement\":[{\"@type\":\"ListItem\",\"position\":1,\"name\":\"Home\",\"item\":\"https:\\\/\\\/www.mdxone.com\\\/\"},{\"@type\":\"ListItem\",\"position\":2,\"name\":\"Our Products\",\"item\":\"https:\\\/\\\/www.mdxone.com\\\/our-products\\\/\"},{\"@type\":\"ListItem\",\"position\":3,\"name\":\"Balaclavas Outlet\"}]},{\"@type\":\"WebSite\",\"@id\":\"https:\\\/\\\/www.mdxone.com\\\/en\\\/#website\",\"url\":\"https:\\\/\\\/www.mdxone.com\\\/en\\\/\",\"name\":\"MDXOne\",\"description\":\"\",\"publisher\":{\"@id\":\"https:\\\/\\\/www.mdxone.com\\\/en\\\/#organization\"},\"potentialAction\":[{\"@type\":\"SearchAction\",\"target\":{\"@type\":\"EntryPoint\",\"urlTemplate\":\"https:\\\/\\\/www.mdxone.com\\\/en\\\/?s={search_term_string}\"},\"query-input\":{\"@type\":\"PropertyValueSpecification\",\"valueRequired\":true,\"valueName\":\"search_term_string\"}}],\"inLanguage\":\"fr-CA\"},{\"@type\":\"Organization\",\"@id\":\"https:\\\/\\\/www.mdxone.com\\\/en\\\/#organization\",\"name\":\"MDXONE\",\"url\":\"https:\\\/\\\/www.mdxone.com\\\/en\\\/\",\"logo\":{\"@type\":\"ImageObject\",\"inLanguage\":\"fr-CA\",\"@id\":\"https:\\\/\\\/www.mdxone.com\\\/en\\\/#\\\/schema\\\/logo\\\/image\\\/\",\"url\":\"https:\\\/\\\/i0.wp.com\\\/www.mdxone.com\\\/wp-content\\\/uploads\\\/2023\\\/10\\\/cropped-MDXONE-favicon.png?fit=512%2C512&ssl=1\",\"contentUrl\":\"https:\\\/\\\/i0.wp.com\\\/www.mdxone.com\\\/wp-content\\\/uploads\\\/2023\\\/10\\\/cropped-MDXONE-favicon.png?fit=512%2C512&ssl=1\",\"width\":512,\"height\":512,\"caption\":\"MDXONE\"},\"image\":{\"@id\":\"https:\\\/\\\/www.mdxone.com\\\/en\\\/#\\\/schema\\\/logo\\\/image\\\/\"},\"sameAs\":[\"https:\\\/\\\/www.facebook.com\\\/Mdxone-148452148682708\\\/\",\"https:\\\/\\\/x.com\\\/mdxone\"]}]}<\/script>\n<!-- \/ Yoast SEO plugin. -->","yoast_head_json":{"title":"Balaclavas Outlet | Kid's Snowboard And More | MDXONE","description":"Check out our Balaclavas Outlet product. Visit our online store for our collection of kids' snowboard and other skii gear!","robots":{"index":"index","follow":"follow","max-snippet":"max-snippet:-1","max-image-preview":"max-image-preview:large","max-video-preview":"max-video-preview:-1"},"canonical":"https:\/\/www.mdxone.com\/fr\/produit\/balaclavas-outlet\/","og_locale":"fr_CA","og_type":"article","og_title":"Balaclavas Outlet | Kid's Snowboard And More | MDXONE","og_description":"Check out our Balaclavas Outlet product. Visit our online store for our collection of kids' snowboard and other skii gear!","og_url":"https:\/\/www.mdxone.com\/fr\/produit\/balaclavas-outlet\/","og_site_name":"MDXOne","article_publisher":"https:\/\/www.facebook.com\/Mdxone-148452148682708\/","article_modified_time":"2026-02-03T19:24:25+00:00","og_image":[{"width":800,"height":800,"url":"https:\/\/www.mdxone.com\/wp-content\/uploads\/2024\/09\/brown.jpeg","type":"image\/jpeg"}],"twitter_card":"summary_large_image","twitter_site":"@mdxone","twitter_misc":{"Estimation du temps de lecture":"1 minute"},"schema":{"@context":"https:\/\/schema.org","@graph":[{"@type":"WebPage","@id":"https:\/\/www.mdxone.com\/product\/balaclavas-outlet\/","url":"https:\/\/www.mdxone.com\/product\/balaclavas-outlet\/","name":"Balaclavas Outlet | Kid's Snowboard And More | MDXONE","isPartOf":{"@id":"https:\/\/www.mdxone.com\/en\/#website"},"primaryImageOfPage":{"@id":"https:\/\/www.mdxone.com\/product\/balaclavas-outlet\/#primaryimage"},"image":{"@id":"https:\/\/www.mdxone.com\/product\/balaclavas-outlet\/#primaryimage"},"thumbnailUrl":"https:\/\/www.mdxone.com\/wp-content\/uploads\/2024\/09\/brown.jpeg","datePublished":"2024-09-03T16:15:04+00:00","dateModified":"2026-02-03T19:24:25+00:00","description":"Check out our Balaclavas Outlet product. Visit our online store for our collection of kids' snowboard and other skii gear!","breadcrumb":{"@id":"https:\/\/www.mdxone.com\/product\/balaclavas-outlet\/#breadcrumb"},"inLanguage":"fr-CA","potentialAction":[{"@type":"ReadAction","target":["https:\/\/www.mdxone.com\/product\/balaclavas-outlet\/"]}]},{"@type":"ImageObject","inLanguage":"fr-CA","@id":"https:\/\/www.mdxone.com\/product\/balaclavas-outlet\/#primaryimage","url":"https:\/\/www.mdxone.com\/wp-content\/uploads\/2024\/09\/brown.jpeg","contentUrl":"https:\/\/www.mdxone.com\/wp-content\/uploads\/2024\/09\/brown.jpeg","width":800,"height":800},{"@type":"BreadcrumbList","@id":"https:\/\/www.mdxone.com\/product\/balaclavas-outlet\/#breadcrumb","itemListElement":[{"@type":"ListItem","position":1,"name":"Home","item":"https:\/\/www.mdxone.com\/"},{"@type":"ListItem","position":2,"name":"Our Products","item":"https:\/\/www.mdxone.com\/our-products\/"},{"@type":"ListItem","position":3,"name":"Balaclavas Outlet"}]},{"@type":"WebSite","@id":"https:\/\/www.mdxone.com\/en\/#website","url":"https:\/\/www.mdxone.com\/en\/","name":"MDXOne","description":"","publisher":{"@id":"https:\/\/www.mdxone.com\/en\/#organization"},"potentialAction":[{"@type":"SearchAction","target":{"@type":"EntryPoint","urlTemplate":"https:\/\/www.mdxone.com\/en\/?s={search_term_string}"},"query-input":{"@type":"PropertyValueSpecification","valueRequired":true,"valueName":"search_term_string"}}],"inLanguage":"fr-CA"},{"@type":"Organization","@id":"https:\/\/www.mdxone.com\/en\/#organization","name":"MDXONE","url":"https:\/\/www.mdxone.com\/en\/","logo":{"@type":"ImageObject","inLanguage":"fr-CA","@id":"https:\/\/www.mdxone.com\/en\/#\/schema\/logo\/image\/","url":"https:\/\/i0.wp.com\/www.mdxone.com\/wp-content\/uploads\/2023\/10\/cropped-MDXONE-favicon.png?fit=512%2C512&ssl=1","contentUrl":"https:\/\/i0.wp.com\/www.mdxone.com\/wp-content\/uploads\/2023\/10\/cropped-MDXONE-favicon.png?fit=512%2C512&ssl=1","width":512,"height":512,"caption":"MDXONE"},"image":{"@id":"https:\/\/www.mdxone.com\/en\/#\/schema\/logo\/image\/"},"sameAs":["https:\/\/www.facebook.com\/Mdxone-148452148682708\/","https:\/\/x.com\/mdxone"]}]}},"featured_img":"https:\/\/www.mdxone.com\/wp-content\/uploads\/2024\/09\/brown.jpeg","coauthors":[],"author_meta":{"author_link":"https:\/\/www.mdxone.com\/fr\/author\/wendy-mdxone\/","display_name":"Wendy mdxone"},"relative_dates":{"created":"Posted 2 ann\u00e9es ago","modified":"Updated 3 mois ago"},"absolute_dates":{"created":"Posted on septembre 3, 2024","modified":"Updated on f\u00e9vrier 3, 2026"},"absolute_dates_time":{"created":"Posted on septembre 3, 2024 12:15 pm","modified":"Updated on f\u00e9vrier 3, 2026 2:24 pm"},"featured_img_caption":"","tax_additional":{"product_brand":{"linked":[],"unlinked":[],"slug":"product_brand","name":"Marques"},"product_type":{"linked":["<a href=\"https:\/\/www.mdxone.com\/fr\/?taxonomy=product_type&#038;term=variable\" class=\"advgb-post-tax-term\">variable<\/a>"],"unlinked":["<span class=\"advgb-post-tax-term\">variable<\/span>"],"slug":"product_type","name":"Type de produit"},"product_visibility":{"linked":["<a href=\"https:\/\/www.mdxone.com\/fr\/?taxonomy=product_visibility&#038;term=outofstock\" class=\"advgb-post-tax-term\">outofstock<\/a>"],"unlinked":["<span class=\"advgb-post-tax-term\">outofstock<\/span>"],"slug":"product_visibility","name":"Visibilit\u00e9 du produit"},"product_cat":{"linked":["<a href=\"https:\/\/www.mdxone.com\/fr\/categorie-produit\/outlet\/\" class=\"advgb-post-tax-term\">Outlet<\/a>"],"unlinked":["<span class=\"advgb-post-tax-term\">Outlet<\/span>"],"slug":"product_cat","name":"Cat\u00e9gories de produits"},"product_tag":{"linked":["<a href=\"https:\/\/www.mdxone.com\/fr\/etiquette-produit\/canada-only\/\" class=\"advgb-post-tax-term\">Canada<\/a>"],"unlinked":["<span class=\"advgb-post-tax-term\">Canada<\/span>"],"slug":"product_tag","name":"\u00c9tiquettes produit"},"product_shipping_class":{"linked":[],"unlinked":[],"slug":"product_shipping_class","name":"Classe de livraison du produit"},"pos_product_visibility":{"linked":[],"unlinked":[],"slug":"pos_product_visibility","name":"POS Visibilit\u00e9 des produits"},"pa_color":{"linked":[],"unlinked":[],"slug":"pa_color","name":"Produit Choisissez votre couleur :"},"pa_double-plush":{"linked":[],"unlinked":[],"slug":"pa_double-plush","name":"Produit Choisissez votre style :"},"pa_facemask":{"linked":[],"unlinked":[],"slug":"pa_facemask","name":"Produit Choisissez votre couleur :"},"pa_fleece-balaclava":{"linked":[],"unlinked":[],"slug":"pa_fleece-balaclava","name":"Produit Style"},"pa_language":{"linked":[],"unlinked":[],"slug":"pa_language","name":"Produit Choose Language"},"pa_no-pompoms":{"linked":[],"unlinked":[],"slug":"pa_no-pompoms","name":"Produit No Pompoms"},"pa_on-sale":{"linked":[],"unlinked":[],"slug":"pa_on-sale","name":"Produit EN VENTE"},"pa_outlet-balaclavas":{"linked":["<a href=\"https:\/\/www.mdxone.com\/fr\/?taxonomy=pa_outlet-balaclavas&#038;term=aqua\" class=\"advgb-post-tax-term\">Aqua<\/a>","<a href=\"https:\/\/www.mdxone.com\/fr\/?taxonomy=pa_outlet-balaclavas&#038;term=brown\" class=\"advgb-post-tax-term\">Brown<\/a>","<a href=\"https:\/\/www.mdxone.com\/fr\/?taxonomy=pa_outlet-balaclavas&#038;term=mauve\" class=\"advgb-post-tax-term\">Mauve<\/a>","<a href=\"https:\/\/www.mdxone.com\/fr\/?taxonomy=pa_outlet-balaclavas&#038;term=navy\" class=\"advgb-post-tax-term\">Navy<\/a>","<a href=\"https:\/\/www.mdxone.com\/fr\/?taxonomy=pa_outlet-balaclavas&#038;term=teal\" class=\"advgb-post-tax-term\">Teal<\/a>"],"unlinked":["<span class=\"advgb-post-tax-term\">Aqua<\/span>","<span class=\"advgb-post-tax-term\">Brown<\/span>","<span class=\"advgb-post-tax-term\">Mauve<\/span>","<span class=\"advgb-post-tax-term\">Navy<\/span>","<span class=\"advgb-post-tax-term\">Teal<\/span>"],"slug":"pa_outlet-balaclavas","name":"Produit Choisissez votre couleur :"},"pa_parts":{"linked":[],"unlinked":[],"slug":"pa_parts","name":"Produit Parts"},"pa_pom-poms":{"linked":[],"unlinked":[],"slug":"pa_pom-poms","name":"Produit Choisissez votre couleur :"},"pa_seat-harness":{"linked":[],"unlinked":[],"slug":"pa_seat-harness","name":"Produit Seat Harness"},"pa_size":{"linked":[],"unlinked":[],"slug":"pa_size","name":"Produit Size"},"pa_sticker-pack":{"linked":[],"unlinked":[],"slug":"pa_sticker-pack","name":"Produit STICKER PACK"},"pa_with-pompoms":{"linked":[],"unlinked":[],"slug":"pa_with-pompoms","name":"Produit With Pompoms"},"pa_yeti-goggles":{"linked":[],"unlinked":[],"slug":"pa_yeti-goggles","name":"Produit Choisissez votre couleur :"},"pa_yeti-stuffy":{"linked":[],"unlinked":[],"slug":"pa_yeti-stuffy","name":"Produit Choisissez votre Yeti :"}},"series_order":"","_links":{"self":[{"href":"https:\/\/www.mdxone.com\/fr\/wp-json\/wp\/v2\/product\/22187","targetHints":{"allow":["GET"]}}],"collection":[{"href":"https:\/\/www.mdxone.com\/fr\/wp-json\/wp\/v2\/product"}],"about":[{"href":"https:\/\/www.mdxone.com\/fr\/wp-json\/wp\/v2\/types\/product"}],"replies":[{"embeddable":true,"href":"https:\/\/www.mdxone.com\/fr\/wp-json\/wp\/v2\/comments?post=22187"}],"wp:featuredmedia":[{"embeddable":true,"href":"https:\/\/www.mdxone.com\/fr\/wp-json\/wp\/v2\/media\/22305"}],"wp:attachment":[{"href":"https:\/\/www.mdxone.com\/fr\/wp-json\/wp\/v2\/media?parent=22187"}],"wp:term":[{"taxonomy":"product_brand","embeddable":true,"href":"https:\/\/www.mdxone.com\/fr\/wp-json\/wp\/v2\/product_brand?post=22187"},{"taxonomy":"product_cat","embeddable":true,"href":"https:\/\/www.mdxone.com\/fr\/wp-json\/wp\/v2\/product_cat?post=22187"},{"taxonomy":"product_tag","embeddable":true,"href":"https:\/\/www.mdxone.com\/fr\/wp-json\/wp\/v2\/product_tag?post=22187"}],"curies":[{"name":"wp","href":"https:\/\/api.w.org\/{rel}","templated":true}]}}