{"id":22235,"date":"2024-09-04T11:32:13","date_gmt":"2024-09-04T15:32:13","guid":{"rendered":"https:\/\/www.mdxone.com\/?post_type=product&#038;p=22235"},"modified":"2026-04-09T13:35:44","modified_gmt":"2026-04-09T17:35:44","slug":"ski-harness-copy","status":"publish","type":"product","link":"https:\/\/www.mdxone.com\/fr\/produit\/ski-harness-copy\/","title":{"rendered":"Prise pour harnais de ski"},"content":{"rendered":"<h2>SKI HARNESS Regular Price $54.95 - DEMO-NEW discontinued logo and Style.<\/h2>\n<p>Le MDXONE STATIC est un harnais de ski 5 points.<\/p>\n<h2>Comprend<\/h2>\n<ul>\n<li>Une sangle amovible qui offre un soutien suppl\u00e9mentaire pour votre enfant.<\/li>\n<li>Une poign\u00e9e de pr\u00e9hension pour soulever votre petit skieur de la neige ou pour l'aider \u00e0 monter\/descendre du t\u00e9l\u00e9si\u00e8ge.<\/li>\n<li>Une corde statique de 9 pieds avec deux cordons \u00e9lastiques, les cordons \u00e9lastiques offrent un arr\u00eat en douceur et \u00e9liminent le besoin d'une deuxi\u00e8me corde.<\/li>\n<li>S\u00c9CURIT\u00c9 AVANT TOUT : Logos r\u00e9fl\u00e9chissants et poches \u00e9lastiques pour s\u00e9curiser les sangles suppl\u00e9mentaires. Dimensions : 10'' de hauteur x 8'' de largeur x 2 pouces de profondeur.<\/li>\n<\/ul>\n<h4>POIDS MAXIMUM JUSQU'\u00c0 45LBS.<\/h4>\n<div class=\"flex gap-4\"><img decoding=\"async\" class=\"accreditation-logo\" src=\"\/wp-content\/uploads\/2021\/07\/Picture2-2-150x150-1.png\" alt=\"\" width=\"150\" height=\"150\" \/><\/div>\n<h2><span style=\"color: #ff0000;\"><strong> <b>TOUS LES ARTICLES DES POINTS DE VENTE SONT DES VENTES FINALES ET NE PEUVENT \u00caTRE RETOURN\u00c9S<\/b><\/strong><\/span><\/h2>","protected":false},"excerpt":{"rendered":"<p>SKI HARNESS Regular Price $54.95 &#8211; DEMO-NEW discontinued logo and Style. The MDXONE STATIC is a 5 points ski harness. Includes: A removable seat harness that offers extra support for your little one. A Grab handle to pick up your little skier off the snow or to help out going on\/off the chairlift. A 9\u2019static [&hellip;]<\/p>\n","protected":false},"author":38,"featured_media":19903,"comment_status":"closed","ping_status":"closed","template":"","meta":{"_acf_changed":false,"inline_featured_image":false,"advgb_blocks_editor_width":"","advgb_blocks_columns_visual_guide":""},"product_brand":[],"product_cat":[239],"product_tag":[],"class_list":{"0":"post-22235","1":"product","2":"type-product","3":"status-publish","4":"has-post-thumbnail","6":"product_cat-outlet","8":"first","9":"outofstock","10":"sale","11":"taxable","12":"shipping-taxable","13":"purchasable","14":"product-type-variable","15":"has-default-attributes"},"acf":[],"yoast_head":"<!-- This site is optimized with the Yoast SEO plugin v27.6 - https:\/\/yoast.com\/product\/yoast-seo-wordpress\/ -->\n<title>Ski Harness Outlet | Kid&#039;s Snowboard And More | MDXONE<\/title>\n<meta name=\"description\" content=\"Check out our Ski Harness Outlet product. Visit our online store for our collection of kids&#039; snowboard and other skii gear!\" \/>\n<meta name=\"robots\" content=\"index, follow, max-snippet:-1, max-image-preview:large, max-video-preview:-1\" \/>\n<link rel=\"canonical\" href=\"https:\/\/www.mdxone.com\/fr\/produit\/ski-harness-copy\/\" \/>\n<meta property=\"og:locale\" content=\"fr_CA\" \/>\n<meta property=\"og:type\" content=\"article\" \/>\n<meta property=\"og:title\" content=\"Ski Harness Outlet | Kid&#039;s Snowboard And More | MDXONE\" \/>\n<meta property=\"og:description\" content=\"Check out our Ski Harness Outlet product. Visit our online store for our collection of kids&#039; snowboard and other skii gear!\" \/>\n<meta property=\"og:url\" content=\"https:\/\/www.mdxone.com\/fr\/produit\/ski-harness-copy\/\" \/>\n<meta property=\"og:site_name\" content=\"MDXOne\" \/>\n<meta property=\"article:publisher\" content=\"https:\/\/www.facebook.com\/Mdxone-148452148682708\/\" \/>\n<meta property=\"article:modified_time\" content=\"2026-04-09T17:35:44+00:00\" \/>\n<meta property=\"og:image\" content=\"https:\/\/www.mdxone.com\/wp-content\/uploads\/2021\/07\/mini-OX.Red_.all_.2-1024x697.png\" \/>\n\t<meta property=\"og:image:width\" content=\"1024\" \/>\n\t<meta property=\"og:image:height\" content=\"697\" \/>\n\t<meta property=\"og:image:type\" content=\"image\/png\" \/>\n<meta name=\"twitter:card\" content=\"summary_large_image\" \/>\n<meta name=\"twitter:site\" content=\"@mdxone\" \/>\n<meta name=\"twitter:label1\" content=\"Estimation du temps de lecture\" \/>\n\t<meta name=\"twitter:data1\" content=\"1 minute\" \/>\n<script type=\"application\/ld+json\" class=\"yoast-schema-graph\">{\"@context\":\"https:\\\/\\\/schema.org\",\"@graph\":[{\"@type\":\"WebPage\",\"@id\":\"https:\\\/\\\/www.mdxone.com\\\/product\\\/ski-harness-copy\\\/\",\"url\":\"https:\\\/\\\/www.mdxone.com\\\/product\\\/ski-harness-copy\\\/\",\"name\":\"Ski Harness Outlet | Kid's Snowboard And More | MDXONE\",\"isPartOf\":{\"@id\":\"https:\\\/\\\/www.mdxone.com\\\/en\\\/#website\"},\"primaryImageOfPage\":{\"@id\":\"https:\\\/\\\/www.mdxone.com\\\/product\\\/ski-harness-copy\\\/#primaryimage\"},\"image\":{\"@id\":\"https:\\\/\\\/www.mdxone.com\\\/product\\\/ski-harness-copy\\\/#primaryimage\"},\"thumbnailUrl\":\"https:\\\/\\\/www.mdxone.com\\\/wp-content\\\/uploads\\\/2021\\\/07\\\/mini-OX.Red_.all_.2.png\",\"datePublished\":\"2024-09-04T15:32:13+00:00\",\"dateModified\":\"2026-04-09T17:35:44+00:00\",\"description\":\"Check out our Ski Harness Outlet product. Visit our online store for our collection of kids' snowboard and other skii gear!\",\"breadcrumb\":{\"@id\":\"https:\\\/\\\/www.mdxone.com\\\/product\\\/ski-harness-copy\\\/#breadcrumb\"},\"inLanguage\":\"fr-CA\",\"potentialAction\":[{\"@type\":\"ReadAction\",\"target\":[\"https:\\\/\\\/www.mdxone.com\\\/product\\\/ski-harness-copy\\\/\"]}]},{\"@type\":\"ImageObject\",\"inLanguage\":\"fr-CA\",\"@id\":\"https:\\\/\\\/www.mdxone.com\\\/product\\\/ski-harness-copy\\\/#primaryimage\",\"url\":\"https:\\\/\\\/www.mdxone.com\\\/wp-content\\\/uploads\\\/2021\\\/07\\\/mini-OX.Red_.all_.2.png\",\"contentUrl\":\"https:\\\/\\\/www.mdxone.com\\\/wp-content\\\/uploads\\\/2021\\\/07\\\/mini-OX.Red_.all_.2.png\",\"width\":2719,\"height\":1851},{\"@type\":\"BreadcrumbList\",\"@id\":\"https:\\\/\\\/www.mdxone.com\\\/product\\\/ski-harness-copy\\\/#breadcrumb\",\"itemListElement\":[{\"@type\":\"ListItem\",\"position\":1,\"name\":\"Home\",\"item\":\"https:\\\/\\\/www.mdxone.com\\\/\"},{\"@type\":\"ListItem\",\"position\":2,\"name\":\"Our Products\",\"item\":\"https:\\\/\\\/www.mdxone.com\\\/our-products\\\/\"},{\"@type\":\"ListItem\",\"position\":3,\"name\":\"Ski Harness Outlet\"}]},{\"@type\":\"WebSite\",\"@id\":\"https:\\\/\\\/www.mdxone.com\\\/en\\\/#website\",\"url\":\"https:\\\/\\\/www.mdxone.com\\\/en\\\/\",\"name\":\"MDXOne\",\"description\":\"\",\"publisher\":{\"@id\":\"https:\\\/\\\/www.mdxone.com\\\/en\\\/#organization\"},\"potentialAction\":[{\"@type\":\"SearchAction\",\"target\":{\"@type\":\"EntryPoint\",\"urlTemplate\":\"https:\\\/\\\/www.mdxone.com\\\/en\\\/?s={search_term_string}\"},\"query-input\":{\"@type\":\"PropertyValueSpecification\",\"valueRequired\":true,\"valueName\":\"search_term_string\"}}],\"inLanguage\":\"fr-CA\"},{\"@type\":\"Organization\",\"@id\":\"https:\\\/\\\/www.mdxone.com\\\/en\\\/#organization\",\"name\":\"MDXONE\",\"url\":\"https:\\\/\\\/www.mdxone.com\\\/en\\\/\",\"logo\":{\"@type\":\"ImageObject\",\"inLanguage\":\"fr-CA\",\"@id\":\"https:\\\/\\\/www.mdxone.com\\\/en\\\/#\\\/schema\\\/logo\\\/image\\\/\",\"url\":\"https:\\\/\\\/i0.wp.com\\\/www.mdxone.com\\\/wp-content\\\/uploads\\\/2023\\\/10\\\/cropped-MDXONE-favicon.png?fit=512%2C512&ssl=1\",\"contentUrl\":\"https:\\\/\\\/i0.wp.com\\\/www.mdxone.com\\\/wp-content\\\/uploads\\\/2023\\\/10\\\/cropped-MDXONE-favicon.png?fit=512%2C512&ssl=1\",\"width\":512,\"height\":512,\"caption\":\"MDXONE\"},\"image\":{\"@id\":\"https:\\\/\\\/www.mdxone.com\\\/en\\\/#\\\/schema\\\/logo\\\/image\\\/\"},\"sameAs\":[\"https:\\\/\\\/www.facebook.com\\\/Mdxone-148452148682708\\\/\",\"https:\\\/\\\/x.com\\\/mdxone\"]}]}<\/script>\n<!-- \/ Yoast SEO plugin. -->","yoast_head_json":{"title":"Ski Harness Outlet | Kid's Snowboard And More | MDXONE","description":"D\u00e9couvrez notre produit Ski Harness Outlet. Visitez notre magasin en ligne pour notre collection de snowboard pour enfants et d'autres \u00e9quipements de ski !","robots":{"index":"index","follow":"follow","max-snippet":"max-snippet:-1","max-image-preview":"max-image-preview:large","max-video-preview":"max-video-preview:-1"},"canonical":"https:\/\/www.mdxone.com\/fr\/produit\/ski-harness-copy\/","og_locale":"fr_CA","og_type":"article","og_title":"Ski Harness Outlet | Kid's Snowboard And More | MDXONE","og_description":"Check out our Ski Harness Outlet product. Visit our online store for our collection of kids' snowboard and other skii gear!","og_url":"https:\/\/www.mdxone.com\/fr\/produit\/ski-harness-copy\/","og_site_name":"MDXOne","article_publisher":"https:\/\/www.facebook.com\/Mdxone-148452148682708\/","article_modified_time":"2026-04-09T17:35:44+00:00","og_image":[{"width":1024,"height":697,"url":"https:\/\/www.mdxone.com\/wp-content\/uploads\/2021\/07\/mini-OX.Red_.all_.2-1024x697.png","type":"image\/png"}],"twitter_card":"summary_large_image","twitter_site":"@mdxone","twitter_misc":{"Estimation du temps de lecture":"1 minute"},"schema":{"@context":"https:\/\/schema.org","@graph":[{"@type":"WebPage","@id":"https:\/\/www.mdxone.com\/product\/ski-harness-copy\/","url":"https:\/\/www.mdxone.com\/product\/ski-harness-copy\/","name":"Ski Harness Outlet | Kid's Snowboard And More | MDXONE","isPartOf":{"@id":"https:\/\/www.mdxone.com\/en\/#website"},"primaryImageOfPage":{"@id":"https:\/\/www.mdxone.com\/product\/ski-harness-copy\/#primaryimage"},"image":{"@id":"https:\/\/www.mdxone.com\/product\/ski-harness-copy\/#primaryimage"},"thumbnailUrl":"https:\/\/www.mdxone.com\/wp-content\/uploads\/2021\/07\/mini-OX.Red_.all_.2.png","datePublished":"2024-09-04T15:32:13+00:00","dateModified":"2026-04-09T17:35:44+00:00","description":"D\u00e9couvrez notre produit Ski Harness Outlet. Visitez notre magasin en ligne pour notre collection de snowboard pour enfants et d'autres \u00e9quipements de ski !","breadcrumb":{"@id":"https:\/\/www.mdxone.com\/product\/ski-harness-copy\/#breadcrumb"},"inLanguage":"fr-CA","potentialAction":[{"@type":"ReadAction","target":["https:\/\/www.mdxone.com\/product\/ski-harness-copy\/"]}]},{"@type":"ImageObject","inLanguage":"fr-CA","@id":"https:\/\/www.mdxone.com\/product\/ski-harness-copy\/#primaryimage","url":"https:\/\/www.mdxone.com\/wp-content\/uploads\/2021\/07\/mini-OX.Red_.all_.2.png","contentUrl":"https:\/\/www.mdxone.com\/wp-content\/uploads\/2021\/07\/mini-OX.Red_.all_.2.png","width":2719,"height":1851},{"@type":"BreadcrumbList","@id":"https:\/\/www.mdxone.com\/product\/ski-harness-copy\/#breadcrumb","itemListElement":[{"@type":"ListItem","position":1,"name":"Home","item":"https:\/\/www.mdxone.com\/"},{"@type":"ListItem","position":2,"name":"Our Products","item":"https:\/\/www.mdxone.com\/our-products\/"},{"@type":"ListItem","position":3,"name":"Ski Harness Outlet"}]},{"@type":"WebSite","@id":"https:\/\/www.mdxone.com\/en\/#website","url":"https:\/\/www.mdxone.com\/en\/","name":"MDXOne","description":"","publisher":{"@id":"https:\/\/www.mdxone.com\/en\/#organization"},"potentialAction":[{"@type":"SearchAction","target":{"@type":"EntryPoint","urlTemplate":"https:\/\/www.mdxone.com\/en\/?s={search_term_string}"},"query-input":{"@type":"PropertyValueSpecification","valueRequired":true,"valueName":"search_term_string"}}],"inLanguage":"fr-CA"},{"@type":"Organization","@id":"https:\/\/www.mdxone.com\/en\/#organization","name":"MDXONE","url":"https:\/\/www.mdxone.com\/en\/","logo":{"@type":"ImageObject","inLanguage":"fr-CA","@id":"https:\/\/www.mdxone.com\/en\/#\/schema\/logo\/image\/","url":"https:\/\/i0.wp.com\/www.mdxone.com\/wp-content\/uploads\/2023\/10\/cropped-MDXONE-favicon.png?fit=512%2C512&ssl=1","contentUrl":"https:\/\/i0.wp.com\/www.mdxone.com\/wp-content\/uploads\/2023\/10\/cropped-MDXONE-favicon.png?fit=512%2C512&ssl=1","width":512,"height":512,"caption":"MDXONE"},"image":{"@id":"https:\/\/www.mdxone.com\/en\/#\/schema\/logo\/image\/"},"sameAs":["https:\/\/www.facebook.com\/Mdxone-148452148682708\/","https:\/\/x.com\/mdxone"]}]}},"featured_img":"https:\/\/www.mdxone.com\/wp-content\/uploads\/2021\/07\/mini-OX.Red_.all_.2.png","coauthors":[],"author_meta":{"author_link":"https:\/\/www.mdxone.com\/fr\/author\/wendy-mdxone\/","display_name":"Wendy mdxone"},"relative_dates":{"created":"Posted 2 ann\u00e9es ago","modified":"Updated 1 mois ago"},"absolute_dates":{"created":"Posted on septembre 4, 2024","modified":"Updated on avril 9, 2026"},"absolute_dates_time":{"created":"Posted on septembre 4, 2024 11:32 am","modified":"Updated on avril 9, 2026 1:35 pm"},"featured_img_caption":"","tax_additional":{"product_brand":{"linked":[],"unlinked":[],"slug":"product_brand","name":"Marques"},"product_type":{"linked":["<a href=\"https:\/\/www.mdxone.com\/fr\/?taxonomy=product_type&#038;term=variable\" class=\"advgb-post-tax-term\">variable<\/a>"],"unlinked":["<span class=\"advgb-post-tax-term\">variable<\/span>"],"slug":"product_type","name":"Type de produit"},"product_visibility":{"linked":["<a href=\"https:\/\/www.mdxone.com\/fr\/?taxonomy=product_visibility&#038;term=outofstock\" class=\"advgb-post-tax-term\">outofstock<\/a>"],"unlinked":["<span class=\"advgb-post-tax-term\">outofstock<\/span>"],"slug":"product_visibility","name":"Visibilit\u00e9 du produit"},"product_cat":{"linked":["<a href=\"https:\/\/www.mdxone.com\/fr\/categorie-produit\/outlet\/\" class=\"advgb-post-tax-term\">Outlet<\/a>"],"unlinked":["<span class=\"advgb-post-tax-term\">Outlet<\/span>"],"slug":"product_cat","name":"Cat\u00e9gories de produits"},"product_tag":{"linked":[],"unlinked":[],"slug":"product_tag","name":"\u00c9tiquettes produit"},"product_shipping_class":{"linked":[],"unlinked":[],"slug":"product_shipping_class","name":"Classe de livraison du produit"},"pos_product_visibility":{"linked":[],"unlinked":[],"slug":"pos_product_visibility","name":"POS Visibilit\u00e9 des produits"},"pa_color":{"linked":["<a href=\"https:\/\/www.mdxone.com\/fr\/?taxonomy=pa_color&#038;term=blue\" class=\"advgb-post-tax-term\">BLUE<\/a>","<a href=\"https:\/\/www.mdxone.com\/fr\/?taxonomy=pa_color&#038;term=red\" class=\"advgb-post-tax-term\">RED<\/a>"],"unlinked":["<span class=\"advgb-post-tax-term\">BLUE<\/span>","<span class=\"advgb-post-tax-term\">RED<\/span>"],"slug":"pa_color","name":"Produit Choisissez votre couleur :"},"pa_double-plush":{"linked":[],"unlinked":[],"slug":"pa_double-plush","name":"Produit Choisissez votre style :"},"pa_facemask":{"linked":[],"unlinked":[],"slug":"pa_facemask","name":"Produit Choisissez votre couleur :"},"pa_fleece-balaclava":{"linked":[],"unlinked":[],"slug":"pa_fleece-balaclava","name":"Produit Style"},"pa_language":{"linked":[],"unlinked":[],"slug":"pa_language","name":"Produit Choose Language"},"pa_no-pompoms":{"linked":[],"unlinked":[],"slug":"pa_no-pompoms","name":"Produit No Pompoms"},"pa_on-sale":{"linked":[],"unlinked":[],"slug":"pa_on-sale","name":"Produit EN VENTE"},"pa_outlet-balaclavas":{"linked":[],"unlinked":[],"slug":"pa_outlet-balaclavas","name":"Produit Choisissez votre couleur :"},"pa_parts":{"linked":[],"unlinked":[],"slug":"pa_parts","name":"Produit Parts"},"pa_pom-poms":{"linked":[],"unlinked":[],"slug":"pa_pom-poms","name":"Produit Choisissez votre couleur :"},"pa_seat-harness":{"linked":[],"unlinked":[],"slug":"pa_seat-harness","name":"Produit Seat Harness"},"pa_size":{"linked":[],"unlinked":[],"slug":"pa_size","name":"Produit Size"},"pa_sticker-pack":{"linked":[],"unlinked":[],"slug":"pa_sticker-pack","name":"Produit STICKER PACK"},"pa_tow-buddy":{"linked":[],"unlinked":[],"slug":"pa_tow-buddy","name":"Produit Tow Buddy"},"pa_with-pompoms":{"linked":[],"unlinked":[],"slug":"pa_with-pompoms","name":"Produit With Pompoms"},"pa_yeti-goggles":{"linked":[],"unlinked":[],"slug":"pa_yeti-goggles","name":"Produit Choisissez votre couleur :"},"pa_yeti-stuffy":{"linked":[],"unlinked":[],"slug":"pa_yeti-stuffy","name":"Produit Choisissez votre Yeti :"}},"series_order":"","_links":{"self":[{"href":"https:\/\/www.mdxone.com\/fr\/wp-json\/wp\/v2\/product\/22235","targetHints":{"allow":["GET"]}}],"collection":[{"href":"https:\/\/www.mdxone.com\/fr\/wp-json\/wp\/v2\/product"}],"about":[{"href":"https:\/\/www.mdxone.com\/fr\/wp-json\/wp\/v2\/types\/product"}],"replies":[{"embeddable":true,"href":"https:\/\/www.mdxone.com\/fr\/wp-json\/wp\/v2\/comments?post=22235"}],"wp:featuredmedia":[{"embeddable":true,"href":"https:\/\/www.mdxone.com\/fr\/wp-json\/wp\/v2\/media\/19903"}],"wp:attachment":[{"href":"https:\/\/www.mdxone.com\/fr\/wp-json\/wp\/v2\/media?parent=22235"}],"wp:term":[{"taxonomy":"product_brand","embeddable":true,"href":"https:\/\/www.mdxone.com\/fr\/wp-json\/wp\/v2\/product_brand?post=22235"},{"taxonomy":"product_cat","embeddable":true,"href":"https:\/\/www.mdxone.com\/fr\/wp-json\/wp\/v2\/product_cat?post=22235"},{"taxonomy":"product_tag","embeddable":true,"href":"https:\/\/www.mdxone.com\/fr\/wp-json\/wp\/v2\/product_tag?post=22235"}],"curies":[{"name":"wp","href":"https:\/\/api.w.org\/{rel}","templated":true}]}}