{"id":22402,"date":"2024-10-21T12:59:49","date_gmt":"2024-10-21T16:59:49","guid":{"rendered":"https:\/\/www.mdxone.com\/?post_type=product&#038;p=22402"},"modified":"2026-01-22T12:35:58","modified_gmt":"2026-01-22T17:35:58","slug":"balaclavas-double-plush","status":"publish","type":"product","link":"https:\/\/www.mdxone.com\/fr\/produit\/balaclavas-double-plush\/","title":{"rendered":"Cagoules en peluche"},"content":{"rendered":"<h3>Chaleur suppl\u00e9mentaire et confort douillet - toute la journ\u00e9e.<\/h3>\n<h4>Cagoule en peluche ultra-douce \u00e0 double couche con\u00e7ue pour les journ\u00e9es d'hiver les plus froides.<\/h4>\n<p>Gardez votre petit shredder bien au chaud de la premi\u00e8re \u00e0 la derni\u00e8re course gr\u00e2ce \u00e0 la polaire \u00e9paisse et pelucheuse qui prot\u00e8ge la t\u00eate, le cou et le visage tout en restant respirante et confortable.  <\/p>\n<h3><\/h3>\n<div style=\"margin: 0 0 10px 0;\">\n<p>\u2705 <strong>Adaptation au port du casque<\/strong> - se glisse facilement sur les casques des enfants ou peut \u00eatre port\u00e9 seul<br \/>\n\u2705 <strong>Polaire double \u00e9paisseur<\/strong> pour une chaleur et une douceur ultimes<br \/>\n\u2705 <strong>Couverture compl\u00e8te<\/strong> pour prot\u00e9ger la t\u00eate, le cou et le visage du vent et du froid<br \/>\n\u2705 <strong>Respirant et extensible<\/strong> - permet aux enfants d'\u00eatre \u00e0 l'aise sans \u00eatre encombrants<br \/>\n\u2705 <strong>Compl\u00e9ment optionnel<\/strong>: amusant, amovible <em>PomPoms<\/em> pour personnaliser leur style<\/p>\n<\/div>","protected":false},"excerpt":{"rendered":"<p><!-- Balaclavas: 3-column grid --><\/p>\n<div style=\"display:grid;grid-template-columns:repeat(3,minmax(260px,1fr));gap:24px;align-items:start;\">\n<p>  <!-- Col 1: Double Plush Balaclavas --><\/p>\n<div>\n<h3 style=\"margin:0 0 8px 0;\">Cagoules doubles en peluche<\/h3>\n<div style=\"display:grid;gap:8px;line-height:1.45;\">\n<p style=\"margin:0;\">\u2705 <strong>Polaire extra-\u00e9paisse<\/strong> pour les jours les plus froids<\/p>\n<p style=\"margin:0;\">\u2705 <strong>M\u00eame ajustement pour les casques<\/strong> avec une isolation doubl\u00e9e<\/p>\n<p style=\"margin:0;\">\u2705 <strong>Un confort douillet<\/strong> votre mini-broyeur va adorer<\/p>\n<\/p><\/div>\n<div style=\"margin:12px 0;height:300px;display:flex;align-items:center;justify-content:center;border:1px solid #e5e5e5;border-radius:8px;padding:12px;\">\n      <img decoding=\"async\" src=\"https:\/\/www.mdxone.com\/wp-content\/uploads\/2021\/07\/Untitled-2.png\"\n           alt=\"Plush Balaclava\"\n           style=\"max-height:260px;width:auto;height:auto;object-fit:contain;\">\n    <\/div>\n<p style=\"margin:12px 0 0 0;\">\n      <a href=\"https:\/\/www.mdxone.com\/fr\/produit\/balaclavas-double-plush\/\"\n         style=\"display:block;width:100%;text-align:center;background:#28a745;color:#fff;padding:12px;border-radius:6px;text-decoration:none;font-weight:bold;\"><br \/>\n         Boutique Peluche<br \/>\n      <\/a>\n    <\/p>\n<\/p><\/div>\n<p>  <!-- Col 2: Add PomPoms --><\/p>\n<div>\n<h3 style=\"margin:0 0 8px 0;\">Ajouter des PomPoms<\/h3>\n<div style=\"display:grid;gap:8px;line-height:1.45;\">\n<p style=\"margin:0;\">\u2705 <strong>Mignon, amusant, amovible<\/strong> pour les enfants<\/p>\n<p style=\"margin:0;\">\u2705 <strong>Syst\u00e8me de boucles \u00e9lastiques<\/strong> pour une fixation\/un retrait faciles<\/p>\n<p style=\"margin:0;\">\u2705 <strong>Changer de couleur<\/strong> pour s'adapter \u00e0 leur style cool<\/p>\n<\/p><\/div>\n<div style=\"margin:12px 0;height:300px;display:flex;align-items:center;justify-content:center;border:1px solid #e5e5e5;border-radius:8px;padding:12px;\">\n      <img decoding=\"async\" src=\"https:\/\/www.mdxone.com\/wp-content\/uploads\/2024\/10\/Untitled-2-2.png\"\n           alt=\"PomPoms for Balaclavas\"\n           style=\"max-height:260px;width:auto;height:auto;object-fit:contain;\">\n    <\/div>\n<p style=\"margin:12px 0 0 0;\">\n      <a href=\"https:\/\/www.mdxone.com\/fr\/produit\/pompoms\/\"\n         style=\"display:block;width:100%;text-align:center;background:#e83e8c;color:#fff;padding:12px;border-radius:6px;text-decoration:none;font-weight:bold;\"><br \/>\n         Acheter des PomPoms<br \/>\n      <\/a>\n    <\/p>\n<\/p><\/div>\n<p>  <!-- Col 3: Kids Face Masks --><\/p>\n<div>\n<h3 style=\"margin:0 0 8px 0;\">Masques pour enfants<\/h3>\n<div style=\"display:grid;gap:8px;line-height:1.45;\">\n<p style=\"margin:0;\">\u2705 <strong>Ajustement compatible avec le port d'un casque<\/strong> - se glisse facilement sous les casques des enfants<\/p>\n<p style=\"margin:0;\">\u2705 <strong>Tissu respirant \u00e0 s\u00e9chage rapide<\/strong> - les garde bien au chaud, sans qu'ils soient moites<\/p>\n<p style=\"margin:0;\">\u2705 <strong>Doublure en polaire douce<\/strong> - douillet, chaud et reste en place<\/p>\n<\/p><\/div>\n<div style=\"margin:12px 0;height:300px;display:flex;align-items:center;justify-content:center;border:1px solid #e5e5e5;border-radius:8px;padding:12px;\">\n      <img decoding=\"async\" src=\"https:\/\/www.mdxone.com\/wp-content\/uploads\/2025\/10\/Untitled-5.png\"\n           alt=\"Kids Face Mask\"\n           style=\"max-height:260px;width:auto;height:auto;object-fit:contain;\">\n    <\/div>\n<p style=\"margin:12px 0 0 0;\">\n      <a href=\"https:\/\/www.mdxone.com\/fr\/produit\/kids-face-mask\/\"\n         style=\"display:block;width:100%;text-align:center;background:#6f42c1;color:#fff;padding:12px;border-radius:6px;text-decoration:none;font-weight:bold;\"><br \/>\n         Boutique Masques pour le visage<br \/>\n      <\/a>\n    <\/p>\n<\/p><\/div>\n<\/div>","protected":false},"author":38,"featured_media":23649,"comment_status":"closed","ping_status":"closed","template":"","meta":{"_acf_changed":false,"inline_featured_image":false,"advgb_blocks_editor_width":"","advgb_blocks_columns_visual_guide":""},"product_brand":[],"product_cat":[85,264,126],"product_tag":[],"class_list":{"0":"post-22402","1":"product","2":"type-product","3":"status-publish","4":"has-post-thumbnail","6":"product_cat-accessories","7":"product_cat-balaclavas","8":"product_cat-our-products","10":"first","11":"instock","12":"taxable","13":"shipping-taxable","14":"purchasable","15":"product-type-variable"},"acf":[],"yoast_head":"<!-- This site is optimized with the Yoast SEO plugin v27.6 - https:\/\/yoast.com\/product\/yoast-seo-wordpress\/ -->\n<title>Plush Balaclavas | Kid&#039;s Snowboard And More | MDXONE<\/title>\n<meta name=\"description\" content=\"Check out our Plush Balaclavas product. Visit our online store for our collection of kids&#039; snowboard and other skii gear!\" \/>\n<meta name=\"robots\" content=\"index, follow, max-snippet:-1, max-image-preview:large, max-video-preview:-1\" \/>\n<link rel=\"canonical\" href=\"https:\/\/www.mdxone.com\/fr\/produit\/balaclavas-double-plush\/\" \/>\n<meta property=\"og:locale\" content=\"fr_CA\" \/>\n<meta property=\"og:type\" content=\"article\" \/>\n<meta property=\"og:title\" content=\"Plush Balaclavas | Kid&#039;s Snowboard And More | MDXONE\" \/>\n<meta property=\"og:description\" content=\"Check out our Plush Balaclavas product. Visit our online store for our collection of kids&#039; snowboard and other skii gear!\" \/>\n<meta property=\"og:url\" content=\"https:\/\/www.mdxone.com\/fr\/produit\/balaclavas-double-plush\/\" \/>\n<meta property=\"og:site_name\" content=\"MDXOne\" \/>\n<meta property=\"article:publisher\" content=\"https:\/\/www.facebook.com\/Mdxone-148452148682708\/\" \/>\n<meta property=\"article:modified_time\" content=\"2026-01-22T17:35:58+00:00\" \/>\n<meta property=\"og:image\" content=\"https:\/\/www.mdxone.com\/wp-content\/uploads\/2024\/10\/20250315_155828000_iOS.jpg\" \/>\n\t<meta property=\"og:image:width\" content=\"1366\" \/>\n\t<meta property=\"og:image:height\" content=\"2048\" \/>\n\t<meta property=\"og:image:type\" content=\"image\/jpeg\" \/>\n<meta name=\"twitter:card\" content=\"summary_large_image\" \/>\n<meta name=\"twitter:site\" content=\"@mdxone\" \/>\n<meta name=\"twitter:label1\" content=\"Estimation du temps de lecture\" \/>\n\t<meta name=\"twitter:data1\" content=\"1 minute\" \/>\n<script type=\"application\/ld+json\" class=\"yoast-schema-graph\">{\"@context\":\"https:\\\/\\\/schema.org\",\"@graph\":[{\"@type\":\"WebPage\",\"@id\":\"https:\\\/\\\/www.mdxone.com\\\/product\\\/balaclavas-double-plush\\\/\",\"url\":\"https:\\\/\\\/www.mdxone.com\\\/product\\\/balaclavas-double-plush\\\/\",\"name\":\"Plush Balaclavas | Kid's Snowboard And More | MDXONE\",\"isPartOf\":{\"@id\":\"https:\\\/\\\/www.mdxone.com\\\/en\\\/#website\"},\"primaryImageOfPage\":{\"@id\":\"https:\\\/\\\/www.mdxone.com\\\/product\\\/balaclavas-double-plush\\\/#primaryimage\"},\"image\":{\"@id\":\"https:\\\/\\\/www.mdxone.com\\\/product\\\/balaclavas-double-plush\\\/#primaryimage\"},\"thumbnailUrl\":\"https:\\\/\\\/www.mdxone.com\\\/wp-content\\\/uploads\\\/2024\\\/10\\\/20250315_155828000_iOS.jpg\",\"datePublished\":\"2024-10-21T16:59:49+00:00\",\"dateModified\":\"2026-01-22T17:35:58+00:00\",\"description\":\"Check out our Plush Balaclavas product. Visit our online store for our collection of kids' snowboard and other skii gear!\",\"breadcrumb\":{\"@id\":\"https:\\\/\\\/www.mdxone.com\\\/product\\\/balaclavas-double-plush\\\/#breadcrumb\"},\"inLanguage\":\"fr-CA\",\"potentialAction\":[{\"@type\":\"ReadAction\",\"target\":[\"https:\\\/\\\/www.mdxone.com\\\/product\\\/balaclavas-double-plush\\\/\"]}]},{\"@type\":\"ImageObject\",\"inLanguage\":\"fr-CA\",\"@id\":\"https:\\\/\\\/www.mdxone.com\\\/product\\\/balaclavas-double-plush\\\/#primaryimage\",\"url\":\"https:\\\/\\\/www.mdxone.com\\\/wp-content\\\/uploads\\\/2024\\\/10\\\/20250315_155828000_iOS.jpg\",\"contentUrl\":\"https:\\\/\\\/www.mdxone.com\\\/wp-content\\\/uploads\\\/2024\\\/10\\\/20250315_155828000_iOS.jpg\",\"width\":1366,\"height\":2048},{\"@type\":\"BreadcrumbList\",\"@id\":\"https:\\\/\\\/www.mdxone.com\\\/product\\\/balaclavas-double-plush\\\/#breadcrumb\",\"itemListElement\":[{\"@type\":\"ListItem\",\"position\":1,\"name\":\"Home\",\"item\":\"https:\\\/\\\/www.mdxone.com\\\/\"},{\"@type\":\"ListItem\",\"position\":2,\"name\":\"Our Products\",\"item\":\"https:\\\/\\\/www.mdxone.com\\\/our-products\\\/\"},{\"@type\":\"ListItem\",\"position\":3,\"name\":\"Plush Balaclavas\"}]},{\"@type\":\"WebSite\",\"@id\":\"https:\\\/\\\/www.mdxone.com\\\/en\\\/#website\",\"url\":\"https:\\\/\\\/www.mdxone.com\\\/en\\\/\",\"name\":\"MDXOne\",\"description\":\"\",\"publisher\":{\"@id\":\"https:\\\/\\\/www.mdxone.com\\\/en\\\/#organization\"},\"potentialAction\":[{\"@type\":\"SearchAction\",\"target\":{\"@type\":\"EntryPoint\",\"urlTemplate\":\"https:\\\/\\\/www.mdxone.com\\\/en\\\/?s={search_term_string}\"},\"query-input\":{\"@type\":\"PropertyValueSpecification\",\"valueRequired\":true,\"valueName\":\"search_term_string\"}}],\"inLanguage\":\"fr-CA\"},{\"@type\":\"Organization\",\"@id\":\"https:\\\/\\\/www.mdxone.com\\\/en\\\/#organization\",\"name\":\"MDXONE\",\"url\":\"https:\\\/\\\/www.mdxone.com\\\/en\\\/\",\"logo\":{\"@type\":\"ImageObject\",\"inLanguage\":\"fr-CA\",\"@id\":\"https:\\\/\\\/www.mdxone.com\\\/en\\\/#\\\/schema\\\/logo\\\/image\\\/\",\"url\":\"https:\\\/\\\/i0.wp.com\\\/www.mdxone.com\\\/wp-content\\\/uploads\\\/2023\\\/10\\\/cropped-MDXONE-favicon.png?fit=512%2C512&ssl=1\",\"contentUrl\":\"https:\\\/\\\/i0.wp.com\\\/www.mdxone.com\\\/wp-content\\\/uploads\\\/2023\\\/10\\\/cropped-MDXONE-favicon.png?fit=512%2C512&ssl=1\",\"width\":512,\"height\":512,\"caption\":\"MDXONE\"},\"image\":{\"@id\":\"https:\\\/\\\/www.mdxone.com\\\/en\\\/#\\\/schema\\\/logo\\\/image\\\/\"},\"sameAs\":[\"https:\\\/\\\/www.facebook.com\\\/Mdxone-148452148682708\\\/\",\"https:\\\/\\\/x.com\\\/mdxone\"]}]}<\/script>\n<!-- \/ Yoast SEO plugin. -->","yoast_head_json":{"title":"Plush Balaclavas | Kid's Snowboard And More | MDXONE","description":"Check out our Plush Balaclavas product. Visit our online store for our collection of kids' snowboard and other skii gear!","robots":{"index":"index","follow":"follow","max-snippet":"max-snippet:-1","max-image-preview":"max-image-preview:large","max-video-preview":"max-video-preview:-1"},"canonical":"https:\/\/www.mdxone.com\/fr\/produit\/balaclavas-double-plush\/","og_locale":"fr_CA","og_type":"article","og_title":"Plush Balaclavas | Kid's Snowboard And More | MDXONE","og_description":"Check out our Plush Balaclavas product. Visit our online store for our collection of kids' snowboard and other skii gear!","og_url":"https:\/\/www.mdxone.com\/fr\/produit\/balaclavas-double-plush\/","og_site_name":"MDXOne","article_publisher":"https:\/\/www.facebook.com\/Mdxone-148452148682708\/","article_modified_time":"2026-01-22T17:35:58+00:00","og_image":[{"width":1366,"height":2048,"url":"https:\/\/www.mdxone.com\/wp-content\/uploads\/2024\/10\/20250315_155828000_iOS.jpg","type":"image\/jpeg"}],"twitter_card":"summary_large_image","twitter_site":"@mdxone","twitter_misc":{"Estimation du temps de lecture":"1 minute"},"schema":{"@context":"https:\/\/schema.org","@graph":[{"@type":"WebPage","@id":"https:\/\/www.mdxone.com\/product\/balaclavas-double-plush\/","url":"https:\/\/www.mdxone.com\/product\/balaclavas-double-plush\/","name":"Plush Balaclavas | Kid's Snowboard And More | MDXONE","isPartOf":{"@id":"https:\/\/www.mdxone.com\/en\/#website"},"primaryImageOfPage":{"@id":"https:\/\/www.mdxone.com\/product\/balaclavas-double-plush\/#primaryimage"},"image":{"@id":"https:\/\/www.mdxone.com\/product\/balaclavas-double-plush\/#primaryimage"},"thumbnailUrl":"https:\/\/www.mdxone.com\/wp-content\/uploads\/2024\/10\/20250315_155828000_iOS.jpg","datePublished":"2024-10-21T16:59:49+00:00","dateModified":"2026-01-22T17:35:58+00:00","description":"Check out our Plush Balaclavas product. Visit our online store for our collection of kids' snowboard and other skii gear!","breadcrumb":{"@id":"https:\/\/www.mdxone.com\/product\/balaclavas-double-plush\/#breadcrumb"},"inLanguage":"fr-CA","potentialAction":[{"@type":"ReadAction","target":["https:\/\/www.mdxone.com\/product\/balaclavas-double-plush\/"]}]},{"@type":"ImageObject","inLanguage":"fr-CA","@id":"https:\/\/www.mdxone.com\/product\/balaclavas-double-plush\/#primaryimage","url":"https:\/\/www.mdxone.com\/wp-content\/uploads\/2024\/10\/20250315_155828000_iOS.jpg","contentUrl":"https:\/\/www.mdxone.com\/wp-content\/uploads\/2024\/10\/20250315_155828000_iOS.jpg","width":1366,"height":2048},{"@type":"BreadcrumbList","@id":"https:\/\/www.mdxone.com\/product\/balaclavas-double-plush\/#breadcrumb","itemListElement":[{"@type":"ListItem","position":1,"name":"Home","item":"https:\/\/www.mdxone.com\/"},{"@type":"ListItem","position":2,"name":"Our Products","item":"https:\/\/www.mdxone.com\/our-products\/"},{"@type":"ListItem","position":3,"name":"Plush Balaclavas"}]},{"@type":"WebSite","@id":"https:\/\/www.mdxone.com\/en\/#website","url":"https:\/\/www.mdxone.com\/en\/","name":"MDXOne","description":"","publisher":{"@id":"https:\/\/www.mdxone.com\/en\/#organization"},"potentialAction":[{"@type":"SearchAction","target":{"@type":"EntryPoint","urlTemplate":"https:\/\/www.mdxone.com\/en\/?s={search_term_string}"},"query-input":{"@type":"PropertyValueSpecification","valueRequired":true,"valueName":"search_term_string"}}],"inLanguage":"fr-CA"},{"@type":"Organization","@id":"https:\/\/www.mdxone.com\/en\/#organization","name":"MDXONE","url":"https:\/\/www.mdxone.com\/en\/","logo":{"@type":"ImageObject","inLanguage":"fr-CA","@id":"https:\/\/www.mdxone.com\/en\/#\/schema\/logo\/image\/","url":"https:\/\/i0.wp.com\/www.mdxone.com\/wp-content\/uploads\/2023\/10\/cropped-MDXONE-favicon.png?fit=512%2C512&ssl=1","contentUrl":"https:\/\/i0.wp.com\/www.mdxone.com\/wp-content\/uploads\/2023\/10\/cropped-MDXONE-favicon.png?fit=512%2C512&ssl=1","width":512,"height":512,"caption":"MDXONE"},"image":{"@id":"https:\/\/www.mdxone.com\/en\/#\/schema\/logo\/image\/"},"sameAs":["https:\/\/www.facebook.com\/Mdxone-148452148682708\/","https:\/\/x.com\/mdxone"]}]}},"featured_img":"https:\/\/www.mdxone.com\/wp-content\/uploads\/2024\/10\/20250315_155828000_iOS.jpg","coauthors":[],"author_meta":{"author_link":"https:\/\/www.mdxone.com\/fr\/author\/wendy-mdxone\/","display_name":"Wendy mdxone"},"relative_dates":{"created":"Posted 2 ann\u00e9es ago","modified":"Updated 4 mois ago"},"absolute_dates":{"created":"Posted on octobre 21, 2024","modified":"Updated on janvier 22, 2026"},"absolute_dates_time":{"created":"Posted on octobre 21, 2024 12:59 pm","modified":"Updated on janvier 22, 2026 12:35 pm"},"featured_img_caption":"","tax_additional":{"product_brand":{"linked":[],"unlinked":[],"slug":"product_brand","name":"Marques"},"product_type":{"linked":["<a href=\"https:\/\/www.mdxone.com\/fr\/?taxonomy=product_type&#038;term=variable\" class=\"advgb-post-tax-term\">variable<\/a>"],"unlinked":["<span class=\"advgb-post-tax-term\">variable<\/span>"],"slug":"product_type","name":"Type de produit"},"product_visibility":{"linked":[],"unlinked":[],"slug":"product_visibility","name":"Visibilit\u00e9 du produit"},"product_cat":{"linked":["<a href=\"https:\/\/www.mdxone.com\/fr\/categorie-produit\/accessories\/\" class=\"advgb-post-tax-term\">Accessories<\/a>","<a href=\"https:\/\/www.mdxone.com\/fr\/categorie-produit\/balaclavas\/\" class=\"advgb-post-tax-term\">Balaclavas<\/a>","<a href=\"https:\/\/www.mdxone.com\/fr\/categorie-produit\/our-products\/\" class=\"advgb-post-tax-term\">Our Products<\/a>"],"unlinked":["<span class=\"advgb-post-tax-term\">Accessories<\/span>","<span class=\"advgb-post-tax-term\">Balaclavas<\/span>","<span class=\"advgb-post-tax-term\">Our Products<\/span>"],"slug":"product_cat","name":"Cat\u00e9gories de produits"},"product_tag":{"linked":[],"unlinked":[],"slug":"product_tag","name":"\u00c9tiquettes produit"},"product_shipping_class":{"linked":[],"unlinked":[],"slug":"product_shipping_class","name":"Classe de livraison du produit"},"pos_product_visibility":{"linked":[],"unlinked":[],"slug":"pos_product_visibility","name":"POS Visibilit\u00e9 des produits"},"pa_color":{"linked":[],"unlinked":[],"slug":"pa_color","name":"Produit Choisissez votre couleur :"},"pa_double-plush":{"linked":["<a href=\"https:\/\/www.mdxone.com\/fr\/?taxonomy=pa_double-plush&#038;term=blue-giraffe\" class=\"advgb-post-tax-term\">BLUE GIRAFFE<\/a>","<a href=\"https:\/\/www.mdxone.com\/fr\/?taxonomy=pa_double-plush&#038;term=mountain-blue\" class=\"advgb-post-tax-term\">BLUE-MOUNTAIN<\/a>","<a href=\"https:\/\/www.mdxone.com\/fr\/?taxonomy=pa_double-plush&#038;term=cheetah\" class=\"advgb-post-tax-term\">CHEETAH<\/a>","<a href=\"https:\/\/www.mdxone.com\/fr\/?taxonomy=pa_double-plush&#038;term=giraffe\" class=\"advgb-post-tax-term\">GIRAFFE<\/a>","<a href=\"https:\/\/www.mdxone.com\/fr\/?taxonomy=pa_double-plush&#038;term=hearts-pink\" class=\"advgb-post-tax-term\">HEARTS PINK<\/a>","<a href=\"https:\/\/www.mdxone.com\/fr\/?taxonomy=pa_double-plush&#038;term=jaguar\" class=\"advgb-post-tax-term\">JAGUAR<\/a>","<a href=\"https:\/\/www.mdxone.com\/fr\/?taxonomy=pa_double-plush&#038;term=leopard\" class=\"advgb-post-tax-term\">LEOPARD<\/a>","<a href=\"https:\/\/www.mdxone.com\/fr\/?taxonomy=pa_double-plush&#038;term=multi\" class=\"advgb-post-tax-term\">MULTI<\/a>","<a href=\"https:\/\/www.mdxone.com\/fr\/?taxonomy=pa_double-plush&#038;term=panda\" class=\"advgb-post-tax-term\">PANDA<\/a>","<a href=\"https:\/\/www.mdxone.com\/fr\/?taxonomy=pa_double-plush&#038;term=pink-mountain\" class=\"advgb-post-tax-term\">PINK-MOUNTAIN<\/a>","<a href=\"https:\/\/www.mdxone.com\/fr\/?taxonomy=pa_double-plush&#038;term=snow-leopard\" class=\"advgb-post-tax-term\">SNOW LEOPARD<\/a>"],"unlinked":["<span class=\"advgb-post-tax-term\">BLUE GIRAFFE<\/span>","<span class=\"advgb-post-tax-term\">BLUE-MOUNTAIN<\/span>","<span class=\"advgb-post-tax-term\">CHEETAH<\/span>","<span class=\"advgb-post-tax-term\">GIRAFFE<\/span>","<span class=\"advgb-post-tax-term\">HEARTS PINK<\/span>","<span class=\"advgb-post-tax-term\">JAGUAR<\/span>","<span class=\"advgb-post-tax-term\">LEOPARD<\/span>","<span class=\"advgb-post-tax-term\">MULTI<\/span>","<span class=\"advgb-post-tax-term\">PANDA<\/span>","<span class=\"advgb-post-tax-term\">PINK-MOUNTAIN<\/span>","<span class=\"advgb-post-tax-term\">SNOW LEOPARD<\/span>"],"slug":"pa_double-plush","name":"Produit Choisissez votre style :"},"pa_facemask":{"linked":[],"unlinked":[],"slug":"pa_facemask","name":"Produit Choisissez votre couleur :"},"pa_fleece-balaclava":{"linked":[],"unlinked":[],"slug":"pa_fleece-balaclava","name":"Produit Style"},"pa_language":{"linked":[],"unlinked":[],"slug":"pa_language","name":"Produit Choose Language"},"pa_no-pompoms":{"linked":[],"unlinked":[],"slug":"pa_no-pompoms","name":"Produit No Pompoms"},"pa_on-sale":{"linked":[],"unlinked":[],"slug":"pa_on-sale","name":"Produit EN VENTE"},"pa_outlet-balaclavas":{"linked":[],"unlinked":[],"slug":"pa_outlet-balaclavas","name":"Produit Choisissez votre couleur :"},"pa_parts":{"linked":[],"unlinked":[],"slug":"pa_parts","name":"Produit Parts"},"pa_pom-poms":{"linked":[],"unlinked":[],"slug":"pa_pom-poms","name":"Produit Choisissez votre couleur :"},"pa_seat-harness":{"linked":[],"unlinked":[],"slug":"pa_seat-harness","name":"Produit Seat Harness"},"pa_size":{"linked":[],"unlinked":[],"slug":"pa_size","name":"Produit Size"},"pa_sticker-pack":{"linked":[],"unlinked":[],"slug":"pa_sticker-pack","name":"Produit STICKER PACK"},"pa_tow-buddy":{"linked":[],"unlinked":[],"slug":"pa_tow-buddy","name":"Produit Tow Buddy"},"pa_with-pompoms":{"linked":[],"unlinked":[],"slug":"pa_with-pompoms","name":"Produit With Pompoms"},"pa_yeti-goggles":{"linked":[],"unlinked":[],"slug":"pa_yeti-goggles","name":"Produit Choisissez votre couleur :"},"pa_yeti-stuffy":{"linked":[],"unlinked":[],"slug":"pa_yeti-stuffy","name":"Produit Choisissez votre Yeti :"}},"series_order":"","_links":{"self":[{"href":"https:\/\/www.mdxone.com\/fr\/wp-json\/wp\/v2\/product\/22402","targetHints":{"allow":["GET"]}}],"collection":[{"href":"https:\/\/www.mdxone.com\/fr\/wp-json\/wp\/v2\/product"}],"about":[{"href":"https:\/\/www.mdxone.com\/fr\/wp-json\/wp\/v2\/types\/product"}],"replies":[{"embeddable":true,"href":"https:\/\/www.mdxone.com\/fr\/wp-json\/wp\/v2\/comments?post=22402"}],"wp:featuredmedia":[{"embeddable":true,"href":"https:\/\/www.mdxone.com\/fr\/wp-json\/wp\/v2\/media\/23649"}],"wp:attachment":[{"href":"https:\/\/www.mdxone.com\/fr\/wp-json\/wp\/v2\/media?parent=22402"}],"wp:term":[{"taxonomy":"product_brand","embeddable":true,"href":"https:\/\/www.mdxone.com\/fr\/wp-json\/wp\/v2\/product_brand?post=22402"},{"taxonomy":"product_cat","embeddable":true,"href":"https:\/\/www.mdxone.com\/fr\/wp-json\/wp\/v2\/product_cat?post=22402"},{"taxonomy":"product_tag","embeddable":true,"href":"https:\/\/www.mdxone.com\/fr\/wp-json\/wp\/v2\/product_tag?post=22402"}],"curies":[{"name":"wp","href":"https:\/\/api.w.org\/{rel}","templated":true}]}}